{"id":4375,"date":"2026-03-27T03:12:23","date_gmt":"2026-03-27T03:12:23","guid":{"rendered":"https:\/\/yh-audio.com\/?post_type=product&#038;p=4375"},"modified":"2026-04-01T08:24:31","modified_gmt":"2026-04-01T08:24:31","slug":"yh-mdx22","status":"publish","type":"product","link":"https:\/\/yh-audio.com\/de\/product\/yh-mdx22\/","title":{"rendered":"YH-MDX22"},"content":{"rendered":"<div class=\"kmb-widget-row\">\n<div class=\"kmb-widget-col md_w-2-3-1\">\n<div class=\"kmb-product-title-head\">\n<h4 class=\"kmb-widget-rich-text kmb-product-name kmb-widget-title-h4\" data-max-chars=\"120\"><span class=\"kmb-live-tag-label kmb-rich-text-paragraph\"><span class=\"kmb-color-tag-label\">MDX22 Digitalmixer<\/span><\/span><\/h4>\n<\/div>\n<\/div>\n<\/div>\n<div class=\"kmb-product-details-row\">\n<div class=\"kmb-product-details w-full\">\n<div class=\"kmb-description-block kmb-widget-el-group hidden md_block\">\n<div class=\"kmb-widget-rich-text kmb-product-description kmb-widget-text-body2 kmb-site-font-14\" data-max-chars=\"120\">\n<p class=\"kmb-live-tag-label kmb-rich-text-paragraph\"><span class=\"kmb-color-tag-label\">Hauptdisplay: 156 mm x 90 mm (6,1\u2033 x 3,5\u2033), 7\u2033 hochaufl\u00f6sender TFT-Farb-LCD-Bildschirm mit kapazitivem Touchscreen. Kanalf\u00fchrer-Bildschirme: 13 St\u00fcck, jeweils 1,44\u2033 Farb-TFT-LCD-Bildschirme. Beleuchtung: Integrierte, eingebettete Echtfarben-LED mit 9 w\u00e4hlbaren Farben und einstellbarer Helligkeit. Fader: 100 mm motorisierte Smart-Control-Fader mit 1024 Stufen, Regelbereich +10 dB bis -60 dB\/-\u221e. Audioeing\u00e4nge: 22 Kan\u00e4le: 16 Mikrofon-\/Line-Eing\u00e4nge (symmetrische XLR\/TRS-Kombibuchsen), 2 Stereo-Line-Eing\u00e4nge (symmetrische 6,35-mm-TRS-Klinkenbuchsen), 1 Stereo-USB- oder Bluetooth-Wiedergabe. Audioausg\u00e4nge: 18 Kan\u00e4le: 8 MIX-Bus-Ausg\u00e4nge (symmetrische XLR-Ausg\u00e4nge), 4 MTRX-Bus-Ausg\u00e4nge (symmetrische 6,35-mm-TRS-Klinkenbuchsen), 1 Stereo-Main-Out L\/R (symmetrische XLR-Ausg\u00e4nge), 1 Stereo-USB-Aufnahme, 1 Stereo-Monitorausgang (6,35-mm-TRS-Stereo-Klinkenbuchse, Kopfh\u00f6rer mit minimaler Impedanz von 16 \u03a9). Eingangskanalbearbeitung: Digital gesteuerte analoge Verst\u00e4rkungsregelung, Polarit\u00e4tsregelung, 4-stufige Pre-Fader\/Post-Fader-Quellenauswahl, 4-Band-Parametric-Equalizer (PEQ), Hochpassfilter, Tiefpassfilter, Noise Gate, Kompressor\/Limiter. Ausgangskanalbearbeitung: 15-Band-Grafik-Equalizer (GEQ), Hochpass- und Tiefpassfilter, 4-Band-Parametric-Equalizer (PEQ), Kompressor\/Limiter. Verz\u00f6gerung (maximal 500 ms). Aufnahmefunktion: Stereo-Zweikanalaufnahme. W\u00e4hlen Sie einen Stereoausgang (Main-L\/R oder MIX1\/MIX2, MIX3\/MIX4, MIX5\/MIX6, MIX7\/MIX8) als Aufnahmequelle. Gruppierung: 12 DCA-Gruppen (mit Stummschaltung), 8 Stummschaltungsgruppen. Benutzerdefinierte Fader: 12 frei belegbare Fader mit grafischer Drag-and-Drop-Bearbeitung f\u00fcr eine WYSIWYG-Oberfl\u00e4che (What You See Is What You Get). Unterst\u00fctzt den Start des Ger\u00e4ts direkt in der benutzerdefinierten Fader-Ansicht. Effekte: 4 professionelle Effektprozessoren: Chorus, Flanger, Pitch-Shift, Reverb, Stereo-Delay, mit 60 Werkspresets (FX-Presets) und benutzerfreundlichen benutzerdefinierten Presets. Presets: Mixer-Presets: Werks- und Benutzerpresets erm\u00f6glichen das interne Speichern aller Mixerparameter oder das Hochladen von einem USB-Speicherger\u00e4t auf den Mixer. Kanal-Presets: Benutzerdefinierte Kanal-Presets k\u00f6nnen intern gespeichert werden. oder von einem USB-Laufwerk auf den Mixer hochgeladen. Szenenmodi: 6 Schnellzugriffstasten f\u00fcr Szenen (Speichern\/L\u00f6schen\/Wiederaufrufen\/Exportieren\/Importieren). Externe Steuerung: Interaktive Audio-Management-App f\u00fcr Android oder Apple iPad zur Steuerung nahezu aller Parameter per WLAN f\u00fcr einfache Fernbedienung. WLAN: USB-WLAN-Adapter im Lieferumfang enthalten. Bluetooth: USB-Bluetooth-Adapter im Lieferumfang enthalten. Abtastfrequenz\/Bittiefe: 48 kHz\/24 Bit. Signallatenz: Weniger als 3,3 ms von jedem Eingang zu jedem Ausgang.<\/span><\/p>\n<\/div>\n<\/div>\n<\/div>\n<\/div>","protected":false},"excerpt":{"rendered":"<h4 class=\"kmb-widget-rich-text kmb-product-name kmb-widget-title-h4\" data-max-chars=\"120\"><span class=\"kmb-live-tag-label kmb-rich-text-paragraph\"><span class=\"kmb-color-tag-label\">MDX22 Digitalmixer<\/span><\/span><span class=\"kmb-live-tag-label kmb-rich-text-paragraph\" dir=\"\"><span class=\"kmb-color-tag-label kmb-rich-text\" data-text-size=\"14px\" data-text-family=\"&quot;Microsoft YaHei&quot;, SimSun\"> Konsole<\/span><\/span><\/h4>","protected":false},"featured_media":4351,"template":"","meta":[],"product_brand":[308],"product_cat":[304,40],"product_tag":[307],"class_list":{"0":"post-4375","1":"product","2":"type-product","3":"status-publish","4":"has-post-thumbnail","6":"product_brand-oem-yh-audio","7":"product_cat-digital-mixing-console","8":"product_cat-mixer","9":"product_tag-mdx22","11":"first","12":"instock","13":"shipping-taxable","14":"product-type-simple"},"_links":{"self":[{"href":"https:\/\/yh-audio.com\/de\/wp-json\/wp\/v2\/product\/4375","targetHints":{"allow":["GET"]}}],"collection":[{"href":"https:\/\/yh-audio.com\/de\/wp-json\/wp\/v2\/product"}],"about":[{"href":"https:\/\/yh-audio.com\/de\/wp-json\/wp\/v2\/types\/product"}],"version-history":[{"count":2,"href":"https:\/\/yh-audio.com\/de\/wp-json\/wp\/v2\/product\/4375\/revisions"}],"predecessor-version":[{"id":4531,"href":"https:\/\/yh-audio.com\/de\/wp-json\/wp\/v2\/product\/4375\/revisions\/4531"}],"wp:featuredmedia":[{"embeddable":true,"href":"https:\/\/yh-audio.com\/de\/wp-json\/wp\/v2\/media\/4351"}],"wp:attachment":[{"href":"https:\/\/yh-audio.com\/de\/wp-json\/wp\/v2\/media?parent=4375"}],"wp:term":[{"taxonomy":"product_brand","embeddable":true,"href":"https:\/\/yh-audio.com\/de\/wp-json\/wp\/v2\/product_brand?post=4375"},{"taxonomy":"product_cat","embeddable":true,"href":"https:\/\/yh-audio.com\/de\/wp-json\/wp\/v2\/product_cat?post=4375"},{"taxonomy":"product_tag","embeddable":true,"href":"https:\/\/yh-audio.com\/de\/wp-json\/wp\/v2\/product_tag?post=4375"}],"curies":[{"name":"wp","href":"https:\/\/api.w.org\/{rel}","templated":true}]}}