{"id":4377,"date":"2026-03-27T03:18:30","date_gmt":"2026-03-27T03:18:30","guid":{"rendered":"https:\/\/yh-audio.com\/?post_type=product&#038;p=4377"},"modified":"2026-04-01T08:24:21","modified_gmt":"2026-04-01T08:24:21","slug":"yh-x12","status":"publish","type":"product","link":"https:\/\/yh-audio.com\/de\/product\/yh-x12\/","title":{"rendered":"YH-X12"},"content":{"rendered":"<div class=\"kmb-widget-row\">\n<div class=\"kmb-widget-col md_w-2-3-1\">\n<div class=\"kmb-product-title-head\">\n<h4 class=\"kmb-widget-rich-text kmb-product-name kmb-widget-title-h4\" data-max-chars=\"120\"><span class=\"kmb-live-tag-label kmb-rich-text-paragraph\" dir=\"\"><span class=\"kmb-color-tag-label kmb-rich-text\" data-text-size=\"14px\" data-text-family=\"&quot;Microsoft YaHei&quot;, SimSun\">X12 12-Kanal-Profimischpult<\/span><\/span><\/h4>\n<\/div>\n<\/div>\n<\/div>\n<div class=\"kmb-product-details-row\">\n<div class=\"kmb-product-details w-full\">\n<div class=\"kmb-description-block kmb-widget-el-group hidden md_block\">\n<div class=\"kmb-widget-rich-text kmb-product-description kmb-widget-text-body2 kmb-site-font-14\" data-max-chars=\"120\">\n<p class=\"kmb-live-tag-label kmb-rich-text-paragraph\" dir=\"\">Der 12-Kanal-Eingang umfasst: 8 Mikrofoneing\u00e4nge, 2 Stereoeing\u00e4nge und 2 digitale Stereoeing\u00e4nge (USB-Wiedergabe, USB-Soundkarte\/Lichtwellenleiter-Eingang). Der 16-Kanal-Eingang umfasst: 12 Mikrofoneing\u00e4nge, 2 Stereoeing\u00e4nge und 2 digitale Stereoeing\u00e4nge (USB-Wiedergabe, USB-Soundkarte\/Lichtwellenleiter-Eingang).<\/p>\n<\/div>\n<\/div>\n<\/div>\n<\/div>","protected":false},"excerpt":{"rendered":"<h4 class=\"kmb-widget-rich-text kmb-product-name kmb-widget-title-h4\" data-max-chars=\"120\"><span class=\"kmb-live-tag-label kmb-rich-text-paragraph\" dir=\"\"><span class=\"kmb-color-tag-label kmb-rich-text\" data-text-size=\"14px\" data-text-family=\"&quot;Microsoft YaHei&quot;, SimSun\">X12 12-Kanal-Profimischpult<\/span><\/span><\/h4>","protected":false},"featured_media":4358,"template":"","meta":[],"product_brand":[308],"product_cat":[40,306],"product_tag":[],"class_list":{"0":"post-4377","1":"product","2":"type-product","3":"status-publish","4":"has-post-thumbnail","6":"product_brand-oem-yh-audio","7":"product_cat-mixer","8":"product_cat-pro-mixing-console","10":"first","11":"instock","12":"shipping-taxable","13":"product-type-simple"},"_links":{"self":[{"href":"https:\/\/yh-audio.com\/de\/wp-json\/wp\/v2\/product\/4377","targetHints":{"allow":["GET"]}}],"collection":[{"href":"https:\/\/yh-audio.com\/de\/wp-json\/wp\/v2\/product"}],"about":[{"href":"https:\/\/yh-audio.com\/de\/wp-json\/wp\/v2\/types\/product"}],"version-history":[{"count":2,"href":"https:\/\/yh-audio.com\/de\/wp-json\/wp\/v2\/product\/4377\/revisions"}],"predecessor-version":[{"id":4530,"href":"https:\/\/yh-audio.com\/de\/wp-json\/wp\/v2\/product\/4377\/revisions\/4530"}],"wp:featuredmedia":[{"embeddable":true,"href":"https:\/\/yh-audio.com\/de\/wp-json\/wp\/v2\/media\/4358"}],"wp:attachment":[{"href":"https:\/\/yh-audio.com\/de\/wp-json\/wp\/v2\/media?parent=4377"}],"wp:term":[{"taxonomy":"product_brand","embeddable":true,"href":"https:\/\/yh-audio.com\/de\/wp-json\/wp\/v2\/product_brand?post=4377"},{"taxonomy":"product_cat","embeddable":true,"href":"https:\/\/yh-audio.com\/de\/wp-json\/wp\/v2\/product_cat?post=4377"},{"taxonomy":"product_tag","embeddable":true,"href":"https:\/\/yh-audio.com\/de\/wp-json\/wp\/v2\/product_tag?post=4377"}],"curies":[{"name":"wp","href":"https:\/\/api.w.org\/{rel}","templated":true}]}}