{"id":4379,"date":"2026-03-27T03:20:36","date_gmt":"2026-03-27T03:20:36","guid":{"rendered":"https:\/\/yh-audio.com\/?post_type=product&#038;p=4379"},"modified":"2026-04-01T08:24:14","modified_gmt":"2026-04-01T08:24:14","slug":"yh-x16","status":"publish","type":"product","link":"https:\/\/yh-audio.com\/de\/product\/yh-x16\/","title":{"rendered":"YH-X16"},"content":{"rendered":"<h4 class=\"kmb-widget-rich-text kmb-product-name kmb-widget-title-h4\" data-max-chars=\"120\"><span class=\"kmb-live-tag-label kmb-rich-text-paragraph\" dir=\"\"><span class=\"kmb-color-tag-label kmb-rich-text\" data-text-size=\"14px\" data-text-family=\"&quot;Microsoft YaHei&quot;, SimSun\">X16 16-Kanal-Profimischpult<\/span><\/span><\/h4>\n<p>Der 16-Kanal-Eingang umfasst: 14 Mikrofoneing\u00e4nge, 2 Stereoeing\u00e4nge und 2 digitale Stereoeing\u00e4nge (USB-Wiedergabe, USB-Soundkarte\/Lichtwellenleiter-Eingang). Der 16-Kanal-Eingang umfasst: 12 Mikrofoneing\u00e4nge, 2 Stereoeing\u00e4nge und 2 digitale Stereoeing\u00e4nge (USB-Wiedergabe, USB-Soundkarte\/Lichtwellenleiter-Eingang).<\/p>","protected":false},"excerpt":{"rendered":"<p>X16 16-Kanal-Profimischpult<\/p>","protected":false},"featured_media":4359,"template":"","meta":[],"product_brand":[308],"product_cat":[40,306],"product_tag":[],"class_list":{"0":"post-4379","1":"product","2":"type-product","3":"status-publish","4":"has-post-thumbnail","6":"product_brand-oem-yh-audio","7":"product_cat-mixer","8":"product_cat-pro-mixing-console","10":"first","11":"instock","12":"shipping-taxable","13":"product-type-simple"},"_links":{"self":[{"href":"https:\/\/yh-audio.com\/de\/wp-json\/wp\/v2\/product\/4379","targetHints":{"allow":["GET"]}}],"collection":[{"href":"https:\/\/yh-audio.com\/de\/wp-json\/wp\/v2\/product"}],"about":[{"href":"https:\/\/yh-audio.com\/de\/wp-json\/wp\/v2\/types\/product"}],"version-history":[{"count":2,"href":"https:\/\/yh-audio.com\/de\/wp-json\/wp\/v2\/product\/4379\/revisions"}],"predecessor-version":[{"id":4529,"href":"https:\/\/yh-audio.com\/de\/wp-json\/wp\/v2\/product\/4379\/revisions\/4529"}],"wp:featuredmedia":[{"embeddable":true,"href":"https:\/\/yh-audio.com\/de\/wp-json\/wp\/v2\/media\/4359"}],"wp:attachment":[{"href":"https:\/\/yh-audio.com\/de\/wp-json\/wp\/v2\/media?parent=4379"}],"wp:term":[{"taxonomy":"product_brand","embeddable":true,"href":"https:\/\/yh-audio.com\/de\/wp-json\/wp\/v2\/product_brand?post=4379"},{"taxonomy":"product_cat","embeddable":true,"href":"https:\/\/yh-audio.com\/de\/wp-json\/wp\/v2\/product_cat?post=4379"},{"taxonomy":"product_tag","embeddable":true,"href":"https:\/\/yh-audio.com\/de\/wp-json\/wp\/v2\/product_tag?post=4379"}],"curies":[{"name":"wp","href":"https:\/\/api.w.org\/{rel}","templated":true}]}}