{"id":4381,"date":"2026-03-27T03:22:52","date_gmt":"2026-03-27T03:22:52","guid":{"rendered":"https:\/\/yh-audio.com\/?post_type=product&#038;p=4381"},"modified":"2026-04-01T08:24:08","modified_gmt":"2026-04-01T08:24:08","slug":"yh-md16","status":"publish","type":"product","link":"https:\/\/yh-audio.com\/de\/product\/yh-md16\/","title":{"rendered":"YH-MD16"},"content":{"rendered":"<h4 class=\"kmb-widget-rich-text kmb-product-name kmb-widget-title-h4\" data-max-chars=\"120\"><span class=\"kmb-live-tag-label kmb-rich-text-paragraph\" dir=\"\"><span class=\"kmb-color-tag-label kmb-rich-text\" data-text-size=\"14px\" data-text-family=\"&quot;Microsoft YaHei&quot;, SimSun\" data-imt-p=\"1\">MD16 16-Kanal professionelles digitales Mischpult <\/span><\/span><span class=\"kmb-live-tag-label kmb-rich-text-paragraph\" dir=\"\"><span class=\"kmb-color-tag-label kmb-rich-text\" data-text-size=\"14px\" data-text-family=\"&quot;Microsoft YaHei&quot;, SimSun\">Konsole<\/span><\/span><\/h4>\n<p>\u2022 16 (20) Kanaleing\u00e4nge: 12 (16) Mikrofoneing\u00e4nge, 2 Stereoeing\u00e4nge und 2 digitale Stereoeing\u00e4nge (USB-Wiedergabe, USB-Soundkarte\/Lichtwellenleiter-Eingang). \u2022 6 AUX-Ausgangskan\u00e4le: 1 Stereo-Hauptausgang, 1 Stereo-Monitorausgang, 2 digitale Stereoausg\u00e4nge (USB-Soundkarte, USB-Aufnahme). \u2022 Alle Eingangskan\u00e4le verf\u00fcgen \u00fcber unabh\u00e4ngige Hochpass-, Tiefpass-, parametrische Equalizer (PEQ), Kompressor, Noise Gate und Phasenkorrektur. \u2022 Alle Mikrofoneing\u00e4nge bieten eine hochwertige, programmierbare digitale Verst\u00e4rkungsregelung und unabh\u00e4ngige Phantomspeisung. \u2022 Alle AUX-Ausgangskan\u00e4le verf\u00fcgen \u00fcber unabh\u00e4ngige Frequenzteiler, PEQ, Kompressor, Delay-Verarbeitung, eine dreistufige Frequenzverschiebung zur Unterdr\u00fcckung von R\u00fcckkopplungen und eine Auswahlm\u00f6glichkeit zwischen Ausgangsfader (vorne\/hinten). \u2022 Der Stereo-Hauptausgangskanal verf\u00fcgt \u00fcber unabh\u00e4ngige Frequenzteiler, PEQ, Kompressor, Delay-Verarbeitung und eine Frequenzverschiebung zur Unterdr\u00fcckung von R\u00fcckkopplungen (Stufe 3). \u2022 Die voreingestellten Kanalnamen k\u00f6nnen angepasst und ge\u00e4ndert werden. \u2022 Alle Ein- und Ausgangskan\u00e4le unterst\u00fctzen beliebige benutzerdefinierte Konfigurationen. \u2022 Alle Einstellungsparameter dieses Ger\u00e4ts k\u00f6nnen angepasst werden. Gespeicherte Funktionen k\u00f6nnen aufgerufen werden. Zwei unabh\u00e4ngige professionelle Stereoeffekte mit separatem \u00dcbertragungsbus sind integriert, und verschiedene Effektarten sind optional verf\u00fcgbar. Zus\u00e4tzlich werden 16 benutzerdefinierte Effektmodi unterst\u00fctzt. \u2022 Der integrierte USB-Player unterst\u00fctzt Echtzeit-Stereoaufnahme und -wiedergabe. Die integrierte USB-Soundkarte erm\u00f6glicht Echtzeit-Aufnahme und -Wiedergabe am PC. \u2022 Benutzerdefinierte Szenen k\u00f6nnen gespeichert und aufgerufen werden. \u2022 Das Ger\u00e4t verf\u00fcgt \u00fcber ein separates Administratorpasswort und ein anpassbares Benutzerpasswort. Das Administratorpasswort gilt sowohl f\u00fcr den lokalen Betrieb als auch f\u00fcr den Zugriff \u00fcber mobile Endger\u00e4te.<\/p>","protected":false},"excerpt":{"rendered":"<h4 class=\"kmb-widget-rich-text kmb-product-name kmb-widget-title-h4\" data-max-chars=\"120\"><span class=\"kmb-live-tag-label kmb-rich-text-paragraph\" dir=\"\"><span class=\"kmb-color-tag-label kmb-rich-text\" data-text-size=\"14px\" data-text-family=\"&quot;Microsoft YaHei&quot;, SimSun\">MD16 16-Kanal professionelles digitales Mischpult<\/span><\/span><\/h4>","protected":false},"featured_media":4364,"template":"","meta":[],"product_brand":[308],"product_cat":[304,40],"product_tag":[],"class_list":{"0":"post-4381","1":"product","2":"type-product","3":"status-publish","4":"has-post-thumbnail","6":"product_brand-oem-yh-audio","7":"product_cat-digital-mixing-console","8":"product_cat-mixer","10":"first","11":"instock","12":"shipping-taxable","13":"product-type-simple"},"_links":{"self":[{"href":"https:\/\/yh-audio.com\/de\/wp-json\/wp\/v2\/product\/4381","targetHints":{"allow":["GET"]}}],"collection":[{"href":"https:\/\/yh-audio.com\/de\/wp-json\/wp\/v2\/product"}],"about":[{"href":"https:\/\/yh-audio.com\/de\/wp-json\/wp\/v2\/types\/product"}],"version-history":[{"count":2,"href":"https:\/\/yh-audio.com\/de\/wp-json\/wp\/v2\/product\/4381\/revisions"}],"predecessor-version":[{"id":4528,"href":"https:\/\/yh-audio.com\/de\/wp-json\/wp\/v2\/product\/4381\/revisions\/4528"}],"wp:featuredmedia":[{"embeddable":true,"href":"https:\/\/yh-audio.com\/de\/wp-json\/wp\/v2\/media\/4364"}],"wp:attachment":[{"href":"https:\/\/yh-audio.com\/de\/wp-json\/wp\/v2\/media?parent=4381"}],"wp:term":[{"taxonomy":"product_brand","embeddable":true,"href":"https:\/\/yh-audio.com\/de\/wp-json\/wp\/v2\/product_brand?post=4381"},{"taxonomy":"product_cat","embeddable":true,"href":"https:\/\/yh-audio.com\/de\/wp-json\/wp\/v2\/product_cat?post=4381"},{"taxonomy":"product_tag","embeddable":true,"href":"https:\/\/yh-audio.com\/de\/wp-json\/wp\/v2\/product_tag?post=4381"}],"curies":[{"name":"wp","href":"https:\/\/api.w.org\/{rel}","templated":true}]}}