{"id":4383,"date":"2026-03-27T03:25:00","date_gmt":"2026-03-27T03:25:00","guid":{"rendered":"https:\/\/yh-audio.com\/?post_type=product&#038;p=4383"},"modified":"2026-04-01T08:24:01","modified_gmt":"2026-04-01T08:24:01","slug":"yh-md20","status":"publish","type":"product","link":"https:\/\/yh-audio.com\/de\/product\/yh-md20\/","title":{"rendered":"YH-MD20"},"content":{"rendered":"<h4 class=\"kmb-widget-rich-text kmb-product-name kmb-widget-title-h4\" data-max-chars=\"120\"><span class=\"kmb-live-tag-label kmb-rich-text-paragraph\" dir=\"\"><span class=\"kmb-color-tag-label kmb-rich-text\" data-text-size=\"14px\" data-text-family=\"&quot;Microsoft YaHei&quot;, SimSun\" data-imt-p=\"1\">MD20 20-Kanal professionelles digitales Mischpult<span class=\"notranslate immersive-translate-target-wrapper\" lang=\"zh-CN\"><br \/>\n<\/span><\/span><\/span><\/h4>\n<p class=\"kmb-live-tag-label kmb-rich-text-paragraph\" dir=\"\">\u2022 20 Kan\u00e4le, darunter: 16 Mikrofoneing\u00e4nge, 2 Stereoeing\u00e4nge und 2 digitale Stereoeing\u00e4nge (USB-Wiedergabe, USB-Soundkarte\/optischer Fasereingang)<\/p>\n<p class=\"kmb-live-tag-label kmb-rich-text-paragraph\" dir=\"\">\u20226 AUX-Ausgangskan\u00e4le: 1 Stereo-Hauptausgang, 1 Stereo-Monitorausgang, 2 digitale Stereoausg\u00e4nge (USB-Soundkarte, USB-Aufnahme)<\/p>\n<p class=\"kmb-live-tag-label kmb-rich-text-paragraph\" dir=\"\">\u2022Alle Eingangskan\u00e4le verf\u00fcgen \u00fcber unabh\u00e4ngige Hochpass-, Tiefpass-, PEQ-, Kompressor-, Noise-Gate- und Phasenbearbeitung.<\/p>\n<p class=\"kmb-live-tag-label kmb-rich-text-paragraph\" dir=\"\">\u2022Alle Mikrofon-Eingangskan\u00e4le verf\u00fcgen \u00fcber eine hochwertige, programmierbare digitale Verst\u00e4rkungsregelung und eine unabh\u00e4ngige Phantomspeisungsregelung.<\/p>\n<p class=\"kmb-live-tag-label kmb-rich-text-paragraph\" dir=\"\">\u2022Alle AUX-Ausgangskan\u00e4le verf\u00fcgen \u00fcber einen unabh\u00e4ngigen Frequenzteiler, PEQ, Kompressor, Delay-Verarbeitung, eine 3-stufige Anti-Howling-Frequenzverschiebungsfunktion und eine Auswahlm\u00f6glichkeit zwischen vorderem und hinterem Ausgangsfader.<\/p>\n<p class=\"kmb-live-tag-label kmb-rich-text-paragraph\" dir=\"\">\u2022Der Stereo-Hauptausgangskanal verf\u00fcgt \u00fcber einen unabh\u00e4ngigen Frequenzteiler, PEQ, Kompressor, Delay-Verarbeitung und eine Anti-Howling-Frequenzverschiebungsfunktion der Stufe 3.<\/p>\n<p class=\"kmb-live-tag-label kmb-rich-text-paragraph\" dir=\"\">\u2022Die voreingestellten Namen aller Kan\u00e4le k\u00f6nnen angepasst und die Namen neu geschrieben werden.<\/p>\n<p class=\"kmb-live-tag-label kmb-rich-text-paragraph\" dir=\"\">\u2022Alle Eingangs- und Ausgangskan\u00e4le unterst\u00fctzen beliebige benutzerdefinierte Replikationsprozesse.<\/p>\n<p class=\"kmb-live-tag-label kmb-rich-text-paragraph\" dir=\"\">Alle Einstellungsparameter dieses Ger\u00e4ts k\u00f6nnen gespeichert und Funktionen aufgerufen werden. Zwei unabh\u00e4ngige professionelle Stereoeffekte mit separatem \u00dcbertragungsbus sind integriert, und eine Vielzahl von Effekttypen ist optional verf\u00fcgbar. Zus\u00e4tzlich werden 16 benutzerdefinierte Effektmodi unterst\u00fctzt. Der integrierte USB-Player erm\u00f6glicht Echtzeit-Stereoaufnahme und -wiedergabe. Die integrierte USB-Soundkarte unterst\u00fctzt Echtzeit-Aufnahme und -wiedergabe am PC.<\/p>\n<p class=\"kmb-live-tag-label kmb-rich-text-paragraph\" dir=\"\" data-imt-p=\"1\">\u2022 Unterst\u00fctzung der Szenenspeicher- und Aufruffunktionen des Benutzers<span class=\"notranslate immersive-translate-target-wrapper\" lang=\"zh-CN\" style=\"\"><br \/>\n<\/span><\/p>\n<p class=\"kmb-live-tag-label kmb-rich-text-paragraph\" dir=\"\">\u2022Es verf\u00fcgt \u00fcber ein unabh\u00e4ngiges Administratorpasswort und eine anpassbare Benutzerpasswortschutzfunktion. Der Administratorpasswortschutz gilt gleichzeitig f\u00fcr lokale Vorg\u00e4nge und den Zugriff \u00fcber mobile Endger\u00e4te.<\/p>\n<p class=\"kmb-live-tag-label kmb-rich-text-paragraph\" dir=\"\">\u2022 7-Zoll-HD-Touchscreen (1280 x 800 Pixel) mit kapazitiver Technologie und Multi-Touch-Unterst\u00fctzung. Integrierter Webserver auf Basis von HTML5, integrierter WLAN-Hotspot, plattform\u00fcbergreifende Unterst\u00fctzung f\u00fcr Apple, Android, Windows und andere mobile Endger\u00e4te, Unterst\u00fctzung der Multi-Screen-Interaktion und umfassende Bedienung. Unterst\u00fctzt das zentrale Steuerungs- und Managementprotokoll und erm\u00f6glicht die Systemintegration.<\/p>\n<h4 class=\"kmb-widget-rich-text kmb-product-name kmb-widget-title-h4\" data-max-chars=\"120\"><span class=\"kmb-live-tag-label kmb-rich-text-paragraph\" dir=\"\"><span class=\"kmb-color-tag-label kmb-rich-text\" data-text-size=\"14px\" data-text-family=\"&quot;Microsoft YaHei&quot;, SimSun\" data-imt-p=\"1\"><span class=\"notranslate immersive-translate-target-wrapper\" lang=\"zh-CN\">\u00a0<\/span><\/span><\/span><\/h4>","protected":false},"excerpt":{"rendered":"<h4 class=\"kmb-widget-rich-text kmb-product-name kmb-widget-title-h4\" data-max-chars=\"120\"><span class=\"kmb-live-tag-label kmb-rich-text-paragraph\" dir=\"\"><span class=\"kmb-color-tag-label kmb-rich-text\" data-text-size=\"14px\" data-text-family=\"&quot;Microsoft YaHei&quot;, SimSun\">MD20 20-Kanal professionelles digitales Mischpult<\/span><\/span><\/h4>","protected":false},"featured_media":4367,"template":"","meta":[],"product_brand":[308],"product_cat":[304,40],"product_tag":[],"class_list":{"0":"post-4383","1":"product","2":"type-product","3":"status-publish","4":"has-post-thumbnail","6":"product_brand-oem-yh-audio","7":"product_cat-digital-mixing-console","8":"product_cat-mixer","10":"first","11":"instock","12":"shipping-taxable","13":"product-type-simple"},"_links":{"self":[{"href":"https:\/\/yh-audio.com\/de\/wp-json\/wp\/v2\/product\/4383","targetHints":{"allow":["GET"]}}],"collection":[{"href":"https:\/\/yh-audio.com\/de\/wp-json\/wp\/v2\/product"}],"about":[{"href":"https:\/\/yh-audio.com\/de\/wp-json\/wp\/v2\/types\/product"}],"version-history":[{"count":2,"href":"https:\/\/yh-audio.com\/de\/wp-json\/wp\/v2\/product\/4383\/revisions"}],"predecessor-version":[{"id":4527,"href":"https:\/\/yh-audio.com\/de\/wp-json\/wp\/v2\/product\/4383\/revisions\/4527"}],"wp:featuredmedia":[{"embeddable":true,"href":"https:\/\/yh-audio.com\/de\/wp-json\/wp\/v2\/media\/4367"}],"wp:attachment":[{"href":"https:\/\/yh-audio.com\/de\/wp-json\/wp\/v2\/media?parent=4383"}],"wp:term":[{"taxonomy":"product_brand","embeddable":true,"href":"https:\/\/yh-audio.com\/de\/wp-json\/wp\/v2\/product_brand?post=4383"},{"taxonomy":"product_cat","embeddable":true,"href":"https:\/\/yh-audio.com\/de\/wp-json\/wp\/v2\/product_cat?post=4383"},{"taxonomy":"product_tag","embeddable":true,"href":"https:\/\/yh-audio.com\/de\/wp-json\/wp\/v2\/product_tag?post=4383"}],"curies":[{"name":"wp","href":"https:\/\/api.w.org\/{rel}","templated":true}]}}