{"id":4385,"date":"2026-03-27T03:26:53","date_gmt":"2026-03-27T03:26:53","guid":{"rendered":"https:\/\/yh-audio.com\/?post_type=product&#038;p=4385"},"modified":"2026-04-01T08:23:54","modified_gmt":"2026-04-01T08:23:54","slug":"yh-t18","status":"publish","type":"product","link":"https:\/\/yh-audio.com\/de\/product\/yh-t18\/","title":{"rendered":"YH-T18"},"content":{"rendered":"<h4 class=\"kmb-widget-rich-text kmb-product-name kmb-widget-title-h4\" data-max-chars=\"120\"><span class=\"kmb-live-tag-label kmb-rich-text-paragraph\" dir=\"\">T18 18-Kanal professionelles digitales Mischpult<\/span><\/h4>\n<p class=\"kmb-live-tag-label kmb-rich-text-paragraph\" dir=\"\"><strong>Eingabekonfiguration<\/strong><\/p>\n<ul>\n<li>\n<p class=\"kmb-live-tag-label kmb-rich-text-paragraph\" dir=\"\"><strong>T18:<\/strong>\u00a014 Mikrofoneing\u00e4nge + 2 Stereoeing\u00e4nge + 2 digitale Stereoeing\u00e4nge (USB-Wiedergabe, USB-Soundkarte\/optischer Eingang)<\/p>\n<\/li>\n<\/ul>\n<p class=\"kmb-live-tag-label kmb-rich-text-paragraph\" dir=\"\"><strong>Ausgabekonfiguration<\/strong><\/p>\n<ul>\n<li>\n<p class=\"kmb-live-tag-label kmb-rich-text-paragraph\" dir=\"\">6 AUX-Ausg\u00e4nge, 1 Stereo-Hauptausgang, 1 Stereo-Monitorausgang, 2 digitale Stereoausg\u00e4nge (USB-Soundkarte, USB-Aufnahme)<\/p>\n<\/li>\n<\/ul>\n<p class=\"kmb-live-tag-label kmb-rich-text-paragraph\" dir=\"\"><strong>Kanalverarbeitung<\/strong><\/p>\n<ul>\n<li>\n<p class=\"kmb-live-tag-label kmb-rich-text-paragraph\" dir=\"\"><strong>Alle Eingangskan\u00e4le:<\/strong>\u00a0Unabh\u00e4ngiger Hochpassfilter, Tiefpassfilter, PEQ, Kompressor, Noise Gate und Phasensteuerung.<\/p>\n<\/li>\n<li>\n<p class=\"kmb-live-tag-label kmb-rich-text-paragraph\" dir=\"\"><strong>Mikrofoneing\u00e4nge:<\/strong>\u00a0Hochwertige, programmierbare digitale Verst\u00e4rkungsregelung und unabh\u00e4ngige Phantomspeisung.<\/p>\n<\/li>\n<li>\n<p class=\"kmb-live-tag-label kmb-rich-text-paragraph\" dir=\"\"><strong>AUX- und Hauptausg\u00e4nge:<\/strong>\u00a0Unabh\u00e4ngige Frequenzweiche, parametrischer Equalizer, Kompressor, Delay und dreistufige R\u00fcckkopplungsunterdr\u00fcckung (Frequenzverschiebung). Die AUX-Ausg\u00e4nge bieten zudem eine Pre\/Post-Fader-Auswahl.<\/p>\n<\/li>\n<\/ul>\n<p class=\"kmb-live-tag-label kmb-rich-text-paragraph\" dir=\"\"><strong>Routing &amp; Management<\/strong><\/p>\n<ul>\n<li>\n<p class=\"kmb-live-tag-label kmb-rich-text-paragraph\" dir=\"\">Spezielle Routing-Seiten f\u00fcr AUX- und Hauptausg\u00e4nge zur \u00fcbersichtlichen Visualisierung des Signalflusses und schnellen Parameterbearbeitung.<\/p>\n<\/li>\n<li>\n<p class=\"kmb-live-tag-label kmb-rich-text-paragraph\" dir=\"\">Anpassbare voreingestellte Namen f\u00fcr alle Kan\u00e4le.<\/p>\n<\/li>\n<li>\n<p class=\"kmb-live-tag-label kmb-rich-text-paragraph\" dir=\"\">Einstellungen k\u00f6nnen beliebig zwischen beliebigen Eingangs- und Ausgangskan\u00e4len kopiert werden.<\/p>\n<\/li>\n<li>\n<p class=\"kmb-live-tag-label kmb-rich-text-paragraph\" dir=\"\">Alle Ger\u00e4teeinstellungen speichern und abrufen.<\/p>\n<\/li>\n<\/ul>\n<p class=\"kmb-live-tag-label kmb-rich-text-paragraph\" dir=\"\"><strong>Auswirkungen &amp; Verarbeitung<\/strong><\/p>\n<ul>\n<li>\n<p class=\"kmb-live-tag-label kmb-rich-text-paragraph\" dir=\"\">Zwei unabh\u00e4ngige professionelle Stereo-Effektprozessoren mit dedizierten Send-Bussen und mehreren Effektarten.<\/p>\n<\/li>\n<li>\n<p class=\"kmb-live-tag-label kmb-rich-text-paragraph\" dir=\"\">16 vom Benutzer programmierbare Speicherpl\u00e4tze f\u00fcr benutzerdefinierte Effekte.<\/p>\n<\/li>\n<\/ul>\n<p class=\"kmb-live-tag-label kmb-rich-text-paragraph\" dir=\"\"><strong>Wiedergabe &amp; Aufnahme<\/strong><\/p>\n<ul>\n<li>\n<p class=\"kmb-live-tag-label kmb-rich-text-paragraph\" dir=\"\">Eingebauter USB-Player f\u00fcr Stereo-Aufnahme und -Wiedergabe in Echtzeit.<\/p>\n<\/li>\n<li>\n<p class=\"kmb-live-tag-label kmb-rich-text-paragraph\" dir=\"\">Eingebaute USB-Soundkarte f\u00fcr Echtzeitaufnahme\/-wiedergabe \u00fcber PC.<\/p>\n<\/li>\n<\/ul>\n<p class=\"kmb-live-tag-label kmb-rich-text-paragraph\" dir=\"\"><strong>System &amp; Steuerung<\/strong><\/p>\n<ul>\n<li>\n<p class=\"kmb-live-tag-label kmb-rich-text-paragraph\" dir=\"\">Benutzerszene speichern und abrufen.<\/p>\n<\/li>\n<li>\n<p class=\"kmb-live-tag-label kmb-rich-text-paragraph\" dir=\"\">Unabh\u00e4ngiges Administratorpasswort und anpassbarer Benutzerpasswortschutz, wirksam sowohl f\u00fcr den lokalen als auch f\u00fcr den mobilen Zugriff.<\/p>\n<\/li>\n<\/ul>\n<p class=\"kmb-live-tag-label kmb-rich-text-paragraph\" dir=\"\"><strong>Schnittstelle &amp; Konnektivit\u00e4t<\/strong><\/p>\n<ul>\n<li>\n<p class=\"kmb-live-tag-label kmb-rich-text-paragraph\" dir=\"\">7-Zoll-HD-kapazitiver Touchscreen (1280\u00d7800) mit Multi-Touch-Unterst\u00fctzung.<\/p>\n<\/li>\n<li>\n<p class=\"kmb-live-tag-label kmb-rich-text-paragraph\" dir=\"\">Integrierter HTML5-basierter Webserver mit WLAN-Hotspot. Plattform\u00fcbergreifende Unterst\u00fctzung f\u00fcr iOS-, Android- und Windows-Mobilger\u00e4te erm\u00f6glicht die Interaktion auf mehreren Bildschirmen und die umfassende Fernsteuerung. Kompatibel mit zentralen Steuerungs- und Managementprotokollen.<\/p>\n<\/li>\n<\/ul>\n<p class=\"kmb-live-tag-label kmb-rich-text-paragraph\" dir=\"\"><strong>Zus\u00e4tzliche Funktionen<\/strong><\/p>\n<ul>\n<li>\n<p class=\"kmb-live-tag-label kmb-rich-text-paragraph\" dir=\"\">Startbildschirm mit Echtzeit-Audiostatus und Pegelanzeigen f\u00fcr alle Kan\u00e4le.<\/p>\n<\/li>\n<li>\n<p class=\"kmb-live-tag-label kmb-rich-text-paragraph\" dir=\"\">3 DCA-Gruppen.<\/p>\n<\/li>\n<li>\n<p class=\"kmb-live-tag-label kmb-rich-text-paragraph\" dir=\"\">Separater Master-Lautst\u00e4rkeregler und Not-Stummschaltung.<\/p>\n<\/li>\n<li>\n<p class=\"kmb-live-tag-label kmb-rich-text-paragraph\" dir=\"\">Unterst\u00fctzung f\u00fcr Effekt-Fu\u00dfschaltersteuerung.<\/p>\n<\/li>\n<li>\n<p class=\"kmb-live-tag-label kmb-rich-text-paragraph\" dir=\"\">Effekt-Tempo-Steuerungsfunktion.<\/p>\n<\/li>\n<\/ul>","protected":false},"excerpt":{"rendered":"<h4 class=\"kmb-widget-rich-text kmb-product-name kmb-widget-title-h4\" data-max-chars=\"120\"><span class=\"kmb-live-tag-label kmb-rich-text-paragraph\" dir=\"\">T18 18-Kanal professionelles digitales Mischpult<\/span><\/h4>","protected":false},"featured_media":4372,"template":"","meta":[],"product_brand":[308],"product_cat":[304,40],"product_tag":[],"class_list":{"0":"post-4385","1":"product","2":"type-product","3":"status-publish","4":"has-post-thumbnail","6":"product_brand-oem-yh-audio","7":"product_cat-digital-mixing-console","8":"product_cat-mixer","10":"first","11":"instock","12":"shipping-taxable","13":"product-type-simple"},"_links":{"self":[{"href":"https:\/\/yh-audio.com\/de\/wp-json\/wp\/v2\/product\/4385","targetHints":{"allow":["GET"]}}],"collection":[{"href":"https:\/\/yh-audio.com\/de\/wp-json\/wp\/v2\/product"}],"about":[{"href":"https:\/\/yh-audio.com\/de\/wp-json\/wp\/v2\/types\/product"}],"version-history":[{"count":2,"href":"https:\/\/yh-audio.com\/de\/wp-json\/wp\/v2\/product\/4385\/revisions"}],"predecessor-version":[{"id":4526,"href":"https:\/\/yh-audio.com\/de\/wp-json\/wp\/v2\/product\/4385\/revisions\/4526"}],"wp:featuredmedia":[{"embeddable":true,"href":"https:\/\/yh-audio.com\/de\/wp-json\/wp\/v2\/media\/4372"}],"wp:attachment":[{"href":"https:\/\/yh-audio.com\/de\/wp-json\/wp\/v2\/media?parent=4385"}],"wp:term":[{"taxonomy":"product_brand","embeddable":true,"href":"https:\/\/yh-audio.com\/de\/wp-json\/wp\/v2\/product_brand?post=4385"},{"taxonomy":"product_cat","embeddable":true,"href":"https:\/\/yh-audio.com\/de\/wp-json\/wp\/v2\/product_cat?post=4385"},{"taxonomy":"product_tag","embeddable":true,"href":"https:\/\/yh-audio.com\/de\/wp-json\/wp\/v2\/product_tag?post=4385"}],"curies":[{"name":"wp","href":"https:\/\/api.w.org\/{rel}","templated":true}]}}