{"id":4456,"date":"2026-04-01T03:15:58","date_gmt":"2026-04-01T03:15:58","guid":{"rendered":"https:\/\/yh-audio.com\/?post_type=product&#038;p=4456"},"modified":"2026-04-01T08:22:31","modified_gmt":"2026-04-01T08:22:31","slug":"yh-d11-wireless-microphone-1-channel","status":"publish","type":"product","link":"https:\/\/yh-audio.com\/de\/product\/yh-d11-wireless-microphone-1-channel\/","title":{"rendered":"YH-D11 Wireless Microphone 1 Channel"},"content":{"rendered":"<p data-imt-p=\"1\">Drahtloses Mikrofon, 1 Kanal<\/p>\n<p data-imt-p=\"1\">Technische Daten des Senders:<br \/>\n1. Frequenzbereich: Kanal A: 610,50~639,50MHz; Kanal B: 640,5\u2013669,5MHz.<br \/>\n2. Anzahl der Kan\u00e4le: AB Kan\u00e4le: 30 (konservative Sch\u00e4tzung). Der ID-Code \u00e4ndert sich bei jeder Kopplung zuf\u00e4llig innerhalb des vom Hersteller festgelegten Frequenzbereichs.<br \/>\n3. Oszillationsmethode: Frequenzsynchronisation mit dem DSP-Chip.<br \/>\n4. Frequenzstabilit\u00e4t: \u00b110 ppm.<br \/>\n5. HF-Leistung: 10 dBm.<br \/>\n6. Audio-Frequenzgang: 40~18000Hz.<br \/>\n7. Verzerrungsgrad: \u22640,5%.<br \/>\n8. Batteriespezifikationen: 1200 mAh 18650 Lithium-Batterie.<br \/>\n9. Akkulaufzeit: 6 bis 10 Stunden (variiert je nach Batterietyp und -kapazit\u00e4t).<br \/>\n10. Abschlagweite: 60 Meter in der Halle, 100 Meter im Freien<span class=\"notranslate immersive-translate-target-wrapper\" lang=\"zh-CN\"><br \/>\n<\/span><\/p>\n<p>Technische Daten des Empf\u00e4ngers:<br \/>\n1. Frequenzbereich: Kanal A: 610,90~635,40MHz; Kanal B: 640,5\u2013669,5MHz.<br \/>\n2. Anzahl der Kan\u00e4le: AB Kan\u00e4le: 30 (konservative Sch\u00e4tzung). Der ID-Code \u00e4ndert sich bei jeder Kopplung zuf\u00e4llig innerhalb des vom Hersteller festgelegten Frequenzbereichs.<br \/>\n3. Oszillationsmethode: Frequenzsynchronisation mit dem DSP-Chip.<br \/>\n4. Frequenzstabilit\u00e4t: \u00b110 ppm.<br \/>\n5. Empfangsempfindlichkeit: -95~-71dBm.<br \/>\n6. Audio-Frequenzgang: 40~18000Hz.<br \/>\n7. Verzerrungsgrad: \u22640,5%.<br \/>\n8. Signal-Rausch-Verh\u00e4ltnis: \u226590dB.<br \/>\n9. Audioausgang: 350 mV (maximal).<br \/>\n10. Batteriespezifikationen: 18650 Lithium-Batterie.<br \/>\n11. Batteriespezifikationen f\u00fcr die Empfangsbox: 14500 Lithium-Batterie. 12. Batterielaufzeit: 6\u201310 Stunden (variiert je nach Batterietyp und -kapazit\u00e4t).<\/p>","protected":false},"excerpt":{"rendered":"<p>1 Kanal<\/p>","protected":false},"featured_media":4439,"template":"","meta":[],"product_brand":[308],"product_cat":[309,120],"product_tag":[],"class_list":{"0":"post-4456","1":"product","2":"type-product","3":"status-publish","4":"has-post-thumbnail","6":"product_brand-oem-yh-audio","7":"product_cat-1-channel","8":"product_cat-microphone","10":"first","11":"instock","12":"shipping-taxable","13":"product-type-simple"},"_links":{"self":[{"href":"https:\/\/yh-audio.com\/de\/wp-json\/wp\/v2\/product\/4456","targetHints":{"allow":["GET"]}}],"collection":[{"href":"https:\/\/yh-audio.com\/de\/wp-json\/wp\/v2\/product"}],"about":[{"href":"https:\/\/yh-audio.com\/de\/wp-json\/wp\/v2\/types\/product"}],"version-history":[{"count":2,"href":"https:\/\/yh-audio.com\/de\/wp-json\/wp\/v2\/product\/4456\/revisions"}],"predecessor-version":[{"id":4518,"href":"https:\/\/yh-audio.com\/de\/wp-json\/wp\/v2\/product\/4456\/revisions\/4518"}],"wp:featuredmedia":[{"embeddable":true,"href":"https:\/\/yh-audio.com\/de\/wp-json\/wp\/v2\/media\/4439"}],"wp:attachment":[{"href":"https:\/\/yh-audio.com\/de\/wp-json\/wp\/v2\/media?parent=4456"}],"wp:term":[{"taxonomy":"product_brand","embeddable":true,"href":"https:\/\/yh-audio.com\/de\/wp-json\/wp\/v2\/product_brand?post=4456"},{"taxonomy":"product_cat","embeddable":true,"href":"https:\/\/yh-audio.com\/de\/wp-json\/wp\/v2\/product_cat?post=4456"},{"taxonomy":"product_tag","embeddable":true,"href":"https:\/\/yh-audio.com\/de\/wp-json\/wp\/v2\/product_tag?post=4456"}],"curies":[{"name":"wp","href":"https:\/\/api.w.org\/{rel}","templated":true}]}}