{"id":4383,"date":"2026-03-27T03:25:00","date_gmt":"2026-03-27T03:25:00","guid":{"rendered":"https:\/\/yh-audio.com\/?post_type=product&#038;p=4383"},"modified":"2026-04-01T08:24:01","modified_gmt":"2026-04-01T08:24:01","slug":"yh-md20","status":"publish","type":"product","link":"https:\/\/yh-audio.com\/es\/product\/yh-md20\/","title":{"rendered":"YH-MD20"},"content":{"rendered":"<h4 class=\"kmb-widget-rich-text kmb-product-name kmb-widget-title-h4\" data-max-chars=\"120\"><span class=\"kmb-live-tag-label kmb-rich-text-paragraph\" dir=\"\"><span class=\"kmb-color-tag-label kmb-rich-text\" data-text-size=\"14px\" data-text-family=\"&quot;Microsoft YaHei&quot;, SimSun\" data-imt-p=\"1\">Consola de mezcla digital profesional MD20 de 20 canales<span class=\"notranslate immersive-translate-target-wrapper\" lang=\"zh-CN\"><br \/>\n<\/span><\/span><\/span><\/h4>\n<p class=\"kmb-live-tag-label kmb-rich-text-paragraph\" dir=\"\">\u2022 Las 20 entradas de canal incluyen: 16 entradas de micr\u00f3fono, 2 entradas est\u00e9reo y 2 entradas est\u00e9reo digitales (reproducci\u00f3n USB, tarjeta de sonido USB\/entrada de fibra \u00f3ptica).<\/p>\n<p class=\"kmb-live-tag-label kmb-rich-text-paragraph\" dir=\"\">\u2022 6 canales de salida AUX: 1 salida principal est\u00e9reo, 1 salida de monitor est\u00e9reo, 2 salidas digitales est\u00e9reo (tarjeta de sonido USB, grabaci\u00f3n USB)<\/p>\n<p class=\"kmb-live-tag-label kmb-rich-text-paragraph\" dir=\"\">\u2022Todos los canales de entrada cuentan con procesamiento independiente de paso alto, paso bajo, ecualizador param\u00e9trico (PEQ), compresor, puerta de ruido y procesamiento de fase.<\/p>\n<p class=\"kmb-live-tag-label kmb-rich-text-paragraph\" dir=\"\">\u2022Todos los canales de entrada de micr\u00f3fono disponen de control de ganancia digital programable de alta calidad y control de alimentaci\u00f3n fantasma independiente.<\/p>\n<p class=\"kmb-live-tag-label kmb-rich-text-paragraph\" dir=\"\">\u2022Todos los canales de salida AUX cuentan con divisor de frecuencia independiente, ecualizador param\u00e9trico (PEQ), compresor, procesamiento de retardo, funci\u00f3n de cambio de frecuencia anti-acoplamiento de 3 etapas y selecci\u00f3n de fader de salida frontal y posterior.<\/p>\n<p class=\"kmb-live-tag-label kmb-rich-text-paragraph\" dir=\"\">\u2022El canal de salida principal est\u00e9reo cuenta con divisor de frecuencia independiente, ecualizador param\u00e9trico (PEQ), compresor, procesamiento de retardo y funci\u00f3n de cambio de frecuencia anti-acoplamiento de nivel 3.<\/p>\n<p class=\"kmb-live-tag-label kmb-rich-text-paragraph\" dir=\"\">\u2022Los nombres preestablecidos de todos los canales se pueden personalizar y los nombres se pueden reescribir.<\/p>\n<p class=\"kmb-live-tag-label kmb-rich-text-paragraph\" dir=\"\">\u2022Todos los canales de entrada y salida pueden admitir cualquier replicaci\u00f3n personalizada.<\/p>\n<p class=\"kmb-live-tag-label kmb-rich-text-paragraph\" dir=\"\">\u2022 Todos los par\u00e1metros de configuraci\u00f3n de esta m\u00e1quina se pueden guardar y las funciones se pueden activar. Incorpora dos efectos est\u00e9reo profesionales independientes, con bus de transmisi\u00f3n independiente y una variedad de tipos de efectos opcionales. Adem\u00e1s, admite 16 modos de efectos personalizados editados por el usuario. \u2022 Reproductor de unidad USB integrado, compatible con funciones de grabaci\u00f3n y reproducci\u00f3n est\u00e9reo en tiempo real. Tarjeta de sonido USB integrada, compatible con funciones de grabaci\u00f3n y reproducci\u00f3n en tiempo real al conectarse a la PC.<\/p>\n<p class=\"kmb-live-tag-label kmb-rich-text-paragraph\" dir=\"\" data-imt-p=\"1\">\u2022 Admite las funciones de almacenamiento e invocaci\u00f3n de escenas del usuario.<span class=\"notranslate immersive-translate-target-wrapper\" lang=\"zh-CN\" style=\"\"><br \/>\n<\/span><\/p>\n<p class=\"kmb-live-tag-label kmb-rich-text-paragraph\" dir=\"\">\u2022 Dispone de una contrase\u00f1a de administrador independiente y una funci\u00f3n de protecci\u00f3n de contrase\u00f1a de usuario personalizable. La protecci\u00f3n de contrase\u00f1a de administrador es v\u00e1lida tanto para operaciones locales como para el acceso desde terminales m\u00f3viles simult\u00e1neamente.<\/p>\n<p class=\"kmb-live-tag-label kmb-rich-text-paragraph\" dir=\"\">Pantalla t\u00e1ctil capacitiva de alta definici\u00f3n de 7 pulgadas (1280*800) con soporte para multit\u00e1ctil. Servidor web integrado basado en tecnolog\u00eda HTM.5, punto de acceso Wi-Fi integrado, compatibilidad multiplataforma para acceso desde dispositivos m\u00f3viles Apple, Android, Windows y otros, interacci\u00f3n multipantalla y funcionamiento completo. Compatible con el protocolo de gesti\u00f3n de control centralizado y permite la integraci\u00f3n de aplicaciones en el sistema.<\/p>\n<h4 class=\"kmb-widget-rich-text kmb-product-name kmb-widget-title-h4\" data-max-chars=\"120\"><span class=\"kmb-live-tag-label kmb-rich-text-paragraph\" dir=\"\"><span class=\"kmb-color-tag-label kmb-rich-text\" data-text-size=\"14px\" data-text-family=\"&quot;Microsoft YaHei&quot;, SimSun\" data-imt-p=\"1\"><span class=\"notranslate immersive-translate-target-wrapper\" lang=\"zh-CN\">\u00a0<\/span><\/span><\/span><\/h4>","protected":false},"excerpt":{"rendered":"<h4 class=\"kmb-widget-rich-text kmb-product-name kmb-widget-title-h4\" data-max-chars=\"120\"><span class=\"kmb-live-tag-label kmb-rich-text-paragraph\" dir=\"\"><span class=\"kmb-color-tag-label kmb-rich-text\" data-text-size=\"14px\" data-text-family=\"&quot;Microsoft YaHei&quot;, SimSun\">Consola de mezcla digital profesional MD20 de 20 canales<\/span><\/span><\/h4>","protected":false},"featured_media":4367,"template":"","meta":[],"product_brand":[308],"product_cat":[304,40],"product_tag":[],"class_list":{"0":"post-4383","1":"product","2":"type-product","3":"status-publish","4":"has-post-thumbnail","6":"product_brand-oem-yh-audio","7":"product_cat-digital-mixing-console","8":"product_cat-mixer","10":"first","11":"instock","12":"shipping-taxable","13":"product-type-simple"},"_links":{"self":[{"href":"https:\/\/yh-audio.com\/es\/wp-json\/wp\/v2\/product\/4383","targetHints":{"allow":["GET"]}}],"collection":[{"href":"https:\/\/yh-audio.com\/es\/wp-json\/wp\/v2\/product"}],"about":[{"href":"https:\/\/yh-audio.com\/es\/wp-json\/wp\/v2\/types\/product"}],"version-history":[{"count":2,"href":"https:\/\/yh-audio.com\/es\/wp-json\/wp\/v2\/product\/4383\/revisions"}],"predecessor-version":[{"id":4527,"href":"https:\/\/yh-audio.com\/es\/wp-json\/wp\/v2\/product\/4383\/revisions\/4527"}],"wp:featuredmedia":[{"embeddable":true,"href":"https:\/\/yh-audio.com\/es\/wp-json\/wp\/v2\/media\/4367"}],"wp:attachment":[{"href":"https:\/\/yh-audio.com\/es\/wp-json\/wp\/v2\/media?parent=4383"}],"wp:term":[{"taxonomy":"product_brand","embeddable":true,"href":"https:\/\/yh-audio.com\/es\/wp-json\/wp\/v2\/product_brand?post=4383"},{"taxonomy":"product_cat","embeddable":true,"href":"https:\/\/yh-audio.com\/es\/wp-json\/wp\/v2\/product_cat?post=4383"},{"taxonomy":"product_tag","embeddable":true,"href":"https:\/\/yh-audio.com\/es\/wp-json\/wp\/v2\/product_tag?post=4383"}],"curies":[{"name":"wp","href":"https:\/\/api.w.org\/{rel}","templated":true}]}}