{"id":4387,"date":"2026-03-27T03:28:10","date_gmt":"2026-03-27T03:28:10","guid":{"rendered":"https:\/\/yh-audio.com\/?post_type=product&#038;p=4387"},"modified":"2026-04-01T08:23:34","modified_gmt":"2026-04-01T08:23:34","slug":"yh-t24","status":"publish","type":"product","link":"https:\/\/yh-audio.com\/es\/product\/yh-t24\/","title":{"rendered":"YH-T24"},"content":{"rendered":"<h4 class=\"kmb-widget-rich-text kmb-product-name kmb-widget-title-h4\" data-max-chars=\"120\"><span class=\"kmb-live-tag-label kmb-rich-text-paragraph\" dir=\"\">Consola de mezcla digital profesional T24 de 24 canales<\/span><\/h4>\n<p class=\"kmb-live-tag-label kmb-rich-text-paragraph\" dir=\"\"><strong>Configuraci\u00f3n de entrada<\/strong><\/p>\n<ul>\n<li>\n<p class=\"kmb-live-tag-label kmb-rich-text-paragraph\" dir=\"\"><strong>T24:<\/strong>\u00a020 entradas de micr\u00f3fono + 2 entradas est\u00e9reo + 2 entradas est\u00e9reo digitales (reproducci\u00f3n USB, tarjeta de sonido USB\/entrada \u00f3ptica)<\/p>\n<\/li>\n<\/ul>\n<p class=\"kmb-live-tag-label kmb-rich-text-paragraph\" dir=\"\"><strong>Configuraci\u00f3n de salida<\/strong><\/p>\n<ul>\n<li>\n<p class=\"kmb-live-tag-label kmb-rich-text-paragraph\" dir=\"\">6 salidas AUX, 1 salida principal est\u00e9reo, 1 salida de monitor est\u00e9reo, 2 salidas est\u00e9reo digitales (tarjeta de sonido USB, grabaci\u00f3n USB)<\/p>\n<\/li>\n<\/ul>\n<p class=\"kmb-live-tag-label kmb-rich-text-paragraph\" dir=\"\"><strong>Procesamiento de canales<\/strong><\/p>\n<ul>\n<li>\n<p class=\"kmb-live-tag-label kmb-rich-text-paragraph\" dir=\"\"><strong>Todos los canales de entrada:<\/strong>\u00a0Filtro de paso alto independiente, filtro de paso bajo, ecualizador param\u00e9trico, compresor, puerta de ruido y control de fase.<\/p>\n<\/li>\n<li>\n<p class=\"kmb-live-tag-label kmb-rich-text-paragraph\" dir=\"\"><strong>Entradas de micr\u00f3fono:<\/strong>\u00a0Control de ganancia digital programable de alta calidad y alimentaci\u00f3n fantasma independiente.<\/p>\n<\/li>\n<li>\n<p class=\"kmb-live-tag-label kmb-rich-text-paragraph\" dir=\"\"><strong>Salidas AUX y principales:<\/strong>\u00a0Crossover independiente, ecualizador param\u00e9trico, compresor, retardo y supresi\u00f3n de retroalimentaci\u00f3n de 3 niveles (desplazador de frecuencia). Las salidas AUX tambi\u00e9n incluyen selecci\u00f3n pre\/post fader.<\/p>\n<\/li>\n<\/ul>\n<p class=\"kmb-live-tag-label kmb-rich-text-paragraph\" dir=\"\"><strong>Enrutamiento y gesti\u00f3n<\/strong><\/p>\n<ul>\n<li>\n<p class=\"kmb-live-tag-label kmb-rich-text-paragraph\" dir=\"\">P\u00e1ginas de enrutamiento dedicadas para las salidas AUX y principales, que permiten una visualizaci\u00f3n clara del flujo de la se\u00f1al y una edici\u00f3n r\u00e1pida de los par\u00e1metros.<\/p>\n<\/li>\n<li>\n<p class=\"kmb-live-tag-label kmb-rich-text-paragraph\" dir=\"\">Nombres predefinidos personalizables para todos los canales.<\/p>\n<\/li>\n<li>\n<p class=\"kmb-live-tag-label kmb-rich-text-paragraph\" dir=\"\">Copie libremente la configuraci\u00f3n entre cualquier canal de entrada y salida.<\/p>\n<\/li>\n<li>\n<p class=\"kmb-live-tag-label kmb-rich-text-paragraph\" dir=\"\">Almacena y recupera todos los ajustes del dispositivo.<\/p>\n<\/li>\n<\/ul>\n<p class=\"kmb-live-tag-label kmb-rich-text-paragraph\" dir=\"\"><strong>Efectos y procesamiento<\/strong><\/p>\n<ul>\n<li>\n<p class=\"kmb-live-tag-label kmb-rich-text-paragraph\" dir=\"\">Procesadores de efectos est\u00e9reo profesionales duales e independientes con buses de env\u00edo dedicados y m\u00faltiples tipos de efectos.<\/p>\n<\/li>\n<li>\n<p class=\"kmb-live-tag-label kmb-rich-text-paragraph\" dir=\"\">16 ranuras para efectos personalizados programables por el usuario.<\/p>\n<\/li>\n<\/ul>\n<p class=\"kmb-live-tag-label kmb-rich-text-paragraph\" dir=\"\"><strong>Reproducci\u00f3n y grabaci\u00f3n<\/strong><\/p>\n<ul>\n<li>\n<p class=\"kmb-live-tag-label kmb-rich-text-paragraph\" dir=\"\">Reproductor USB integrado para grabaci\u00f3n y reproducci\u00f3n est\u00e9reo en tiempo real.<\/p>\n<\/li>\n<li>\n<p class=\"kmb-live-tag-label kmb-rich-text-paragraph\" dir=\"\">Tarjeta de sonido USB integrada para grabaci\u00f3n\/reproducci\u00f3n en tiempo real a trav\u00e9s de PC.<\/p>\n<\/li>\n<\/ul>\n<p class=\"kmb-live-tag-label kmb-rich-text-paragraph\" dir=\"\"><strong>Sistema y control<\/strong><\/p>\n<ul>\n<li>\n<p class=\"kmb-live-tag-label kmb-rich-text-paragraph\" dir=\"\" data-imt-p=\"1\">Guardar y recuperar escenas de usuario.<span class=\"notranslate immersive-translate-target-wrapper\" lang=\"zh-CN\" style=\"\"><br \/>\n<span class=\"notranslate immersive-translate-target-translation-theme-none immersive-translate-target-translation-block-wrapper-theme-none immersive-translate-target-translation-block-wrapper\" style=\"\" data-immersive-translate-translation-element-mark=\"1\"><span class=\"notranslate immersive-translate-target-inner immersive-translate-target-translation-theme-none-inner\" style=\"\" data-immersive-translate-translation-element-mark=\"1\">\u7528\u6237\u573a\u666f\u4fdd\u5b58\u548c\u8c03\u7528\u3002<\/span><\/span><\/span><\/p>\n<\/li>\n<li>\n<p class=\"kmb-live-tag-label kmb-rich-text-paragraph\" dir=\"\">Contrase\u00f1a de administrador independiente y protecci\u00f3n de contrase\u00f1a de usuario personalizable, eficaz tanto para el acceso local como para el m\u00f3vil.<\/p>\n<\/li>\n<\/ul>\n<p class=\"kmb-live-tag-label kmb-rich-text-paragraph\" dir=\"\"><strong>Interfaz y conectividad<\/strong><\/p>\n<ul>\n<li>\n<p class=\"kmb-live-tag-label kmb-rich-text-paragraph\" dir=\"\">Pantalla t\u00e1ctil capacitiva de alta definici\u00f3n de 7 pulgadas (1280\u00d7800) con soporte multit\u00e1ctil.<\/p>\n<\/li>\n<li>\n<p class=\"kmb-live-tag-label kmb-rich-text-paragraph\" dir=\"\">Servidor web integrado basado en HTML5 con punto de acceso Wi-Fi. Compatibilidad multiplataforma para dispositivos m\u00f3viles iOS, Android y Windows, lo que permite la interacci\u00f3n en m\u00faltiples pantallas y el control remoto con todas las funciones. Compatible con protocolos de gesti\u00f3n de control centralizado.<\/p>\n<\/li>\n<\/ul>\n<p class=\"kmb-live-tag-label kmb-rich-text-paragraph\" dir=\"\"><strong>Caracter\u00edsticas adicionales<\/strong><\/p>\n<ul>\n<li>\n<p class=\"kmb-live-tag-label kmb-rich-text-paragraph\" dir=\"\">Pantalla de inicio con estado de audio en tiempo real e indicadores de nivel para todos los canales.<\/p>\n<\/li>\n<li>\n<p class=\"kmb-live-tag-label kmb-rich-text-paragraph\" dir=\"\">3 grupos DCA.<\/p>\n<\/li>\n<li>\n<p class=\"kmb-live-tag-label kmb-rich-text-paragraph\" dir=\"\">Control de volumen maestro dedicado y funci\u00f3n de silencio de emergencia.<\/p>\n<\/li>\n<li>\n<p class=\"kmb-live-tag-label kmb-rich-text-paragraph\" dir=\"\">Compatibilidad con control mediante pedal de efectos.<\/p>\n<\/li>\n<li>\n<p class=\"kmb-live-tag-label kmb-rich-text-paragraph\" dir=\"\">Funci\u00f3n de control de tempo de efectos.<\/p>\n<\/li>\n<\/ul>","protected":false},"excerpt":{"rendered":"<h4 class=\"kmb-widget-rich-text kmb-product-name kmb-widget-title-h4\" data-max-chars=\"120\"><span class=\"kmb-live-tag-label kmb-rich-text-paragraph\" dir=\"\">Consola de mezcla digital profesional T24 de 24 canales<\/span><\/h4>","protected":false},"featured_media":4373,"template":"","meta":[],"product_brand":[308],"product_cat":[304,40],"product_tag":[],"class_list":{"0":"post-4387","1":"product","2":"type-product","3":"status-publish","4":"has-post-thumbnail","6":"product_brand-oem-yh-audio","7":"product_cat-digital-mixing-console","8":"product_cat-mixer","10":"first","11":"instock","12":"shipping-taxable","13":"product-type-simple"},"_links":{"self":[{"href":"https:\/\/yh-audio.com\/es\/wp-json\/wp\/v2\/product\/4387","targetHints":{"allow":["GET"]}}],"collection":[{"href":"https:\/\/yh-audio.com\/es\/wp-json\/wp\/v2\/product"}],"about":[{"href":"https:\/\/yh-audio.com\/es\/wp-json\/wp\/v2\/types\/product"}],"version-history":[{"count":2,"href":"https:\/\/yh-audio.com\/es\/wp-json\/wp\/v2\/product\/4387\/revisions"}],"predecessor-version":[{"id":4525,"href":"https:\/\/yh-audio.com\/es\/wp-json\/wp\/v2\/product\/4387\/revisions\/4525"}],"wp:featuredmedia":[{"embeddable":true,"href":"https:\/\/yh-audio.com\/es\/wp-json\/wp\/v2\/media\/4373"}],"wp:attachment":[{"href":"https:\/\/yh-audio.com\/es\/wp-json\/wp\/v2\/media?parent=4387"}],"wp:term":[{"taxonomy":"product_brand","embeddable":true,"href":"https:\/\/yh-audio.com\/es\/wp-json\/wp\/v2\/product_brand?post=4387"},{"taxonomy":"product_cat","embeddable":true,"href":"https:\/\/yh-audio.com\/es\/wp-json\/wp\/v2\/product_cat?post=4387"},{"taxonomy":"product_tag","embeddable":true,"href":"https:\/\/yh-audio.com\/es\/wp-json\/wp\/v2\/product_tag?post=4387"}],"curies":[{"name":"wp","href":"https:\/\/api.w.org\/{rel}","templated":true}]}}