{"id":4451,"date":"2026-04-01T03:05:54","date_gmt":"2026-04-01T03:05:54","guid":{"rendered":"https:\/\/yh-audio.com\/?post_type=product&#038;p=4451"},"modified":"2026-04-01T08:23:17","modified_gmt":"2026-04-01T08:23:17","slug":"yh-kc01-wireless-microphone-1-channel","status":"publish","type":"product","link":"https:\/\/yh-audio.com\/es\/product\/yh-kc01-wireless-microphone-1-channel\/","title":{"rendered":"YH-KC01 Wireless Microphone 1 Channel"},"content":{"rendered":"<p data-imt-p=\"1\">Micr\u00f3fono inal\u00e1mbrico de 1 canal<\/p>\n<p data-imt-p=\"1\">Especificaciones t\u00e9cnicas del transmisor:<br \/>\n1. Rango de frecuencia: Canal A: 610,50~639,50 MHz; Canal B: 640,5\u2013669,5 MHz.<br \/>\n2. N\u00famero de canales: Canales AB: 30 (estimaci\u00f3n conservadora). El c\u00f3digo de identificaci\u00f3n cambia aleatoriamente durante cada emparejamiento dentro del rango de frecuencia establecido por el fabricante.<br \/>\n3. M\u00e9todo de oscilaci\u00f3n: Bloqueo de frecuencia del chip DSP.<br \/>\n4. Estabilidad de frecuencia: \u00b110 ppm.<br \/>\n5. Potencia de RF: 10 dBm.<br \/>\n6. Respuesta de frecuencia de audio: 40~18000 Hz.<br \/>\n7. Nivel de distorsi\u00f3n: \u22640,5%.<br \/>\n8. Especificaciones de la bater\u00eda: bater\u00eda de litio 18650 de 1200 mAh.<br \/>\n9. Duraci\u00f3n de la bater\u00eda: 6-10 horas (var\u00eda seg\u00fan el tipo y la capacidad de la bater\u00eda).<br \/>\n10. Distancia de lanzamiento: 60 metros en interiores, 100 metros en exteriores.<span class=\"notranslate immersive-translate-target-wrapper\" lang=\"zh-CN\"><br \/>\n<\/span><\/p>\n<p>Especificaciones t\u00e9cnicas del receptor:<br \/>\n1. Rango de frecuencia: Canal A: 610,90~635,40 MHz; Canal B: 640,5\u2013669,5 MHz.<br \/>\n2. N\u00famero de canales: Canales AB: 30 (estimaci\u00f3n conservadora). El c\u00f3digo de identificaci\u00f3n cambia aleatoriamente durante cada emparejamiento dentro del rango de frecuencia establecido por el fabricante.<br \/>\n3. M\u00e9todo de oscilaci\u00f3n: Bloqueo de frecuencia del chip DSP.<br \/>\n4. Estabilidad de frecuencia: \u00b110 ppm.<br \/>\n5. Sensibilidad de recepci\u00f3n: -95~-71 dBm.<br \/>\n6. Respuesta de frecuencia de audio: 40~18000 Hz.<br \/>\n7. Nivel de distorsi\u00f3n: \u22640,5%.<br \/>\n8. Relaci\u00f3n se\u00f1al\/ruido: \u226590 dB.<br \/>\n9. Salida de audio: 350 mV (m\u00e1ximo).<br \/>\n10. Especificaciones de la bater\u00eda: Bater\u00eda de litio 18650.<br \/>\n11. Especificaciones de la bater\u00eda para la caja receptora: bater\u00eda de litio 14500. 12. Duraci\u00f3n de la bater\u00eda: 6-10 horas (var\u00eda seg\u00fan el tipo y la capacidad de la bater\u00eda).<\/p>","protected":false},"excerpt":{"rendered":"<h1 class=\"product_title entry-title\">1 canal<\/h1>","protected":false},"featured_media":4441,"template":"","meta":[],"product_brand":[308],"product_cat":[309,120],"product_tag":[],"class_list":{"0":"post-4451","1":"product","2":"type-product","3":"status-publish","4":"has-post-thumbnail","6":"product_brand-oem-yh-audio","7":"product_cat-1-channel","8":"product_cat-microphone","10":"first","11":"instock","12":"shipping-taxable","13":"product-type-simple"},"_links":{"self":[{"href":"https:\/\/yh-audio.com\/es\/wp-json\/wp\/v2\/product\/4451","targetHints":{"allow":["GET"]}}],"collection":[{"href":"https:\/\/yh-audio.com\/es\/wp-json\/wp\/v2\/product"}],"about":[{"href":"https:\/\/yh-audio.com\/es\/wp-json\/wp\/v2\/types\/product"}],"version-history":[{"count":3,"href":"https:\/\/yh-audio.com\/es\/wp-json\/wp\/v2\/product\/4451\/revisions"}],"predecessor-version":[{"id":4523,"href":"https:\/\/yh-audio.com\/es\/wp-json\/wp\/v2\/product\/4451\/revisions\/4523"}],"wp:featuredmedia":[{"embeddable":true,"href":"https:\/\/yh-audio.com\/es\/wp-json\/wp\/v2\/media\/4441"}],"wp:attachment":[{"href":"https:\/\/yh-audio.com\/es\/wp-json\/wp\/v2\/media?parent=4451"}],"wp:term":[{"taxonomy":"product_brand","embeddable":true,"href":"https:\/\/yh-audio.com\/es\/wp-json\/wp\/v2\/product_brand?post=4451"},{"taxonomy":"product_cat","embeddable":true,"href":"https:\/\/yh-audio.com\/es\/wp-json\/wp\/v2\/product_cat?post=4451"},{"taxonomy":"product_tag","embeddable":true,"href":"https:\/\/yh-audio.com\/es\/wp-json\/wp\/v2\/product_tag?post=4451"}],"curies":[{"name":"wp","href":"https:\/\/api.w.org\/{rel}","templated":true}]}}