{"id":1238,"date":"2024-05-20T10:44:56","date_gmt":"2024-05-20T10:44:56","guid":{"rendered":"https:\/\/yh-audio.com\/?post_type=product&#038;p=1238"},"modified":"2026-04-01T02:49:03","modified_gmt":"2026-04-01T02:49:03","slug":"shure-glxd4","status":"publish","type":"product","link":"https:\/\/yh-audio.com\/fr\/product\/shure-glxd4\/","title":{"rendered":"Shure GLXD4"},"content":{"rendered":"<table class=\"has-title all magic-4\">\n<tbody>\n<tr>\n<td colspan=\"1\" rowspan=\"1\">\n<div class=\"magic-5\">Num\u00e9ro De Mod\u00e8le<\/div>\n<\/td>\n<td colspan=\"1\" rowspan=\"1\">\n<div class=\"magic-6\">QLXD4 &amp; BETA58<\/div>\n<\/td>\n<\/tr>\n<tr>\n<td colspan=\"1\" rowspan=\"1\">\n<div class=\"magic-5\">Style<\/div>\n<\/td>\n<td colspan=\"1\" rowspan=\"1\">\n<div class=\"magic-6\">Microphone \u00c0 Main, Autres, Microphone Sans Fil<\/div>\n<\/td>\n<\/tr>\n<tr>\n<td colspan=\"1\" rowspan=\"1\">\n<div class=\"magic-5\">La Communication<\/div>\n<\/td>\n<td colspan=\"1\" rowspan=\"1\">\n<div class=\"magic-6\">Sans fil<\/div>\n<\/td>\n<\/tr>\n<tr>\n<td colspan=\"1\" rowspan=\"1\">\n<div class=\"magic-5\">Utilisation<\/div>\n<\/td>\n<td colspan=\"1\" rowspan=\"1\">\n<div class=\"magic-6\">Conf\u00e9rence Microphone, Microphone de Karaoke, d&#039;Autres, \u00e0 l&#039;\u00c9glise, \u00e0 l&#039;\u00c9tape de la Performance, de la Parole, d&#039;Enregistrement, de CHANT, de l&#039;Enseignement, de la communication, de la radiodiffusion<\/div>\n<\/td>\n<\/tr>\n<tr>\n<td colspan=\"1\" rowspan=\"1\">MIC<\/td>\n<td colspan=\"1\" rowspan=\"1\">BETA58<\/td>\n<\/tr>\n<tr>\n<td colspan=\"1\" rowspan=\"1\">Microphone Sans Fil<\/td>\n<td colspan=\"1\" rowspan=\"1\">\n<div class=\"magic-6\">QLXD4<\/div>\n<\/td>\n<\/tr>\n<tr>\n<td colspan=\"1\" rowspan=\"1\">\n<div class=\"magic-5\">Mat\u00e9riel<\/div>\n<\/td>\n<td colspan=\"1\" rowspan=\"1\">\n<div class=\"magic-6\">M\u00e9tal, Plastique<\/div>\n<\/td>\n<\/tr>\n<tr>\n<td colspan=\"1\" rowspan=\"1\">\n<div class=\"magic-5\">La fonction<\/div>\n<\/td>\n<td colspan=\"1\" rowspan=\"1\">\n<div class=\"magic-6\">De suppression de bruit, L\u00e9ger, PORTABLE, Microphone \u00e0 Condensateur<\/div>\n<\/td>\n<\/tr>\n<tr>\n<td colspan=\"1\" rowspan=\"1\">\n<div class=\"magic-5\">Diagramme Polaire<\/div>\n<\/td>\n<td colspan=\"1\" rowspan=\"1\">\n<div class=\"magic-6\">Cardio\u00efde<\/div>\n<\/td>\n<\/tr>\n<tr>\n<td colspan=\"1\" rowspan=\"1\">\n<div class=\"magic-5\">\u041f\u0440\u043e\u0444\u0435\u0441\u0441\u0438\u043e\u043d\u0430\u043b\u044c\u043d\u0430\u044f \u0411\u0435\u0441\u043f\u0440\u043e\u0432\u043e\u0434\u043d\u0430\u044f \u041c\u0438\u043a\u0440\u043e\u0444\u043e\u043d\u043d\u0430\u044f \u0421\u0438\u0441\u0442\u0435\u043c\u0430 Uhf<\/div>\n<\/td>\n<td colspan=\"1\" rowspan=\"1\">\n<div class=\"magic-6\">Microphone Dynamique<\/div>\n<\/td>\n<\/tr>\n<tr>\n<td colspan=\"1\" rowspan=\"1\">\n<div class=\"magic-5\">Rapport Signal \/ Bruit<\/div>\n<\/td>\n<td colspan=\"1\" rowspan=\"1\">\n<div class=\"magic-6\">60DB<\/div>\n<\/td>\n<\/tr>\n<tr>\n<td colspan=\"1\" rowspan=\"1\">\n<div class=\"magic-5\">R\u00e9ponse En Fr\u00e9quence Taux De<\/div>\n<\/td>\n<td colspan=\"1\" rowspan=\"1\">\n<div class=\"magic-6\">50Hz\uff0d15kHz<\/div>\n<\/td>\n<\/tr>\n<tr>\n<td colspan=\"1\" rowspan=\"1\">\n<div class=\"magic-5\">Maximum SPL<\/div>\n<\/td>\n<td colspan=\"1\" rowspan=\"1\">\n<div class=\"magic-6\">120DB<\/div>\n<\/td>\n<\/tr>\n<tr>\n<td colspan=\"1\" rowspan=\"1\">\n<div class=\"magic-5\">Sensibilit\u00e9<\/div>\n<\/td>\n<td colspan=\"1\" rowspan=\"1\">\n<div class=\"magic-6\">-36 db\u00b12 db<\/div>\n<\/td>\n<\/tr>\n<tr>\n<td colspan=\"1\" rowspan=\"1\">\n<div class=\"magic-5\">Nom du produit<\/div>\n<\/td>\n<td colspan=\"1\" rowspan=\"1\">\n<div class=\"magic-6\">Professionnel de Microphone sans Fil UHF<\/div>\n<\/td>\n<\/tr>\n<tr>\n<td colspan=\"1\" rowspan=\"1\">\n<div class=\"magic-5\">\u0410\u0443\u0434\u0438\u043e-\u0412\u0438\u0434\u0435\u043e \u041a\u043e\u043d\u0444\u0435\u0440\u0435\u043d\u0446-\u0417\u0430\u043b<\/div>\n<\/td>\n<td colspan=\"1\" rowspan=\"1\">\n<div class=\"magic-6\">Uhf Professionnel De Syst\u00e8me De Microphones Sans Fil<\/div>\n<\/td>\n<\/tr>\n<tr>\n<td colspan=\"1\" rowspan=\"1\">\n<div class=\"magic-5\">\u041a\u043b\u044e\u0447\u0435\u0432\u044b\u0435 \u0441\u043b\u043e\u0432\u0430 \u043f\u0440\u043e\u0434\u0443\u043a\u0442\u0430<\/div>\n<\/td>\n<td colspan=\"1\" rowspan=\"1\">\n<div class=\"magic-6\">Conf\u00e9rence Salle De R\u00e9union De La Solution<\/div>\n<\/td>\n<\/tr>\n<tr>\n<td colspan=\"1\" rowspan=\"1\">\n<div class=\"magic-5\">Avantage<\/div>\n<\/td>\n<td colspan=\"1\" rowspan=\"1\">\n<div class=\"magic-6\">Longue Port\u00e9e sans Fil UHF Syst\u00e8me<\/div>\n<\/td>\n<\/tr>\n<tr>\n<td colspan=\"1\" rowspan=\"1\">\n<div class=\"magic-5\">L&#039;utilisation de la<\/div>\n<\/td>\n<td colspan=\"1\" rowspan=\"1\">\n<div class=\"magic-6\">La Famille Microphone De Karaoke<\/div>\n<\/td>\n<\/tr>\n<tr>\n<td colspan=\"1\" rowspan=\"1\">\n<div class=\"magic-5\">Fonctionnalit\u00e9<\/div>\n<\/td>\n<td colspan=\"1\" rowspan=\"1\">\n<div class=\"magic-6\">Son Clair<\/div>\n<\/td>\n<\/tr>\n<tr>\n<td colspan=\"1\" rowspan=\"1\">\n<div class=\"magic-5\">Couleur<\/div>\n<\/td>\n<td colspan=\"1\" rowspan=\"1\">\n<div class=\"magic-6\">Noir<\/div>\n<\/td>\n<\/tr>\n<tr>\n<td colspan=\"1\" rowspan=\"1\">\n<div class=\"magic-5\">Adapt\u00e9 pour<\/div>\n<\/td>\n<td colspan=\"1\" rowspan=\"1\">\n<div class=\"magic-6\">Audio, Vid\u00e9o, Salle De Conf\u00e9rence<\/div>\n<\/td>\n<\/tr>\n<tr>\n<td colspan=\"1\" rowspan=\"1\">\n<div class=\"magic-5\">Nom<\/div>\n<\/td>\n<td colspan=\"1\" rowspan=\"1\">\n<div class=\"magic-6\">Microphone De Karaoke Sans Fil<\/div>\n<\/td>\n<\/tr>\n<tr>\n<td colspan=\"1\" rowspan=\"1\">\n<div class=\"magic-5\">Produit Mots Cl\u00e9s<\/div>\n<\/td>\n<td colspan=\"1\" rowspan=\"1\">\n<div class=\"magic-6\" data-spm-anchor-id=\"a2700.wholesale.0.i51.765a1995ICw0hd\">Micro Sans Fil<\/div>\n<\/td>\n<\/tr>\n<\/tbody>\n<\/table>\n<div class=\"magic-1\"><\/div>\n<div><img fetchpriority=\"high\" decoding=\"async\" class=\"alignnone wp-image-3087\" src=\"https:\/\/yh-audio.com\/wp-content\/uploads\/2024\/06\/QLXD4-BETA58-07-360x360.jpg\" alt=\"\" width=\"836\" height=\"836\" srcset=\"https:\/\/yh-audio.com\/wp-content\/uploads\/2024\/06\/QLXD4-BETA58-07-360x360.jpg 360w, https:\/\/yh-audio.com\/wp-content\/uploads\/2024\/06\/QLXD4-BETA58-07-325x325.jpg 325w, https:\/\/yh-audio.com\/wp-content\/uploads\/2024\/06\/QLXD4-BETA58-07-150x150.jpg 150w, https:\/\/yh-audio.com\/wp-content\/uploads\/2024\/06\/QLXD4-BETA58-07-800x800.jpg 800w, https:\/\/yh-audio.com\/wp-content\/uploads\/2024\/06\/QLXD4-BETA58-07-576x576.jpg 576w, https:\/\/yh-audio.com\/wp-content\/uploads\/2024\/06\/QLXD4-BETA58-07-768x768.jpg 768w, https:\/\/yh-audio.com\/wp-content\/uploads\/2024\/06\/QLXD4-BETA58-07-1536x1536.jpg 1536w, https:\/\/yh-audio.com\/wp-content\/uploads\/2024\/06\/QLXD4-BETA58-07-12x12.jpg 12w, https:\/\/yh-audio.com\/wp-content\/uploads\/2024\/06\/QLXD4-BETA58-07-40x40.jpg 40w, https:\/\/yh-audio.com\/wp-content\/uploads\/2024\/06\/QLXD4-BETA58-07.jpg 1600w\" sizes=\"(max-width: 836px) 100vw, 836px\" \/><\/div>\n<div>\u00a0<img decoding=\"async\" class=\"alignnone wp-image-3095\" src=\"https:\/\/yh-audio.com\/wp-content\/uploads\/2024\/06\/QLXD4-BETA58-009-360x360.jpg\" alt=\"\" width=\"830\" height=\"830\" srcset=\"https:\/\/yh-audio.com\/wp-content\/uploads\/2024\/06\/QLXD4-BETA58-009-360x360.jpg 360w, https:\/\/yh-audio.com\/wp-content\/uploads\/2024\/06\/QLXD4-BETA58-009-325x325.jpg 325w, https:\/\/yh-audio.com\/wp-content\/uploads\/2024\/06\/QLXD4-BETA58-009-150x150.jpg 150w, https:\/\/yh-audio.com\/wp-content\/uploads\/2024\/06\/QLXD4-BETA58-009-576x576.jpg 576w, https:\/\/yh-audio.com\/wp-content\/uploads\/2024\/06\/QLXD4-BETA58-009-768x768.jpg 768w, https:\/\/yh-audio.com\/wp-content\/uploads\/2024\/06\/QLXD4-BETA58-009-12x12.jpg 12w, https:\/\/yh-audio.com\/wp-content\/uploads\/2024\/06\/QLXD4-BETA58-009-40x40.jpg 40w, https:\/\/yh-audio.com\/wp-content\/uploads\/2024\/06\/QLXD4-BETA58-009.jpg 800w\" sizes=\"(max-width: 830px) 100vw, 830px\" \/><\/div>\n<div><\/div>\n<div class=\"magic-1\"><\/div>\n<div class=\"magic-1\"><\/div>\n<div class=\"magic-1\"><\/div>\n<div class=\"magic-1\"><\/div>\n<div class=\"magic-1\"><\/div>\n<div class=\"magic-1\"><\/div>\n<div class=\"magic-1\"><\/div>\n<div class=\"magic-1\"><\/div>","protected":false},"excerpt":{"rendered":"<table class=\"has-title all magic-5\" style=\"height: 72px;\" width=\"406\">\n<tbody>\n<tr>\n<td colspan=\"1\" rowspan=\"1\">\n<div class=\"magic-6\">Microphone Sans Fil<\/div>\n<\/td>\n<td colspan=\"1\" rowspan=\"1\">\n<div class=\"magic-7\" style=\"text-align: center;\" data-spm-anchor-id=\"a2700.details.0.i62.2e4b4192TBw688\">QLXD4 &amp; BETA58<\/div>\n<\/td>\n<\/tr>\n<\/tbody>\n<\/table>","protected":false},"featured_media":3081,"template":"","meta":[],"product_brand":[244],"product_cat":[312,120],"product_tag":[236],"class_list":{"0":"post-1238","1":"product","2":"type-product","3":"status-publish","4":"has-post-thumbnail","6":"product_brand-shure","7":"product_cat-2-channels","8":"product_cat-microphone","9":"product_tag-shure-glxd4","11":"first","12":"instock","13":"shipping-taxable","14":"product-type-simple"},"yoast_head":"<!-- This site is optimized with the Yoast SEO Premium plugin v27.4 (Yoast SEO v27.4) - https:\/\/yoast.com\/product\/yoast-seo-premium-wordpress\/ -->\n<title>Shure GLXD4 - yh audio<\/title>\n<meta name=\"robots\" content=\"index, follow, max-snippet:-1, max-image-preview:large, max-video-preview:-1\" \/>\n<link rel=\"canonical\" href=\"https:\/\/yh-audio.com\/fr\/produit\/qlxd4-beta58-wireless-microphone\/\" \/>\n<meta property=\"og:locale\" content=\"fr_FR\" \/>\n<meta property=\"og:type\" content=\"article\" \/>\n<meta property=\"og:title\" content=\"Shure GLXD4\" \/>\n<meta property=\"og:description\" content=\"Wireless Microphone  QLXD4\u00a0 &amp;\u00a0 BETA58\" \/>\n<meta property=\"og:url\" content=\"https:\/\/yh-audio.com\/fr\/produit\/qlxd4-beta58-wireless-microphone\/\" \/>\n<meta property=\"og:site_name\" content=\"yh audio\" \/>\n<meta property=\"article:publisher\" content=\"https:\/\/www.facebook.com\/YH.Audio\/\" \/>\n<meta property=\"article:modified_time\" content=\"2026-04-01T02:49:03+00:00\" \/>\n<meta property=\"og:image\" content=\"https:\/\/yh-audio.com\/wp-content\/uploads\/2024\/06\/QLXD4-BETA58-01.jpg\" \/>\n\t<meta property=\"og:image:width\" content=\"1600\" \/>\n\t<meta property=\"og:image:height\" content=\"1600\" \/>\n\t<meta property=\"og:image:type\" content=\"image\/jpeg\" \/>\n<meta name=\"twitter:card\" content=\"summary_large_image\" \/>\n<meta name=\"twitter:site\" content=\"@YH_Audio\" \/>\n<meta name=\"twitter:label1\" content=\"Prix\" \/>\n\t<meta name=\"twitter:data1\" content=\"\" \/>\n\t<meta name=\"twitter:label2\" content=\"Disponibilit\u00e9\" \/>\n\t<meta name=\"twitter:data2\" content=\"En stock\" \/>\n<script type=\"application\/ld+json\" class=\"yoast-schema-graph\">{\"@context\":\"https:\\\/\\\/schema.org\",\"@graph\":[{\"@type\":\"WebPage\",\"@id\":\"https:\\\/\\\/yh-audio.com\\\/product\\\/qlxd4-beta58-wireless-microphone\\\/\",\"url\":\"https:\\\/\\\/yh-audio.com\\\/product\\\/qlxd4-beta58-wireless-microphone\\\/\",\"name\":\"Shure GLXD4 - yh audio\",\"isPartOf\":{\"@id\":\"https:\\\/\\\/yh-audio.com\\\/#website\"},\"primaryImageOfPage\":{\"@id\":\"https:\\\/\\\/yh-audio.com\\\/product\\\/qlxd4-beta58-wireless-microphone\\\/#primaryimage\"},\"image\":{\"@id\":\"https:\\\/\\\/yh-audio.com\\\/product\\\/qlxd4-beta58-wireless-microphone\\\/#primaryimage\"},\"thumbnailUrl\":\"https:\\\/\\\/yh-audio.com\\\/wp-content\\\/uploads\\\/2024\\\/06\\\/QLXD4-BETA58-01.jpg\",\"datePublished\":\"2024-05-20T10:44:56+00:00\",\"dateModified\":\"2026-04-01T02:49:03+00:00\",\"breadcrumb\":{\"@id\":\"https:\\\/\\\/yh-audio.com\\\/product\\\/qlxd4-beta58-wireless-microphone\\\/#breadcrumb\"},\"inLanguage\":\"fr-FR\",\"potentialAction\":[{\"@type\":\"ReadAction\",\"target\":[\"https:\\\/\\\/yh-audio.com\\\/product\\\/qlxd4-beta58-wireless-microphone\\\/\"]}]},{\"@type\":\"ImageObject\",\"inLanguage\":\"fr-FR\",\"@id\":\"https:\\\/\\\/yh-audio.com\\\/product\\\/qlxd4-beta58-wireless-microphone\\\/#primaryimage\",\"url\":\"https:\\\/\\\/yh-audio.com\\\/wp-content\\\/uploads\\\/2024\\\/06\\\/QLXD4-BETA58-01.jpg\",\"contentUrl\":\"https:\\\/\\\/yh-audio.com\\\/wp-content\\\/uploads\\\/2024\\\/06\\\/QLXD4-BETA58-01.jpg\",\"width\":1600,\"height\":1600},{\"@type\":\"BreadcrumbList\",\"@id\":\"https:\\\/\\\/yh-audio.com\\\/product\\\/qlxd4-beta58-wireless-microphone\\\/#breadcrumb\",\"itemListElement\":[{\"@type\":\"ListItem\",\"position\":1,\"name\":\"Home\",\"item\":\"https:\\\/\\\/yh-audio.com\\\/\"},{\"@type\":\"ListItem\",\"position\":2,\"name\":\"Shop\",\"item\":\"https:\\\/\\\/yh-audio.com\\\/pt\\\/shop\\\/\"},{\"@type\":\"ListItem\",\"position\":3,\"name\":\"QLXD4 &#038; BETA58 Wireless Microphone\"}]},{\"@type\":\"WebSite\",\"@id\":\"https:\\\/\\\/yh-audio.com\\\/#website\",\"url\":\"https:\\\/\\\/yh-audio.com\\\/\",\"name\":\"yh audio\",\"description\":\"\",\"publisher\":{\"@id\":\"https:\\\/\\\/yh-audio.com\\\/#organization\"},\"potentialAction\":[{\"@type\":\"SearchAction\",\"target\":{\"@type\":\"EntryPoint\",\"urlTemplate\":\"https:\\\/\\\/yh-audio.com\\\/?s={search_term_string}\"},\"query-input\":{\"@type\":\"PropertyValueSpecification\",\"valueRequired\":true,\"valueName\":\"search_term_string\"}}],\"inLanguage\":\"fr-FR\"},{\"@type\":\"Organization\",\"@id\":\"https:\\\/\\\/yh-audio.com\\\/#organization\",\"name\":\"YH Audio\",\"alternateName\":\"YH Audio\",\"url\":\"https:\\\/\\\/yh-audio.com\\\/\",\"logo\":{\"@type\":\"ImageObject\",\"inLanguage\":\"fr-FR\",\"@id\":\"https:\\\/\\\/yh-audio.com\\\/#\\\/schema\\\/logo\\\/image\\\/\",\"url\":\"https:\\\/\\\/yh-audio.com\\\/wp-content\\\/uploads\\\/2024\\\/06\\\/700-700-LOGO.jpg\",\"contentUrl\":\"https:\\\/\\\/yh-audio.com\\\/wp-content\\\/uploads\\\/2024\\\/06\\\/700-700-LOGO.jpg\",\"width\":700,\"height\":700,\"caption\":\"YH Audio\"},\"image\":{\"@id\":\"https:\\\/\\\/yh-audio.com\\\/#\\\/schema\\\/logo\\\/image\\\/\"},\"sameAs\":[\"https:\\\/\\\/www.facebook.com\\\/YH.Audio\\\/\",\"https:\\\/\\\/x.com\\\/YH_Audio\",\"https:\\\/\\\/mastodon.social\\\/@YH_Audio\",\"https:\\\/\\\/www.instagram.com\\\/yh.audio\\\/\",\"https:\\\/\\\/www.youtube.com\\\/@YH_Audio\",\"https:\\\/\\\/www.tiktok.com\\\/@yh_audio_sound\",\"https:\\\/\\\/t.me\\\/YH_Audio\",\"https:\\\/\\\/vk.com\\\/YH.Audio\"]}]}<\/script>\n<meta property=\"product:brand\" content=\"Shure\" \/>\n<meta property=\"product:price:currency\" content=\"USD\" \/>\n<meta property=\"og:availability\" content=\"instock\" \/>\n<meta property=\"product:availability\" content=\"instock\" \/>\n<meta property=\"product:condition\" content=\"new\" \/>\n<!-- \/ Yoast SEO Premium plugin. -->","yoast_head_json":{"title":"Shure GLXD4 - yh audio","robots":{"index":"index","follow":"follow","max-snippet":"max-snippet:-1","max-image-preview":"max-image-preview:large","max-video-preview":"max-video-preview:-1"},"canonical":"https:\/\/yh-audio.com\/fr\/produit\/qlxd4-beta58-wireless-microphone\/","og_locale":"fr_FR","og_type":"article","og_title":"Shure GLXD4","og_description":"Wireless Microphone  QLXD4\u00a0 &amp;\u00a0 BETA58","og_url":"https:\/\/yh-audio.com\/fr\/produit\/qlxd4-beta58-wireless-microphone\/","og_site_name":"yh audio","article_publisher":"https:\/\/www.facebook.com\/YH.Audio\/","article_modified_time":"2026-04-01T02:49:03+00:00","og_image":[{"width":1600,"height":1600,"url":"https:\/\/yh-audio.com\/wp-content\/uploads\/2024\/06\/QLXD4-BETA58-01.jpg","type":"image\/jpeg"}],"twitter_card":"summary_large_image","twitter_site":"@YH_Audio","twitter_misc":{"Prix":"","Disponibilit\u00e9":"En stock"},"schema":{"@context":"https:\/\/schema.org","@graph":[{"@type":"WebPage","@id":"https:\/\/yh-audio.com\/product\/qlxd4-beta58-wireless-microphone\/","url":"https:\/\/yh-audio.com\/product\/qlxd4-beta58-wireless-microphone\/","name":"Shure GLXD4 - yh audio","isPartOf":{"@id":"https:\/\/yh-audio.com\/#website"},"primaryImageOfPage":{"@id":"https:\/\/yh-audio.com\/product\/qlxd4-beta58-wireless-microphone\/#primaryimage"},"image":{"@id":"https:\/\/yh-audio.com\/product\/qlxd4-beta58-wireless-microphone\/#primaryimage"},"thumbnailUrl":"https:\/\/yh-audio.com\/wp-content\/uploads\/2024\/06\/QLXD4-BETA58-01.jpg","datePublished":"2024-05-20T10:44:56+00:00","dateModified":"2026-04-01T02:49:03+00:00","breadcrumb":{"@id":"https:\/\/yh-audio.com\/product\/qlxd4-beta58-wireless-microphone\/#breadcrumb"},"inLanguage":"fr-FR","potentialAction":[{"@type":"ReadAction","target":["https:\/\/yh-audio.com\/product\/qlxd4-beta58-wireless-microphone\/"]}]},{"@type":"ImageObject","inLanguage":"fr-FR","@id":"https:\/\/yh-audio.com\/product\/qlxd4-beta58-wireless-microphone\/#primaryimage","url":"https:\/\/yh-audio.com\/wp-content\/uploads\/2024\/06\/QLXD4-BETA58-01.jpg","contentUrl":"https:\/\/yh-audio.com\/wp-content\/uploads\/2024\/06\/QLXD4-BETA58-01.jpg","width":1600,"height":1600},{"@type":"BreadcrumbList","@id":"https:\/\/yh-audio.com\/product\/qlxd4-beta58-wireless-microphone\/#breadcrumb","itemListElement":[{"@type":"ListItem","position":1,"name":"Home","item":"https:\/\/yh-audio.com\/"},{"@type":"ListItem","position":2,"name":"Shop","item":"https:\/\/yh-audio.com\/pt\/shop\/"},{"@type":"ListItem","position":3,"name":"QLXD4 &#038; BETA58 Wireless Microphone"}]},{"@type":"WebSite","@id":"https:\/\/yh-audio.com\/#website","url":"https:\/\/yh-audio.com\/","name":"yh audio","description":"","publisher":{"@id":"https:\/\/yh-audio.com\/#organization"},"potentialAction":[{"@type":"SearchAction","target":{"@type":"EntryPoint","urlTemplate":"https:\/\/yh-audio.com\/?s={search_term_string}"},"query-input":{"@type":"PropertyValueSpecification","valueRequired":true,"valueName":"search_term_string"}}],"inLanguage":"fr-FR"},{"@type":"Organization","@id":"https:\/\/yh-audio.com\/#organization","name":"YH Audio","alternateName":"YH Audio","url":"https:\/\/yh-audio.com\/","logo":{"@type":"ImageObject","inLanguage":"fr-FR","@id":"https:\/\/yh-audio.com\/#\/schema\/logo\/image\/","url":"https:\/\/yh-audio.com\/wp-content\/uploads\/2024\/06\/700-700-LOGO.jpg","contentUrl":"https:\/\/yh-audio.com\/wp-content\/uploads\/2024\/06\/700-700-LOGO.jpg","width":700,"height":700,"caption":"YH Audio"},"image":{"@id":"https:\/\/yh-audio.com\/#\/schema\/logo\/image\/"},"sameAs":["https:\/\/www.facebook.com\/YH.Audio\/","https:\/\/x.com\/YH_Audio","https:\/\/mastodon.social\/@YH_Audio","https:\/\/www.instagram.com\/yh.audio\/","https:\/\/www.youtube.com\/@YH_Audio","https:\/\/www.tiktok.com\/@yh_audio_sound","https:\/\/t.me\/YH_Audio","https:\/\/vk.com\/YH.Audio"]}]},"product_brand":"Shure","product_price_currency":"USD","og_availability":"instock","product_availability":"instock","product_condition":"new"},"_links":{"self":[{"href":"https:\/\/yh-audio.com\/fr\/wp-json\/wp\/v2\/product\/1238","targetHints":{"allow":["GET"]}}],"collection":[{"href":"https:\/\/yh-audio.com\/fr\/wp-json\/wp\/v2\/product"}],"about":[{"href":"https:\/\/yh-audio.com\/fr\/wp-json\/wp\/v2\/types\/product"}],"version-history":[{"count":7,"href":"https:\/\/yh-audio.com\/fr\/wp-json\/wp\/v2\/product\/1238\/revisions"}],"predecessor-version":[{"id":3439,"href":"https:\/\/yh-audio.com\/fr\/wp-json\/wp\/v2\/product\/1238\/revisions\/3439"}],"wp:featuredmedia":[{"embeddable":true,"href":"https:\/\/yh-audio.com\/fr\/wp-json\/wp\/v2\/media\/3081"}],"wp:attachment":[{"href":"https:\/\/yh-audio.com\/fr\/wp-json\/wp\/v2\/media?parent=1238"}],"wp:term":[{"taxonomy":"product_brand","embeddable":true,"href":"https:\/\/yh-audio.com\/fr\/wp-json\/wp\/v2\/product_brand?post=1238"},{"taxonomy":"product_cat","embeddable":true,"href":"https:\/\/yh-audio.com\/fr\/wp-json\/wp\/v2\/product_cat?post=1238"},{"taxonomy":"product_tag","embeddable":true,"href":"https:\/\/yh-audio.com\/fr\/wp-json\/wp\/v2\/product_tag?post=1238"}],"curies":[{"name":"wp","href":"https:\/\/api.w.org\/{rel}","templated":true}]}}