{"id":2291,"date":"2024-06-01T11:48:50","date_gmt":"2024-06-01T11:48:50","guid":{"rendered":"https:\/\/yh-audio.com\/?post_type=product&#038;p=2291"},"modified":"2026-04-01T08:26:57","modified_gmt":"2026-04-01T08:26:57","slug":"yh-ma-6s-series-power-amplifier","status":"publish","type":"product","link":"https:\/\/yh-audio.com\/fr\/product\/yh-ma-6s-series-power-amplifier\/","title":{"rendered":"YH MA.6S Series Power Amplifier"},"content":{"rendered":"<p><strong>Caract\u00e9ristiques:<\/strong><\/p>\n<p>\u25a0Perfect electronic protected for, over load short circuit, self-excitation, over temperature,mute for ON\/OFF, DC output for sure can be worked in high invoice for long time safely<\/p>\n<p>\u25a0Amplify line with balanced low distortion and high speed Hi-Fi style, set a small signal processor in amplify input, filtering low and high frequenct singnal to reduce distortion and noise Exquisite, pure and full sound scaner, with frequency Hi-Fi amplity<\/p>\n<div><\/div>\n<div>\n<table style=\"height: 854px;\" border=\"1\" width=\"745\" cellspacing=\"1\" cellpadding=\"1\">\n<tbody>\n<tr>\n<td>MOD\u00c8LE<\/td>\n<td align=\"center\" valign=\"middle\">MA6.2S<\/td>\n<td align=\"center\" valign=\"middle\">MA6.8S<\/td>\n<td align=\"center\" valign=\"middle\">MA8.2<\/td>\n<td align=\"center\" valign=\"middle\">MA9.2S<\/td>\n<\/tr>\n<tr>\n<td>\u00a0St\u00e9r\u00e9o puissance de sortie 8 OHMS<\/td>\n<td align=\"center\" valign=\"middle\">2X700W<\/td>\n<td align=\"center\" valign=\"middle\">2X800W<\/td>\n<td align=\"center\" valign=\"middle\">2X1000W<\/td>\n<td align=\"center\" valign=\"middle\">2X1200W<\/td>\n<\/tr>\n<tr>\n<td>\u00a0St\u00e9r\u00e9o puissance de sortie 4 OHM<\/td>\n<td align=\"center\" valign=\"middle\">2X1000W<\/td>\n<td align=\"center\" valign=\"middle\">2X1100W<\/td>\n<td align=\"center\" valign=\"middle\">2X1350W<\/td>\n<td align=\"center\" valign=\"middle\">2X1500W<\/td>\n<\/tr>\n<tr>\n<td>\u00a0St\u00e9r\u00e9o puissance de sortie 2\u03a9<\/td>\n<td align=\"center\" valign=\"middle\">2X1200W<\/td>\n<td align=\"center\" valign=\"middle\">2X1300W<\/td>\n<td align=\"center\" valign=\"middle\">2X1500W<\/td>\n<td align=\"center\" valign=\"middle\">2X1700W<\/td>\n<\/tr>\n<tr>\n<td>Mono bridg\u00e9 de sortie 8 OHMS<\/td>\n<td align=\"center\" valign=\"middle\">1100W<\/td>\n<td align=\"center\" valign=\"middle\">1350W<\/td>\n<td align=\"center\" valign=\"middle\">1600W<\/td>\n<td align=\"center\" valign=\"middle\">1800W<\/td>\n<\/tr>\n<tr>\n<td>\u00a0R\u00e9ponse En Fr\u00e9quence<\/td>\n<td colspan=\"4\" align=\"center\" valign=\"middle\">20Hz-20KHz\u00b1.0.3 dB<\/td>\n<\/tr>\n<tr>\n<td>Distorsion Harmonique Totale +N<\/td>\n<td colspan=\"4\" align=\"center\" valign=\"middle\">&gt;0,8% \u00e0 1 khz<\/td>\n<\/tr>\n<tr>\n<td>\u00a0S\/N Ratio<\/td>\n<td colspan=\"4\" align=\"center\" valign=\"middle\">&gt;100dB<\/td>\n<\/tr>\n<tr>\n<td>\u00a0Vitesse De Balayage<\/td>\n<td colspan=\"4\" align=\"center\" valign=\"middle\">\u226530V\/ \u03bc S<\/td>\n<\/tr>\n<tr>\n<td>Facteur D&#039;Amortissement<\/td>\n<td align=\"center\" valign=\"middle\">\u2265300:1<\/td>\n<td align=\"center\" valign=\"middle\">\u2265300:1<\/td>\n<td align=\"center\" valign=\"middle\">\u2265300:1<\/td>\n<td align=\"center\" valign=\"middle\">\u2265500:1<\/td>\n<\/tr>\n<tr>\n<td>La diaphonie<\/td>\n<td colspan=\"4\" align=\"center\" valign=\"middle\">&gt;90 db@1 khz<\/td>\n<\/tr>\n<tr>\n<td>\u00a0Imp\u00e9dance D&#039;Entr\u00e9e<\/td>\n<td colspan=\"4\" align=\"center\" valign=\"middle\">30 K\u03a9 (\u00c9quilibr\u00e9, St\u00e9r\u00e9o) \/ 15K\u03a9 (Blanced, Paralled)<\/td>\n<\/tr>\n<tr>\n<td>\u00a0Sensibilit\u00e9 D&#039;Entr\u00e9e<\/td>\n<td colspan=\"4\" align=\"center\" valign=\"middle\">0755V\/1.0 V\/1 .4V<\/td>\n<\/tr>\n<tr>\n<td>\u00a0Prot\u00e9ger<\/td>\n<td colspan=\"4\" align=\"center\" valign=\"middle\">Surchauffer les courts-circuits, DC, la limite et la-softssrt,<br \/>\nRelais de sortie Z\u00e9ro Curremt Commutateur, lntellctual limiteur d&#039;amplitude.<\/td>\n<\/tr>\n<tr>\n<td>\u00a0Hauteur<\/td>\n<td align=\"center\" valign=\"middle\">3U<\/td>\n<td align=\"center\" valign=\"middle\">3U<\/td>\n<td align=\"center\" valign=\"middle\">3U<\/td>\n<td align=\"center\" valign=\"middle\">3U<\/td>\n<\/tr>\n<tr>\n<td>\u00a0Griss Poids<\/td>\n<td align=\"center\" valign=\"middle\">32kg<\/td>\n<td align=\"center\" valign=\"middle\">35kg<\/td>\n<td align=\"center\" valign=\"middle\">38kg<\/td>\n<td align=\"center\" valign=\"middle\">42kg<\/td>\n<\/tr>\n<tr>\n<td>\u00a0Dimensions De L&#039;Emballage<\/td>\n<td colspan=\"4\" align=\"center\" valign=\"middle\">483 x 132 x 440mm<\/td>\n<\/tr>\n<\/tbody>\n<\/table>\n<\/div>","protected":false},"excerpt":{"rendered":"<p>Features: \u25a0Perfect electronic protected for, over load short circuit, self-excitation,<\/p>","protected":false},"featured_media":1416,"template":"","meta":[],"product_brand":[308],"product_cat":[39],"product_tag":[140,36],"class_list":{"0":"post-2291","1":"product","2":"type-product","3":"status-publish","4":"has-post-thumbnail","6":"product_brand-yh-audio","7":"product_cat-amplifier","8":"product_tag-ma-6s","9":"product_tag-power-amplifier","11":"first","12":"instock","13":"shipping-taxable","14":"product-type-simple"},"_links":{"self":[{"href":"https:\/\/yh-audio.com\/fr\/wp-json\/wp\/v2\/product\/2291","targetHints":{"allow":["GET"]}}],"collection":[{"href":"https:\/\/yh-audio.com\/fr\/wp-json\/wp\/v2\/product"}],"about":[{"href":"https:\/\/yh-audio.com\/fr\/wp-json\/wp\/v2\/types\/product"}],"version-history":[{"count":4,"href":"https:\/\/yh-audio.com\/fr\/wp-json\/wp\/v2\/product\/2291\/revisions"}],"predecessor-version":[{"id":4537,"href":"https:\/\/yh-audio.com\/fr\/wp-json\/wp\/v2\/product\/2291\/revisions\/4537"}],"wp:featuredmedia":[{"embeddable":true,"href":"https:\/\/yh-audio.com\/fr\/wp-json\/wp\/v2\/media\/1416"}],"wp:attachment":[{"href":"https:\/\/yh-audio.com\/fr\/wp-json\/wp\/v2\/media?parent=2291"}],"wp:term":[{"taxonomy":"product_brand","embeddable":true,"href":"https:\/\/yh-audio.com\/fr\/wp-json\/wp\/v2\/product_brand?post=2291"},{"taxonomy":"product_cat","embeddable":true,"href":"https:\/\/yh-audio.com\/fr\/wp-json\/wp\/v2\/product_cat?post=2291"},{"taxonomy":"product_tag","embeddable":true,"href":"https:\/\/yh-audio.com\/fr\/wp-json\/wp\/v2\/product_tag?post=2291"}],"curies":[{"name":"wp","href":"https:\/\/api.w.org\/{rel}","templated":true}]}}