{"id":3704,"date":"2026-03-17T12:10:52","date_gmt":"2026-03-17T12:10:52","guid":{"rendered":"https:\/\/yh-audio.com\/?post_type=product&#038;p=3704"},"modified":"2026-03-27T03:03:36","modified_gmt":"2026-03-27T03:03:36","slug":"dynacord-powermate-600-3","status":"publish","type":"product","link":"https:\/\/yh-audio.com\/fr\/product\/dynacord-powermate-600-3\/","title":{"rendered":"Dynacord PowerMate 600-3"},"content":{"rendered":"<h3 class=\"main-title\" data-imt-p=\"1\" data-imt_insert_failed_reason=\"same_text\">Dynacord PowerMate 600-3<\/h3>\n<ul>\n<li>Table de mixage avec 8 canaux d'entr\u00e9e (4 Micro\/Ligne + 2 Micro\/St\u00e9r\u00e9o-USB + 2 St\u00e9r\u00e9o-Ligne)<\/li>\n<li>Amplificateur tr\u00e8s puissant et fiable de 2 x 1 000 watts \/ 4 ohms<\/li>\n<li>2 effets modifiables de haute qualit\u00e9,<\/li>\n<li>Interface USB professionnelle 4\u00d74 24 bits \/ 96 kHz avec MIDI<\/li>\n<li>Pack l\u00e9ger (9,5 kg) pr\u00eat pour la route avec couvercle renforc\u00e9<\/li>\n<\/ul>\n<p>Il int\u00e8gre pas moins de six appareils audio d\u00e9di\u00e9s dans un format compact\u00a0: une console de mixage, deux unit\u00e9s d'effets, un \u00e9galiseur graphique, une interface audio USB et un amplificateur de puissance. Chacun d'eux offre une qualit\u00e9 audio exceptionnelle, digne des meilleurs appareils autonomes. Le PowerMate est un v\u00e9ritable appareil polyvalent, adapt\u00e9 \u00e0 presque toutes les applications, avec un maximum de fonctionnalit\u00e9s pour un encombrement minimal.<\/p>\n<p>La section de mixage comprend six pr\u00e9amplis micro discrets \u00e0 tr\u00e8s faible bruit. Trois bus auxiliaires, dont un commutable pr\u00e9\/post-fader, offrent une grande flexibilit\u00e9 pour le monitoring. Les deux processeurs d'effets proposent 100 pr\u00e9r\u00e9glages d'usine, incluant les r\u00e9verb\u00e9rations PowerMate, d\u00e9j\u00e0 l\u00e9gendaires. De plus, chaque pr\u00e9r\u00e9glage est modifiable et peut \u00eatre enregistr\u00e9 dans 20 m\u00e9moires utilisateur.<\/p>\n<p>L'interface audio USB int\u00e9gr\u00e9e permet de partager simultan\u00e9ment 4 canaux de lecture et 4 canaux d'enregistrement avec un PC ou un Mac. Veuillez consulter les informations concernant les pilotes disponibles. La norme studio est de 24 bits \/ 96 kHz. Une interface MIDI suppl\u00e9mentaire permet l'int\u00e9gration d'instruments, tels que des claviers. Une licence pour le logiciel Steinberg Cubase est incluse.<\/p>\n<p>L'\u00e9galiseur graphique st\u00e9r\u00e9o \u00e0 9 bandes permet un contr\u00f4le pr\u00e9cis de la tonalit\u00e9 des haut-parleurs et une adaptation optimale \u00e0 la pi\u00e8ce.<\/p>\n<p>Cet amplificateur est extr\u00eamement puissant avec 2 x 1000 W \/ 4 ohms (RMS). Gr\u00e2ce \u00e0 une alimentation \u00e0 d\u00e9coupage moderne et un \u00e9tage de sortie de classe D, il est \u00e9galement tr\u00e8s efficace et l\u00e9ger. Une protection des haut-parleurs (en option) permet de limiter la puissance en continu sans compromettre la dynamique.<\/p>\n<p>Enfin, le bo\u00eetier mince est prot\u00e9g\u00e9 par un couvercle en plastique robuste, maintenu par de puissants aimants \u00e0 pression.<\/p>","protected":false},"excerpt":{"rendered":"<ul>\n<li class=\"main-title\"><em><strong>PowerMate 600-3<\/strong><\/em><\/li>\n<li class=\"sub-title\"><strong><em>Console de mixage compacte \u00e0 8 canaux<\/em><\/strong><\/li>\n<\/ul>","protected":false},"featured_media":3930,"template":"","meta":[],"product_brand":[248],"product_cat":[40,305],"product_tag":[285],"class_list":{"0":"post-3704","1":"product","2":"type-product","3":"status-publish","4":"has-post-thumbnail","6":"product_brand-dynacord","7":"product_cat-mixer","8":"product_cat-powered-mixing-console","9":"product_tag-powermate-600-3","11":"first","12":"instock","13":"shipping-taxable","14":"product-type-simple"},"yoast_head":"<!-- This site is optimized with the Yoast SEO Premium plugin v27.4 (Yoast SEO v27.4) - https:\/\/yoast.com\/product\/yoast-seo-premium-wordpress\/ -->\n<title>Dynacord PowerMate 600-3 - yh audio<\/title>\n<meta name=\"robots\" content=\"index, follow, max-snippet:-1, max-image-preview:large, max-video-preview:-1\" \/>\n<link rel=\"canonical\" href=\"https:\/\/yh-audio.com\/fr\/produit\/dynacord-powermate-600-3\/\" \/>\n<meta property=\"og:locale\" content=\"fr_FR\" \/>\n<meta property=\"og:type\" content=\"article\" \/>\n<meta property=\"og:title\" content=\"Dynacord PowerMate 600-3\" \/>\n<meta property=\"og:description\" content=\"PowerMate 600-3  8\u2011channel compact power\u2011mixer\" \/>\n<meta property=\"og:url\" content=\"https:\/\/yh-audio.com\/fr\/produit\/dynacord-powermate-600-3\/\" \/>\n<meta property=\"og:site_name\" content=\"yh audio\" \/>\n<meta property=\"article:publisher\" content=\"https:\/\/www.facebook.com\/YH.Audio\/\" \/>\n<meta property=\"article:modified_time\" content=\"2026-03-27T03:03:36+00:00\" \/>\n<meta property=\"og:image\" content=\"https:\/\/yh-audio.com\/wp-content\/uploads\/2026\/03\/pm600-3_persp_top_01.jpg\" \/>\n\t<meta property=\"og:image:width\" content=\"1000\" \/>\n\t<meta property=\"og:image:height\" content=\"1000\" \/>\n\t<meta property=\"og:image:type\" content=\"image\/jpeg\" \/>\n<meta name=\"twitter:card\" content=\"summary_large_image\" \/>\n<meta name=\"twitter:site\" content=\"@YH_Audio\" \/>\n<meta name=\"twitter:label1\" content=\"Prix\" \/>\n\t<meta name=\"twitter:data1\" content=\"\" \/>\n\t<meta name=\"twitter:label2\" content=\"Disponibilit\u00e9\" \/>\n\t<meta name=\"twitter:data2\" content=\"En stock\" \/>\n<script type=\"application\/ld+json\" class=\"yoast-schema-graph\">{\"@context\":\"https:\\\/\\\/schema.org\",\"@graph\":[{\"@type\":\"WebPage\",\"@id\":\"https:\\\/\\\/yh-audio.com\\\/product\\\/dynacord-powermate-600-3\\\/\",\"url\":\"https:\\\/\\\/yh-audio.com\\\/product\\\/dynacord-powermate-600-3\\\/\",\"name\":\"Dynacord PowerMate 600-3 - yh audio\",\"isPartOf\":{\"@id\":\"https:\\\/\\\/yh-audio.com\\\/#website\"},\"primaryImageOfPage\":{\"@id\":\"https:\\\/\\\/yh-audio.com\\\/product\\\/dynacord-powermate-600-3\\\/#primaryimage\"},\"image\":{\"@id\":\"https:\\\/\\\/yh-audio.com\\\/product\\\/dynacord-powermate-600-3\\\/#primaryimage\"},\"thumbnailUrl\":\"https:\\\/\\\/yh-audio.com\\\/wp-content\\\/uploads\\\/2026\\\/03\\\/pm600-3_persp_top_01.jpg\",\"datePublished\":\"2026-03-17T12:10:52+00:00\",\"dateModified\":\"2026-03-27T03:03:36+00:00\",\"breadcrumb\":{\"@id\":\"https:\\\/\\\/yh-audio.com\\\/product\\\/dynacord-powermate-600-3\\\/#breadcrumb\"},\"inLanguage\":\"fr-FR\",\"potentialAction\":[{\"@type\":\"ReadAction\",\"target\":[\"https:\\\/\\\/yh-audio.com\\\/product\\\/dynacord-powermate-600-3\\\/\"]}]},{\"@type\":\"ImageObject\",\"inLanguage\":\"fr-FR\",\"@id\":\"https:\\\/\\\/yh-audio.com\\\/product\\\/dynacord-powermate-600-3\\\/#primaryimage\",\"url\":\"https:\\\/\\\/yh-audio.com\\\/wp-content\\\/uploads\\\/2026\\\/03\\\/pm600-3_persp_top_01.jpg\",\"contentUrl\":\"https:\\\/\\\/yh-audio.com\\\/wp-content\\\/uploads\\\/2026\\\/03\\\/pm600-3_persp_top_01.jpg\",\"width\":1000,\"height\":1000},{\"@type\":\"BreadcrumbList\",\"@id\":\"https:\\\/\\\/yh-audio.com\\\/product\\\/dynacord-powermate-600-3\\\/#breadcrumb\",\"itemListElement\":[{\"@type\":\"ListItem\",\"position\":1,\"name\":\"Home\",\"item\":\"https:\\\/\\\/yh-audio.com\\\/\"},{\"@type\":\"ListItem\",\"position\":2,\"name\":\"Shop\",\"item\":\"https:\\\/\\\/yh-audio.com\\\/pt\\\/shop\\\/\"},{\"@type\":\"ListItem\",\"position\":3,\"name\":\"Dynacord PowerMate 600-3\"}]},{\"@type\":\"WebSite\",\"@id\":\"https:\\\/\\\/yh-audio.com\\\/#website\",\"url\":\"https:\\\/\\\/yh-audio.com\\\/\",\"name\":\"yh audio\",\"description\":\"\",\"publisher\":{\"@id\":\"https:\\\/\\\/yh-audio.com\\\/#organization\"},\"potentialAction\":[{\"@type\":\"SearchAction\",\"target\":{\"@type\":\"EntryPoint\",\"urlTemplate\":\"https:\\\/\\\/yh-audio.com\\\/?s={search_term_string}\"},\"query-input\":{\"@type\":\"PropertyValueSpecification\",\"valueRequired\":true,\"valueName\":\"search_term_string\"}}],\"inLanguage\":\"fr-FR\"},{\"@type\":\"Organization\",\"@id\":\"https:\\\/\\\/yh-audio.com\\\/#organization\",\"name\":\"YH Audio\",\"alternateName\":\"YH Audio\",\"url\":\"https:\\\/\\\/yh-audio.com\\\/\",\"logo\":{\"@type\":\"ImageObject\",\"inLanguage\":\"fr-FR\",\"@id\":\"https:\\\/\\\/yh-audio.com\\\/#\\\/schema\\\/logo\\\/image\\\/\",\"url\":\"https:\\\/\\\/yh-audio.com\\\/wp-content\\\/uploads\\\/2024\\\/06\\\/700-700-LOGO.jpg\",\"contentUrl\":\"https:\\\/\\\/yh-audio.com\\\/wp-content\\\/uploads\\\/2024\\\/06\\\/700-700-LOGO.jpg\",\"width\":700,\"height\":700,\"caption\":\"YH Audio\"},\"image\":{\"@id\":\"https:\\\/\\\/yh-audio.com\\\/#\\\/schema\\\/logo\\\/image\\\/\"},\"sameAs\":[\"https:\\\/\\\/www.facebook.com\\\/YH.Audio\\\/\",\"https:\\\/\\\/x.com\\\/YH_Audio\",\"https:\\\/\\\/mastodon.social\\\/@YH_Audio\",\"https:\\\/\\\/www.instagram.com\\\/yh.audio\\\/\",\"https:\\\/\\\/www.youtube.com\\\/@YH_Audio\",\"https:\\\/\\\/www.tiktok.com\\\/@yh_audio_sound\",\"https:\\\/\\\/t.me\\\/YH_Audio\",\"https:\\\/\\\/vk.com\\\/YH.Audio\"]}]}<\/script>\n<meta property=\"product:brand\" content=\"Dynacord\" \/>\n<meta property=\"product:price:currency\" content=\"USD\" \/>\n<meta property=\"og:availability\" content=\"instock\" \/>\n<meta property=\"product:availability\" content=\"instock\" \/>\n<meta property=\"product:condition\" content=\"new\" \/>\n<!-- \/ Yoast SEO Premium plugin. -->","yoast_head_json":{"title":"Dynacord PowerMate 600-3 - yh audio","robots":{"index":"index","follow":"follow","max-snippet":"max-snippet:-1","max-image-preview":"max-image-preview:large","max-video-preview":"max-video-preview:-1"},"canonical":"https:\/\/yh-audio.com\/fr\/produit\/dynacord-powermate-600-3\/","og_locale":"fr_FR","og_type":"article","og_title":"Dynacord PowerMate 600-3","og_description":"PowerMate 600-3  8\u2011channel compact power\u2011mixer","og_url":"https:\/\/yh-audio.com\/fr\/produit\/dynacord-powermate-600-3\/","og_site_name":"yh audio","article_publisher":"https:\/\/www.facebook.com\/YH.Audio\/","article_modified_time":"2026-03-27T03:03:36+00:00","og_image":[{"width":1000,"height":1000,"url":"https:\/\/yh-audio.com\/wp-content\/uploads\/2026\/03\/pm600-3_persp_top_01.jpg","type":"image\/jpeg"}],"twitter_card":"summary_large_image","twitter_site":"@YH_Audio","twitter_misc":{"Prix":"","Disponibilit\u00e9":"En stock"},"schema":{"@context":"https:\/\/schema.org","@graph":[{"@type":"WebPage","@id":"https:\/\/yh-audio.com\/product\/dynacord-powermate-600-3\/","url":"https:\/\/yh-audio.com\/product\/dynacord-powermate-600-3\/","name":"Dynacord PowerMate 600-3 - yh audio","isPartOf":{"@id":"https:\/\/yh-audio.com\/#website"},"primaryImageOfPage":{"@id":"https:\/\/yh-audio.com\/product\/dynacord-powermate-600-3\/#primaryimage"},"image":{"@id":"https:\/\/yh-audio.com\/product\/dynacord-powermate-600-3\/#primaryimage"},"thumbnailUrl":"https:\/\/yh-audio.com\/wp-content\/uploads\/2026\/03\/pm600-3_persp_top_01.jpg","datePublished":"2026-03-17T12:10:52+00:00","dateModified":"2026-03-27T03:03:36+00:00","breadcrumb":{"@id":"https:\/\/yh-audio.com\/product\/dynacord-powermate-600-3\/#breadcrumb"},"inLanguage":"fr-FR","potentialAction":[{"@type":"ReadAction","target":["https:\/\/yh-audio.com\/product\/dynacord-powermate-600-3\/"]}]},{"@type":"ImageObject","inLanguage":"fr-FR","@id":"https:\/\/yh-audio.com\/product\/dynacord-powermate-600-3\/#primaryimage","url":"https:\/\/yh-audio.com\/wp-content\/uploads\/2026\/03\/pm600-3_persp_top_01.jpg","contentUrl":"https:\/\/yh-audio.com\/wp-content\/uploads\/2026\/03\/pm600-3_persp_top_01.jpg","width":1000,"height":1000},{"@type":"BreadcrumbList","@id":"https:\/\/yh-audio.com\/product\/dynacord-powermate-600-3\/#breadcrumb","itemListElement":[{"@type":"ListItem","position":1,"name":"Home","item":"https:\/\/yh-audio.com\/"},{"@type":"ListItem","position":2,"name":"Shop","item":"https:\/\/yh-audio.com\/pt\/shop\/"},{"@type":"ListItem","position":3,"name":"Dynacord PowerMate 600-3"}]},{"@type":"WebSite","@id":"https:\/\/yh-audio.com\/#website","url":"https:\/\/yh-audio.com\/","name":"yh audio","description":"","publisher":{"@id":"https:\/\/yh-audio.com\/#organization"},"potentialAction":[{"@type":"SearchAction","target":{"@type":"EntryPoint","urlTemplate":"https:\/\/yh-audio.com\/?s={search_term_string}"},"query-input":{"@type":"PropertyValueSpecification","valueRequired":true,"valueName":"search_term_string"}}],"inLanguage":"fr-FR"},{"@type":"Organization","@id":"https:\/\/yh-audio.com\/#organization","name":"YH Audio","alternateName":"YH Audio","url":"https:\/\/yh-audio.com\/","logo":{"@type":"ImageObject","inLanguage":"fr-FR","@id":"https:\/\/yh-audio.com\/#\/schema\/logo\/image\/","url":"https:\/\/yh-audio.com\/wp-content\/uploads\/2024\/06\/700-700-LOGO.jpg","contentUrl":"https:\/\/yh-audio.com\/wp-content\/uploads\/2024\/06\/700-700-LOGO.jpg","width":700,"height":700,"caption":"YH Audio"},"image":{"@id":"https:\/\/yh-audio.com\/#\/schema\/logo\/image\/"},"sameAs":["https:\/\/www.facebook.com\/YH.Audio\/","https:\/\/x.com\/YH_Audio","https:\/\/mastodon.social\/@YH_Audio","https:\/\/www.instagram.com\/yh.audio\/","https:\/\/www.youtube.com\/@YH_Audio","https:\/\/www.tiktok.com\/@yh_audio_sound","https:\/\/t.me\/YH_Audio","https:\/\/vk.com\/YH.Audio"]}]},"product_brand":"Dynacord","product_price_currency":"USD","og_availability":"instock","product_availability":"instock","product_condition":"new"},"_links":{"self":[{"href":"https:\/\/yh-audio.com\/fr\/wp-json\/wp\/v2\/product\/3704","targetHints":{"allow":["GET"]}}],"collection":[{"href":"https:\/\/yh-audio.com\/fr\/wp-json\/wp\/v2\/product"}],"about":[{"href":"https:\/\/yh-audio.com\/fr\/wp-json\/wp\/v2\/types\/product"}],"version-history":[{"count":1,"href":"https:\/\/yh-audio.com\/fr\/wp-json\/wp\/v2\/product\/3704\/revisions"}],"predecessor-version":[{"id":3711,"href":"https:\/\/yh-audio.com\/fr\/wp-json\/wp\/v2\/product\/3704\/revisions\/3711"}],"wp:featuredmedia":[{"embeddable":true,"href":"https:\/\/yh-audio.com\/fr\/wp-json\/wp\/v2\/media\/3930"}],"wp:attachment":[{"href":"https:\/\/yh-audio.com\/fr\/wp-json\/wp\/v2\/media?parent=3704"}],"wp:term":[{"taxonomy":"product_brand","embeddable":true,"href":"https:\/\/yh-audio.com\/fr\/wp-json\/wp\/v2\/product_brand?post=3704"},{"taxonomy":"product_cat","embeddable":true,"href":"https:\/\/yh-audio.com\/fr\/wp-json\/wp\/v2\/product_cat?post=3704"},{"taxonomy":"product_tag","embeddable":true,"href":"https:\/\/yh-audio.com\/fr\/wp-json\/wp\/v2\/product_tag?post=3704"}],"curies":[{"name":"wp","href":"https:\/\/api.w.org\/{rel}","templated":true}]}}