{"id":4381,"date":"2026-03-27T03:22:52","date_gmt":"2026-03-27T03:22:52","guid":{"rendered":"https:\/\/yh-audio.com\/?post_type=product&#038;p=4381"},"modified":"2026-04-01T08:24:08","modified_gmt":"2026-04-01T08:24:08","slug":"yh-md16","status":"publish","type":"product","link":"https:\/\/yh-audio.com\/fr\/product\/yh-md16\/","title":{"rendered":"YH-MD16"},"content":{"rendered":"<h4 class=\"kmb-widget-rich-text kmb-product-name kmb-widget-title-h4\" data-max-chars=\"120\"><span class=\"kmb-live-tag-label kmb-rich-text-paragraph\" dir=\"\"><span class=\"kmb-color-tag-label kmb-rich-text\" data-text-size=\"14px\" data-text-family=\"&quot;Microsoft YaHei&quot;, SimSun\" data-imt-p=\"1\">Console de mixage num\u00e9rique professionnelle MD16 \u00e0 16 canaux <\/span><\/span><span class=\"kmb-live-tag-label kmb-rich-text-paragraph\" dir=\"\"><span class=\"kmb-color-tag-label kmb-rich-text\" data-text-size=\"14px\" data-text-family=\"&quot;Microsoft YaHei&quot;, SimSun\">console<\/span><\/span><\/h4>\n<p>\u2022 16 (20) entr\u00e9es, dont\u00a0: 12 (16) entr\u00e9es microphone, 2 entr\u00e9es st\u00e9r\u00e9o et 2 entr\u00e9es st\u00e9r\u00e9o num\u00e9riques (lecture USB, carte son USB\/entr\u00e9e fibre optique). \u2022 6 sorties AUX\u00a0: 1 sortie principale st\u00e9r\u00e9o, 1 sortie monitoring st\u00e9r\u00e9o, 2 sorties num\u00e9riques st\u00e9r\u00e9o (carte son USB, enregistrement USB). \u2022 Chaque canal d\u2019entr\u00e9e dispose de filtres passe-haut et passe-bas, d\u2019un \u00e9galiseur param\u00e9trique (PEQ), d\u2019un compresseur, d\u2019un noise gate et d\u2019un traitement de phase ind\u00e9pendants. \u2022 Chaque canal d\u2019entr\u00e9e microphone b\u00e9n\u00e9ficie d\u2019un contr\u00f4le de gain num\u00e9rique programmable de haute qualit\u00e9 et d\u2019une alimentation fant\u00f4me ind\u00e9pendante. \u2022 Chaque canal de sortie AUX dispose d\u2019un diviseur de fr\u00e9quence, d\u2019un \u00e9galiseur param\u00e9trique (PEQ), d\u2019un compresseur, d\u2019un traitement de d\u00e9lai, d\u2019une fonction de d\u00e9calage de fr\u00e9quence anti-larsen \u00e0 3 niveaux et d\u2019un fader de sortie avant\/arri\u00e8re ind\u00e9pendants. \u2022 Le canal de sortie principal st\u00e9r\u00e9o dispose d\u2019un diviseur de fr\u00e9quence, d\u2019un \u00e9galiseur param\u00e9trique (PEQ), d\u2019un compresseur, d\u2019un traitement de d\u00e9lai et d\u2019une fonction de d\u00e9calage de fr\u00e9quence anti-larsen de niveau 3 ind\u00e9pendants. \u2022 Les noms des pr\u00e9r\u00e9glages de tous les canaux sont personnalisables et peuvent \u00eatre r\u00e9\u00e9crits. \u2022 Tous les canaux d\u2019entr\u00e9e et de sortie prennent en charge la duplication personnalis\u00e9e. \u2022 Tous les param\u00e8tres de configuration de cet appareil peuvent \u00eatre enregistr\u00e9s et les fonctions peuvent \u00eatre modifi\u00e9es. Il int\u00e8gre deux effets st\u00e9r\u00e9o professionnels ind\u00e9pendants, avec bus de transmission d\u00e9di\u00e9, et propose une vari\u00e9t\u00e9 d'effets au choix. Il prend \u00e9galement en charge 16 modes d'effets personnalis\u00e9s. \u2022 Lecteur USB int\u00e9gr\u00e9, compatible avec l'enregistrement et la lecture st\u00e9r\u00e9o en temps r\u00e9el. Carte son USB int\u00e9gr\u00e9e, compatible avec l'enregistrement et la lecture en temps r\u00e9el sur PC. \u2022 Prise en charge de l'enregistrement et de l'appel des sc\u00e8nes utilisateur. \u2022 Protection par mot de passe administrateur et utilisateur personnalisable. Le mot de passe administrateur est valable pour les op\u00e9rations locales et l'acc\u00e8s depuis un terminal mobile.<\/p>","protected":false},"excerpt":{"rendered":"<h4 class=\"kmb-widget-rich-text kmb-product-name kmb-widget-title-h4\" data-max-chars=\"120\"><span class=\"kmb-live-tag-label kmb-rich-text-paragraph\" dir=\"\"><span class=\"kmb-color-tag-label kmb-rich-text\" data-text-size=\"14px\" data-text-family=\"&quot;Microsoft YaHei&quot;, SimSun\">Console de mixage num\u00e9rique professionnelle MD16 \u00e0 16 canaux<\/span><\/span><\/h4>","protected":false},"featured_media":4364,"template":"","meta":[],"product_brand":[308],"product_cat":[304,40],"product_tag":[],"class_list":{"0":"post-4381","1":"product","2":"type-product","3":"status-publish","4":"has-post-thumbnail","6":"product_brand-oem-yh-audio","7":"product_cat-digital-mixing-console","8":"product_cat-mixer","10":"first","11":"instock","12":"shipping-taxable","13":"product-type-simple"},"_links":{"self":[{"href":"https:\/\/yh-audio.com\/fr\/wp-json\/wp\/v2\/product\/4381","targetHints":{"allow":["GET"]}}],"collection":[{"href":"https:\/\/yh-audio.com\/fr\/wp-json\/wp\/v2\/product"}],"about":[{"href":"https:\/\/yh-audio.com\/fr\/wp-json\/wp\/v2\/types\/product"}],"version-history":[{"count":2,"href":"https:\/\/yh-audio.com\/fr\/wp-json\/wp\/v2\/product\/4381\/revisions"}],"predecessor-version":[{"id":4528,"href":"https:\/\/yh-audio.com\/fr\/wp-json\/wp\/v2\/product\/4381\/revisions\/4528"}],"wp:featuredmedia":[{"embeddable":true,"href":"https:\/\/yh-audio.com\/fr\/wp-json\/wp\/v2\/media\/4364"}],"wp:attachment":[{"href":"https:\/\/yh-audio.com\/fr\/wp-json\/wp\/v2\/media?parent=4381"}],"wp:term":[{"taxonomy":"product_brand","embeddable":true,"href":"https:\/\/yh-audio.com\/fr\/wp-json\/wp\/v2\/product_brand?post=4381"},{"taxonomy":"product_cat","embeddable":true,"href":"https:\/\/yh-audio.com\/fr\/wp-json\/wp\/v2\/product_cat?post=4381"},{"taxonomy":"product_tag","embeddable":true,"href":"https:\/\/yh-audio.com\/fr\/wp-json\/wp\/v2\/product_tag?post=4381"}],"curies":[{"name":"wp","href":"https:\/\/api.w.org\/{rel}","templated":true}]}}