{"id":4387,"date":"2026-03-27T03:28:10","date_gmt":"2026-03-27T03:28:10","guid":{"rendered":"https:\/\/yh-audio.com\/?post_type=product&#038;p=4387"},"modified":"2026-04-01T08:23:34","modified_gmt":"2026-04-01T08:23:34","slug":"yh-t24","status":"publish","type":"product","link":"https:\/\/yh-audio.com\/fr\/product\/yh-t24\/","title":{"rendered":"YH-T24"},"content":{"rendered":"<h4 class=\"kmb-widget-rich-text kmb-product-name kmb-widget-title-h4\" data-max-chars=\"120\"><span class=\"kmb-live-tag-label kmb-rich-text-paragraph\" dir=\"\">Console de mixage num\u00e9rique professionnelle T24 \u00e0 24 canaux<\/span><\/h4>\n<p class=\"kmb-live-tag-label kmb-rich-text-paragraph\" dir=\"\"><strong>Configuration d'entr\u00e9e<\/strong><\/p>\n<ul>\n<li>\n<p class=\"kmb-live-tag-label kmb-rich-text-paragraph\" dir=\"\"><strong>T24\u00a0:<\/strong>\u00a020 entr\u00e9es micro + 2 entr\u00e9es st\u00e9r\u00e9o + 2 entr\u00e9es st\u00e9r\u00e9o num\u00e9riques (lecture USB, carte son USB\/entr\u00e9e optique)<\/p>\n<\/li>\n<\/ul>\n<p class=\"kmb-live-tag-label kmb-rich-text-paragraph\" dir=\"\"><strong>Configuration de sortie<\/strong><\/p>\n<ul>\n<li>\n<p class=\"kmb-live-tag-label kmb-rich-text-paragraph\" dir=\"\">6 sorties AUX, 1 sortie principale st\u00e9r\u00e9o, 1 sortie moniteur st\u00e9r\u00e9o, 2 sorties st\u00e9r\u00e9o num\u00e9riques (carte son USB, enregistrement USB)<\/p>\n<\/li>\n<\/ul>\n<p class=\"kmb-live-tag-label kmb-rich-text-paragraph\" dir=\"\"><strong>Traitement du canal<\/strong><\/p>\n<ul>\n<li>\n<p class=\"kmb-live-tag-label kmb-rich-text-paragraph\" dir=\"\"><strong>Tous les canaux d'entr\u00e9e\u00a0:<\/strong>\u00a0Filtre passe-haut ind\u00e9pendant, filtre passe-bas, \u00e9galiseur param\u00e9trique, compresseur, noise gate et contr\u00f4le de phase.<\/p>\n<\/li>\n<li>\n<p class=\"kmb-live-tag-label kmb-rich-text-paragraph\" dir=\"\"><strong>Entr\u00e9es micro :<\/strong>\u00a0Contr\u00f4le de gain num\u00e9rique programmable de haute qualit\u00e9 et alimentation fant\u00f4me ind\u00e9pendante.<\/p>\n<\/li>\n<li>\n<p class=\"kmb-live-tag-label kmb-rich-text-paragraph\" dir=\"\"><strong>AUX &amp; Main Outputs:<\/strong>\u00a0Filtre actif ind\u00e9pendant, \u00e9galiseur param\u00e9trique, compresseur, d\u00e9lai et suppression du Larsen \u00e0 3 niveaux (d\u00e9calage de fr\u00e9quence). Les sorties AUX offrent \u00e9galement une s\u00e9lection pr\u00e9\/post-fader.<\/p>\n<\/li>\n<\/ul>\n<p class=\"kmb-live-tag-label kmb-rich-text-paragraph\" dir=\"\"><strong>Routage et gestion<\/strong><\/p>\n<ul>\n<li>\n<p class=\"kmb-live-tag-label kmb-rich-text-paragraph\" dir=\"\">Pages de routage d\u00e9di\u00e9es aux sorties AUX et principales pour une visualisation claire du flux de signal et une \u00e9dition rapide des param\u00e8tres.<\/p>\n<\/li>\n<li>\n<p class=\"kmb-live-tag-label kmb-rich-text-paragraph\" dir=\"\">Noms pr\u00e9d\u00e9finis personnalisables pour tous les canaux.<\/p>\n<\/li>\n<li>\n<p class=\"kmb-live-tag-label kmb-rich-text-paragraph\" dir=\"\">Copiez librement les param\u00e8tres entre n'importe quels canaux d'entr\u00e9e et de sortie.<\/p>\n<\/li>\n<li>\n<p class=\"kmb-live-tag-label kmb-rich-text-paragraph\" dir=\"\">Stockez et rappelez tous les param\u00e8tres de l'appareil.<\/p>\n<\/li>\n<\/ul>\n<p class=\"kmb-live-tag-label kmb-rich-text-paragraph\" dir=\"\"><strong>Effets et traitement<\/strong><\/p>\n<ul>\n<li>\n<p class=\"kmb-live-tag-label kmb-rich-text-paragraph\" dir=\"\">Deux processeurs d'effets st\u00e9r\u00e9o professionnels ind\u00e9pendants avec bus d'envoi d\u00e9di\u00e9s et plusieurs types d'effets.<\/p>\n<\/li>\n<li>\n<p class=\"kmb-live-tag-label kmb-rich-text-paragraph\" dir=\"\">16 emplacements d'effets personnalis\u00e9s programmables par l'utilisateur.<\/p>\n<\/li>\n<\/ul>\n<p class=\"kmb-live-tag-label kmb-rich-text-paragraph\" dir=\"\"><strong>Lecture et enregistrement<\/strong><\/p>\n<ul>\n<li>\n<p class=\"kmb-live-tag-label kmb-rich-text-paragraph\" dir=\"\">Lecteur USB int\u00e9gr\u00e9 pour l'enregistrement et la lecture st\u00e9r\u00e9o en temps r\u00e9el.<\/p>\n<\/li>\n<li>\n<p class=\"kmb-live-tag-label kmb-rich-text-paragraph\" dir=\"\">Carte son USB int\u00e9gr\u00e9e pour l'enregistrement\/la lecture en temps r\u00e9el via PC.<\/p>\n<\/li>\n<\/ul>\n<p class=\"kmb-live-tag-label kmb-rich-text-paragraph\" dir=\"\"><strong>Syst\u00e8me et contr\u00f4le<\/strong><\/p>\n<ul>\n<li>\n<p class=\"kmb-live-tag-label kmb-rich-text-paragraph\" dir=\"\" data-imt-p=\"1\">Sauvegarde et rappel de la sc\u00e8ne utilisateur.<span class=\"notranslate immersive-translate-target-wrapper\" lang=\"zh-CN\" style=\"\"><br \/>\n<span class=\"notranslate immersive-translate-target-translation-theme-none immersive-translate-target-translation-block-wrapper-theme-none immersive-translate-target-translation-block-wrapper\" style=\"\" data-immersive-translate-translation-element-mark=\"1\"><span class=\"notranslate immersive-translate-target-inner immersive-translate-target-translation-theme-none-inner\" style=\"\" data-immersive-translate-translation-element-mark=\"1\">\u7528\u6237\u573a\u666f\u4fdd\u5b58\u548c\u8c03\u7528\u3002<\/span><\/span><\/span><\/p>\n<\/li>\n<li>\n<p class=\"kmb-live-tag-label kmb-rich-text-paragraph\" dir=\"\">Protection par mot de passe administrateur ind\u00e9pendant et par mot de passe utilisateur personnalisable, efficace pour l'acc\u00e8s local et mobile.<\/p>\n<\/li>\n<\/ul>\n<p class=\"kmb-live-tag-label kmb-rich-text-paragraph\" dir=\"\"><strong>Interface et connectivit\u00e9<\/strong><\/p>\n<ul>\n<li>\n<p class=\"kmb-live-tag-label kmb-rich-text-paragraph\" dir=\"\">\u00c9cran tactile capacitif haute d\u00e9finition de 7 pouces (1280\u00d7800) avec prise en charge multitouch.<\/p>\n<\/li>\n<li>\n<p class=\"kmb-live-tag-label kmb-rich-text-paragraph\" dir=\"\">Serveur web HTML5 int\u00e9gr\u00e9 avec point d'acc\u00e8s Wi-Fi. Compatible avec les appareils mobiles iOS, Android et Windows, il permet une interaction multi-\u00e9crans et un contr\u00f4le \u00e0 distance complet. Compatible avec les protocoles de gestion centralis\u00e9e.<\/p>\n<\/li>\n<\/ul>\n<p class=\"kmb-live-tag-label kmb-rich-text-paragraph\" dir=\"\"><strong>Fonctionnalit\u00e9s suppl\u00e9mentaires<\/strong><\/p>\n<ul>\n<li>\n<p class=\"kmb-live-tag-label kmb-rich-text-paragraph\" dir=\"\">\u00c9cran d'accueil avec affichage en temps r\u00e9el de l'\u00e9tat audio et des niveaux sonores pour tous les canaux.<\/p>\n<\/li>\n<li>\n<p class=\"kmb-live-tag-label kmb-rich-text-paragraph\" dir=\"\">3 groupes DCA.<\/p>\n<\/li>\n<li>\n<p class=\"kmb-live-tag-label kmb-rich-text-paragraph\" dir=\"\">Contr\u00f4le du volume principal d\u00e9di\u00e9 et fonction de coupure du son d'urgence.<\/p>\n<\/li>\n<li>\n<p class=\"kmb-live-tag-label kmb-rich-text-paragraph\" dir=\"\">Prise en charge du contr\u00f4le par p\u00e9dale d'effets.<\/p>\n<\/li>\n<li>\n<p class=\"kmb-live-tag-label kmb-rich-text-paragraph\" dir=\"\">Fonction de contr\u00f4le du tempo des effets.<\/p>\n<\/li>\n<\/ul>","protected":false},"excerpt":{"rendered":"<h4 class=\"kmb-widget-rich-text kmb-product-name kmb-widget-title-h4\" data-max-chars=\"120\"><span class=\"kmb-live-tag-label kmb-rich-text-paragraph\" dir=\"\">Console de mixage num\u00e9rique professionnelle T24 \u00e0 24 canaux<\/span><\/h4>","protected":false},"featured_media":4373,"template":"","meta":[],"product_brand":[308],"product_cat":[304,40],"product_tag":[],"class_list":{"0":"post-4387","1":"product","2":"type-product","3":"status-publish","4":"has-post-thumbnail","6":"product_brand-oem-yh-audio","7":"product_cat-digital-mixing-console","8":"product_cat-mixer","10":"first","11":"instock","12":"shipping-taxable","13":"product-type-simple"},"_links":{"self":[{"href":"https:\/\/yh-audio.com\/fr\/wp-json\/wp\/v2\/product\/4387","targetHints":{"allow":["GET"]}}],"collection":[{"href":"https:\/\/yh-audio.com\/fr\/wp-json\/wp\/v2\/product"}],"about":[{"href":"https:\/\/yh-audio.com\/fr\/wp-json\/wp\/v2\/types\/product"}],"version-history":[{"count":2,"href":"https:\/\/yh-audio.com\/fr\/wp-json\/wp\/v2\/product\/4387\/revisions"}],"predecessor-version":[{"id":4525,"href":"https:\/\/yh-audio.com\/fr\/wp-json\/wp\/v2\/product\/4387\/revisions\/4525"}],"wp:featuredmedia":[{"embeddable":true,"href":"https:\/\/yh-audio.com\/fr\/wp-json\/wp\/v2\/media\/4373"}],"wp:attachment":[{"href":"https:\/\/yh-audio.com\/fr\/wp-json\/wp\/v2\/media?parent=4387"}],"wp:term":[{"taxonomy":"product_brand","embeddable":true,"href":"https:\/\/yh-audio.com\/fr\/wp-json\/wp\/v2\/product_brand?post=4387"},{"taxonomy":"product_cat","embeddable":true,"href":"https:\/\/yh-audio.com\/fr\/wp-json\/wp\/v2\/product_cat?post=4387"},{"taxonomy":"product_tag","embeddable":true,"href":"https:\/\/yh-audio.com\/fr\/wp-json\/wp\/v2\/product_tag?post=4387"}],"curies":[{"name":"wp","href":"https:\/\/api.w.org\/{rel}","templated":true}]}}