{"id":4455,"date":"2026-04-01T03:14:59","date_gmt":"2026-04-01T03:14:59","guid":{"rendered":"https:\/\/yh-audio.com\/?post_type=product&#038;p=4455"},"modified":"2026-04-01T08:22:41","modified_gmt":"2026-04-01T08:22:41","slug":"yh-td01-wireless-microphone-1-channel","status":"publish","type":"product","link":"https:\/\/yh-audio.com\/fr\/product\/yh-td01-wireless-microphone-1-channel\/","title":{"rendered":"YH-TD01 Wireless Microphone 1 Channel"},"content":{"rendered":"<p data-imt-p=\"1\">Microphone sans fil 1 canal<\/p>\n<p data-imt-p=\"1\" data-imt_insert_failed_reason=\"unknown\">Sp\u00e9cifications techniques de l'\u00e9metteur\u00a0:<br \/>\n1. Gamme de fr\u00e9quences : Canal A : 610,50~639,50 MHz ; Canal B : 640,5\u2013669,5 MHz.<span class=\"notranslate immersive-translate-target-wrapper\" lang=\"zh-CN\" style=\"\"><span class=\"notranslate immersive-translate-target-translation-theme-none immersive-translate-target-translation-block-wrapper-theme-none immersive-translate-target-translation-block-wrapper\" style=\"\" data-immersive-translate-translation-element-mark=\"1\"><span class=\"notranslate immersive-translate-target-inner immersive-translate-target-translation-theme-none-inner\" style=\"\" data-immersive-translate-translation-element-mark=\"1\">\u3002<\/span><\/span><\/span><br \/>\n2. Nombre de canaux\u00a0: 30 canaux AB (estimation prudente). Le code d\u2019identification change al\u00e9atoirement lors de chaque appariement dans la plage de fr\u00e9quences d\u00e9finie par le fabricant.<br \/>\n3. M\u00e9thode d'oscillation : Verrouillage de fr\u00e9quence par puce DSP.<br \/>\n4. Stabilit\u00e9 de fr\u00e9quence : \u00b110 ppm.<br \/>\n5. Puissance RF : 10 dBm.<span class=\"notranslate immersive-translate-target-wrapper\" lang=\"zh-CN\" style=\"\"><span class=\"notranslate\" style=\"\" data-immersive-translate-translation-element-mark=\"1\">\u00a0<\/span><\/span><br \/>\n6. R\u00e9ponse en fr\u00e9quence audio : 40~18000 Hz.<br \/>\n7. Niveau de distorsion : \u22640,5 %.<br \/>\n8. Sp\u00e9cifications de la batterie : batterie au lithium 18650 de 1200 mAh.<br \/>\n9. Autonomie de la batterie : 6 \u00e0 10 heures (varie selon le type et la capacit\u00e9 de la batterie).<br \/>\n10. Distance de lancement\u00a0: 60 m\u00e8tres en int\u00e9rieur, 100 m\u00e8tres en ext\u00e9rieur<span class=\"notranslate immersive-translate-target-wrapper\" lang=\"zh-CN\"><br \/>\n<\/span><\/p>\n<p>Sp\u00e9cifications techniques du r\u00e9cepteur\u00a0:<br \/>\n1. Gamme de fr\u00e9quences : Canal A : 610,90~635,40 MHz ; Canal B : 640,5\u2013669,5 MHz.<br \/>\n2. Nombre de canaux\u00a0: 30 canaux AB (estimation prudente). Le code d\u2019identification change al\u00e9atoirement lors de chaque appariement dans la plage de fr\u00e9quences d\u00e9finie par le fabricant.<br \/>\n3. M\u00e9thode d'oscillation : Verrouillage de fr\u00e9quence par puce DSP.<br \/>\n4. Stabilit\u00e9 de fr\u00e9quence : \u00b110 ppm.<br \/>\n5. Sensibilit\u00e9 de r\u00e9ception : -95~-71dBm.<br \/>\n6. R\u00e9ponse en fr\u00e9quence audio : 40~18000 Hz.<br \/>\n7. Niveau de distorsion : \u22640,5 %.<br \/>\n8. Rapport signal\/bruit : \u226590 dB.<br \/>\n9. Sortie audio : 350 mV (maximum).<br \/>\n10. Sp\u00e9cifications de la batterie : batterie au lithium 18650.<br \/>\n11. Sp\u00e9cifications de la batterie du bo\u00eetier de r\u00e9ception\u00a0: batterie au lithium 14500. 12. Autonomie\u00a0: 6 \u00e0 10\u00a0heures (variable selon le type et la capacit\u00e9 de la batterie).<\/p>","protected":false},"excerpt":{"rendered":"<p><strong> 1 canal <\/strong><\/p>","protected":false},"featured_media":4449,"template":"","meta":[],"product_brand":[308],"product_cat":[309,120],"product_tag":[],"class_list":{"0":"post-4455","1":"product","2":"type-product","3":"status-publish","4":"has-post-thumbnail","6":"product_brand-oem-yh-audio","7":"product_cat-1-channel","8":"product_cat-microphone","10":"first","11":"instock","12":"shipping-taxable","13":"product-type-simple"},"_links":{"self":[{"href":"https:\/\/yh-audio.com\/fr\/wp-json\/wp\/v2\/product\/4455","targetHints":{"allow":["GET"]}}],"collection":[{"href":"https:\/\/yh-audio.com\/fr\/wp-json\/wp\/v2\/product"}],"about":[{"href":"https:\/\/yh-audio.com\/fr\/wp-json\/wp\/v2\/types\/product"}],"version-history":[{"count":2,"href":"https:\/\/yh-audio.com\/fr\/wp-json\/wp\/v2\/product\/4455\/revisions"}],"predecessor-version":[{"id":4519,"href":"https:\/\/yh-audio.com\/fr\/wp-json\/wp\/v2\/product\/4455\/revisions\/4519"}],"wp:featuredmedia":[{"embeddable":true,"href":"https:\/\/yh-audio.com\/fr\/wp-json\/wp\/v2\/media\/4449"}],"wp:attachment":[{"href":"https:\/\/yh-audio.com\/fr\/wp-json\/wp\/v2\/media?parent=4455"}],"wp:term":[{"taxonomy":"product_brand","embeddable":true,"href":"https:\/\/yh-audio.com\/fr\/wp-json\/wp\/v2\/product_brand?post=4455"},{"taxonomy":"product_cat","embeddable":true,"href":"https:\/\/yh-audio.com\/fr\/wp-json\/wp\/v2\/product_cat?post=4455"},{"taxonomy":"product_tag","embeddable":true,"href":"https:\/\/yh-audio.com\/fr\/wp-json\/wp\/v2\/product_tag?post=4455"}],"curies":[{"name":"wp","href":"https:\/\/api.w.org\/{rel}","templated":true}]}}