{"id":4484,"date":"2026-04-01T03:42:50","date_gmt":"2026-04-01T03:42:50","guid":{"rendered":"https:\/\/yh-audio.com\/?post_type=product&#038;p=4484"},"modified":"2026-04-01T08:21:19","modified_gmt":"2026-04-01T08:21:19","slug":"yh-5019-wireless-microphone-8-channels","status":"publish","type":"product","link":"https:\/\/yh-audio.com\/fr\/product\/yh-5019-wireless-microphone-8-channels\/","title":{"rendered":"YH-5019 Wireless Microphone 8 Channels"},"content":{"rendered":"<p>Param\u00e8tres techniques<\/p>\n<p>Gamme de fr\u00e9quences porteuses\u00a0: 600\u00a0MHz-690\u00a0MHz (gamme de fr\u00e9quences \u00e0 4\u00a0bandes en option)<\/p>\n<p>Modulation : FM<\/p>\n<p>D\u00e9viation de fr\u00e9quence maximale : \u00b1 45 kHz<\/p>\n<p>R\u00e9ponse en fr\u00e9quence : 50 Hz - 15 kHz<\/p>\n<p>Rapport signal\/bruit (S\/N) : 105 dB (A)<\/p>\n<p>Distortion (1KHz): &lt;0.3%<\/p>\n<p>Temp\u00e9rature de fonctionnement : -10 degr\u00e9s \u00e0 55 degr\u00e9s<\/p>\n<p>Distance de travail : 100 m\u00e8tres (environnement optimal)<\/p>\n<p>Consommation \u00e9lectrique : 8 W<\/p>\n<p>Puissance statique : 3 W<\/p>\n<p>R\u00e9cepteur<\/p>\n<p>Mode d'oscillation : PLL (synth\u00e9tiseur de fr\u00e9quence num\u00e9rique)<\/p>\n<p>Suppression des signaux parasites : \u226580 dB<\/p>\n<p>Suppression du miroir : \u226580 dB<\/p>\n<p>Sensibilit\u00e9 : 5 dBuV<\/p>\n<p>Niveau de sortie audio\u00a0: sortie sym\u00e9trique (prise XLR)\u00a0: 250\u00a0mV \/ 600\u00a0\u03a9<\/p>\n<p>Sortie asym\u00e9trique (prise jack 6,35 mm) : 400 mV \/ 3 k\u03a9<\/p>\n<p>Tension de fonctionnement : 12-18 V CC<\/p>\n<p>Courant de fonctionnement : \u2264 350 mA<\/p>\n<p>&nbsp;<\/p>\n<p>lanceurs portables<\/p>\n<p>Puissance de sortie RF\u00a0: jusqu\u2019\u00e0 30\u00a0mW (selon les sp\u00e9cifications nationales applicables)<\/p>\n<p>Mode d'oscillation : PLL (synth\u00e9tiseur de fr\u00e9quence num\u00e9rique)<\/p>\n<p>Transmitting frequency stability: &lt;30ppm<\/p>\n<p>Plage dynamique : \u2265 100 dB (A)<\/p>\n<p>R\u00e9ponse en fr\u00e9quence\u00a0: 50\u00a0Hz \u00e0 15\u00a0kHz maximum<\/p>","protected":false},"excerpt":{"rendered":"<p>8 canaux<\/p>","protected":false},"featured_media":4419,"template":"","meta":[],"product_brand":[308],"product_cat":[311,120],"product_tag":[],"class_list":{"0":"post-4484","1":"product","2":"type-product","3":"status-publish","4":"has-post-thumbnail","6":"product_brand-oem-yh-audio","7":"product_cat-8-channels","8":"product_cat-microphone","10":"first","11":"instock","12":"shipping-taxable","13":"product-type-simple"},"_links":{"self":[{"href":"https:\/\/yh-audio.com\/fr\/wp-json\/wp\/v2\/product\/4484","targetHints":{"allow":["GET"]}}],"collection":[{"href":"https:\/\/yh-audio.com\/fr\/wp-json\/wp\/v2\/product"}],"about":[{"href":"https:\/\/yh-audio.com\/fr\/wp-json\/wp\/v2\/types\/product"}],"version-history":[{"count":4,"href":"https:\/\/yh-audio.com\/fr\/wp-json\/wp\/v2\/product\/4484\/revisions"}],"predecessor-version":[{"id":4509,"href":"https:\/\/yh-audio.com\/fr\/wp-json\/wp\/v2\/product\/4484\/revisions\/4509"}],"wp:featuredmedia":[{"embeddable":true,"href":"https:\/\/yh-audio.com\/fr\/wp-json\/wp\/v2\/media\/4419"}],"wp:attachment":[{"href":"https:\/\/yh-audio.com\/fr\/wp-json\/wp\/v2\/media?parent=4484"}],"wp:term":[{"taxonomy":"product_brand","embeddable":true,"href":"https:\/\/yh-audio.com\/fr\/wp-json\/wp\/v2\/product_brand?post=4484"},{"taxonomy":"product_cat","embeddable":true,"href":"https:\/\/yh-audio.com\/fr\/wp-json\/wp\/v2\/product_cat?post=4484"},{"taxonomy":"product_tag","embeddable":true,"href":"https:\/\/yh-audio.com\/fr\/wp-json\/wp\/v2\/product_tag?post=4484"}],"curies":[{"name":"wp","href":"https:\/\/api.w.org\/{rel}","templated":true}]}}