{"id":3704,"date":"2026-03-17T12:10:52","date_gmt":"2026-03-17T12:10:52","guid":{"rendered":"https:\/\/yh-audio.com\/?post_type=product&#038;p=3704"},"modified":"2026-03-27T03:03:36","modified_gmt":"2026-03-27T03:03:36","slug":"dynacord-powermate-600-3","status":"publish","type":"product","link":"https:\/\/yh-audio.com\/it\/product\/dynacord-powermate-600-3\/","title":{"rendered":"Dynacord PowerMate 600-3"},"content":{"rendered":"<h3 class=\"main-title\" data-imt-p=\"1\" data-imt_insert_failed_reason=\"same_text\">Dynacord PowerMate 600-3<\/h3>\n<ul>\n<li>Mixer con 8 canali di ingresso (4 Mic\/Line + 2 Mic\/Stereo-USB + 2 Stereo-Line)<\/li>\n<li>Amplificatore molto potente e affidabile con 2 x 1.000 Watt \/ 4 Ohm<\/li>\n<li>2 effetti modificabili di alta qualit\u00e0,<\/li>\n<li>Interfaccia USB professionale 4\u00d74 a 24 bit \/ 96 kHz con MIDI<\/li>\n<li>Pacchetto leggero (9,5 kg) pronto per la strada con coperchio extra robusto<\/li>\n<\/ul>\n<p>Integra ben sei dispositivi audio dedicati in un unico chassis compatto: mixer, due unit\u00e0 effetti, equalizzatore grafico, interfaccia audio USB e amplificatore di potenza. Ciascuno di essi \u00e8 di altissima qualit\u00e0, come ci si aspetterebbe da un dispositivo autonomo. PowerMate \u00e8 un vero e proprio tuttofare, adatto a quasi tutte le applicazioni, con il massimo delle funzionalit\u00e0 nel minimo ingombro.<\/p>\n<p>La sezione di missaggio inizia con 6 preamplificatori microfonici discreti a bassissimo rumore. 3 bus ausiliari, uno dei quali commutabile pre\/post fader, offrono un'elevata flessibilit\u00e0 per il monitoraggio. I due processori di effetti offrono 100 preset di fabbrica, inclusi i gi\u00e0 leggendari riverberi PowerMate. Inoltre, ogni preset pu\u00f2 essere modificato e memorizzato in 20 memorie utente.<\/p>\n<p>L'interfaccia audio USB integrata condivide simultaneamente 4 canali di riproduzione e 4 canali di registrazione con un PC o Mac (consultare le informazioni sui driver disponibili), seguendo lo standard professionale a 24 bit\/96 kHz. Un'ulteriore interfaccia MIDI consente l'integrazione di strumenti, come le tastiere. La licenza per il software Cubase di Steinberg \u00e8 inclusa nella confezione.<\/p>\n<p>L'equalizzatore grafico stereo a 9 bande consente un controllo preciso del tono per i diffusori e l'adattamento all'ambiente.<\/p>\n<p>L'amplificatore \u00e8 estremamente potente, con 2 x 1000 W \/ 4 Ohm (RMS). Grazie alla moderna tecnologia di alimentazione switching e allo stadio di uscita in classe D, risulta anche molto efficiente e leggero. Un sistema di protezione per gli altoparlanti, opzionale, consente di limitare la potenza erogata a lungo termine senza compromettere la dinamica.<\/p>\n<p>Infine, l'involucro sottile \u00e8 protetto da un robusto coperchio in plastica, fissato tramite potenti magneti a scatto.<\/p>","protected":false},"excerpt":{"rendered":"<ul>\n<li class=\"main-title\"><em><strong>PowerMate 600-3<\/strong><\/em><\/li>\n<li class=\"sub-title\"><strong><em>Mixer di potenza compatto a 8 canali<\/em><\/strong><\/li>\n<\/ul>","protected":false},"featured_media":3930,"template":"","meta":[],"product_brand":[248],"product_cat":[40,305],"product_tag":[285],"class_list":{"0":"post-3704","1":"product","2":"type-product","3":"status-publish","4":"has-post-thumbnail","6":"product_brand-dynacord","7":"product_cat-mixer","8":"product_cat-powered-mixing-console","9":"product_tag-powermate-600-3","11":"first","12":"instock","13":"shipping-taxable","14":"product-type-simple"},"yoast_head":"<!-- This site is optimized with the Yoast SEO Premium plugin v27.4 (Yoast SEO v27.4) - https:\/\/yoast.com\/product\/yoast-seo-premium-wordpress\/ -->\n<title>Dynacord PowerMate 600-3 - yh audio<\/title>\n<meta name=\"robots\" content=\"index, follow, max-snippet:-1, max-image-preview:large, max-video-preview:-1\" \/>\n<link rel=\"canonical\" href=\"https:\/\/yh-audio.com\/it\/prodotto\/dynacord-powermate-600-3\/\" \/>\n<meta property=\"og:locale\" content=\"it_IT\" \/>\n<meta property=\"og:type\" content=\"article\" \/>\n<meta property=\"og:title\" content=\"Dynacord PowerMate 600-3\" \/>\n<meta property=\"og:description\" content=\"PowerMate 600-3  8\u2011channel compact power\u2011mixer\" \/>\n<meta property=\"og:url\" content=\"https:\/\/yh-audio.com\/it\/prodotto\/dynacord-powermate-600-3\/\" \/>\n<meta property=\"og:site_name\" content=\"yh audio\" \/>\n<meta property=\"article:publisher\" content=\"https:\/\/www.facebook.com\/YH.Audio\/\" \/>\n<meta property=\"article:modified_time\" content=\"2026-03-27T03:03:36+00:00\" \/>\n<meta property=\"og:image\" content=\"https:\/\/yh-audio.com\/wp-content\/uploads\/2026\/03\/pm600-3_persp_top_01.jpg\" \/>\n\t<meta property=\"og:image:width\" content=\"1000\" \/>\n\t<meta property=\"og:image:height\" content=\"1000\" \/>\n\t<meta property=\"og:image:type\" content=\"image\/jpeg\" \/>\n<meta name=\"twitter:card\" content=\"summary_large_image\" \/>\n<meta name=\"twitter:site\" content=\"@YH_Audio\" \/>\n<meta name=\"twitter:label1\" content=\"Prezzo\" \/>\n\t<meta name=\"twitter:data1\" content=\"\" \/>\n\t<meta name=\"twitter:label2\" content=\"Disponibilit\u00e0\" \/>\n\t<meta name=\"twitter:data2\" content=\"In stock\" \/>\n<script type=\"application\/ld+json\" class=\"yoast-schema-graph\">{\"@context\":\"https:\\\/\\\/schema.org\",\"@graph\":[{\"@type\":\"WebPage\",\"@id\":\"https:\\\/\\\/yh-audio.com\\\/product\\\/dynacord-powermate-600-3\\\/\",\"url\":\"https:\\\/\\\/yh-audio.com\\\/product\\\/dynacord-powermate-600-3\\\/\",\"name\":\"Dynacord PowerMate 600-3 - yh audio\",\"isPartOf\":{\"@id\":\"https:\\\/\\\/yh-audio.com\\\/#website\"},\"primaryImageOfPage\":{\"@id\":\"https:\\\/\\\/yh-audio.com\\\/product\\\/dynacord-powermate-600-3\\\/#primaryimage\"},\"image\":{\"@id\":\"https:\\\/\\\/yh-audio.com\\\/product\\\/dynacord-powermate-600-3\\\/#primaryimage\"},\"thumbnailUrl\":\"https:\\\/\\\/yh-audio.com\\\/wp-content\\\/uploads\\\/2026\\\/03\\\/pm600-3_persp_top_01.jpg\",\"datePublished\":\"2026-03-17T12:10:52+00:00\",\"dateModified\":\"2026-03-27T03:03:36+00:00\",\"breadcrumb\":{\"@id\":\"https:\\\/\\\/yh-audio.com\\\/product\\\/dynacord-powermate-600-3\\\/#breadcrumb\"},\"inLanguage\":\"it-IT\",\"potentialAction\":[{\"@type\":\"ReadAction\",\"target\":[\"https:\\\/\\\/yh-audio.com\\\/product\\\/dynacord-powermate-600-3\\\/\"]}]},{\"@type\":\"ImageObject\",\"inLanguage\":\"it-IT\",\"@id\":\"https:\\\/\\\/yh-audio.com\\\/product\\\/dynacord-powermate-600-3\\\/#primaryimage\",\"url\":\"https:\\\/\\\/yh-audio.com\\\/wp-content\\\/uploads\\\/2026\\\/03\\\/pm600-3_persp_top_01.jpg\",\"contentUrl\":\"https:\\\/\\\/yh-audio.com\\\/wp-content\\\/uploads\\\/2026\\\/03\\\/pm600-3_persp_top_01.jpg\",\"width\":1000,\"height\":1000},{\"@type\":\"BreadcrumbList\",\"@id\":\"https:\\\/\\\/yh-audio.com\\\/product\\\/dynacord-powermate-600-3\\\/#breadcrumb\",\"itemListElement\":[{\"@type\":\"ListItem\",\"position\":1,\"name\":\"Home\",\"item\":\"https:\\\/\\\/yh-audio.com\\\/\"},{\"@type\":\"ListItem\",\"position\":2,\"name\":\"Shop\",\"item\":\"https:\\\/\\\/yh-audio.com\\\/pt\\\/shop\\\/\"},{\"@type\":\"ListItem\",\"position\":3,\"name\":\"Dynacord PowerMate 600-3\"}]},{\"@type\":\"WebSite\",\"@id\":\"https:\\\/\\\/yh-audio.com\\\/#website\",\"url\":\"https:\\\/\\\/yh-audio.com\\\/\",\"name\":\"yh audio\",\"description\":\"\",\"publisher\":{\"@id\":\"https:\\\/\\\/yh-audio.com\\\/#organization\"},\"potentialAction\":[{\"@type\":\"SearchAction\",\"target\":{\"@type\":\"EntryPoint\",\"urlTemplate\":\"https:\\\/\\\/yh-audio.com\\\/?s={search_term_string}\"},\"query-input\":{\"@type\":\"PropertyValueSpecification\",\"valueRequired\":true,\"valueName\":\"search_term_string\"}}],\"inLanguage\":\"it-IT\"},{\"@type\":\"Organization\",\"@id\":\"https:\\\/\\\/yh-audio.com\\\/#organization\",\"name\":\"YH Audio\",\"alternateName\":\"YH Audio\",\"url\":\"https:\\\/\\\/yh-audio.com\\\/\",\"logo\":{\"@type\":\"ImageObject\",\"inLanguage\":\"it-IT\",\"@id\":\"https:\\\/\\\/yh-audio.com\\\/#\\\/schema\\\/logo\\\/image\\\/\",\"url\":\"https:\\\/\\\/yh-audio.com\\\/wp-content\\\/uploads\\\/2024\\\/06\\\/700-700-LOGO.jpg\",\"contentUrl\":\"https:\\\/\\\/yh-audio.com\\\/wp-content\\\/uploads\\\/2024\\\/06\\\/700-700-LOGO.jpg\",\"width\":700,\"height\":700,\"caption\":\"YH Audio\"},\"image\":{\"@id\":\"https:\\\/\\\/yh-audio.com\\\/#\\\/schema\\\/logo\\\/image\\\/\"},\"sameAs\":[\"https:\\\/\\\/www.facebook.com\\\/YH.Audio\\\/\",\"https:\\\/\\\/x.com\\\/YH_Audio\",\"https:\\\/\\\/mastodon.social\\\/@YH_Audio\",\"https:\\\/\\\/www.instagram.com\\\/yh.audio\\\/\",\"https:\\\/\\\/www.youtube.com\\\/@YH_Audio\",\"https:\\\/\\\/www.tiktok.com\\\/@yh_audio_sound\",\"https:\\\/\\\/t.me\\\/YH_Audio\",\"https:\\\/\\\/vk.com\\\/YH.Audio\"]}]}<\/script>\n<meta property=\"product:brand\" content=\"Dynacord\" \/>\n<meta property=\"product:price:currency\" content=\"USD\" \/>\n<meta property=\"og:availability\" content=\"instock\" \/>\n<meta property=\"product:availability\" content=\"instock\" \/>\n<meta property=\"product:condition\" content=\"new\" \/>\n<!-- \/ Yoast SEO Premium plugin. -->","yoast_head_json":{"title":"Dynacord PowerMate 600-3 - yh audio","robots":{"index":"index","follow":"follow","max-snippet":"max-snippet:-1","max-image-preview":"max-image-preview:large","max-video-preview":"max-video-preview:-1"},"canonical":"https:\/\/yh-audio.com\/it\/prodotto\/dynacord-powermate-600-3\/","og_locale":"it_IT","og_type":"article","og_title":"Dynacord PowerMate 600-3","og_description":"PowerMate 600-3  8\u2011channel compact power\u2011mixer","og_url":"https:\/\/yh-audio.com\/it\/prodotto\/dynacord-powermate-600-3\/","og_site_name":"yh audio","article_publisher":"https:\/\/www.facebook.com\/YH.Audio\/","article_modified_time":"2026-03-27T03:03:36+00:00","og_image":[{"width":1000,"height":1000,"url":"https:\/\/yh-audio.com\/wp-content\/uploads\/2026\/03\/pm600-3_persp_top_01.jpg","type":"image\/jpeg"}],"twitter_card":"summary_large_image","twitter_site":"@YH_Audio","twitter_misc":{"Prezzo":"","Disponibilit\u00e0":"In stock"},"schema":{"@context":"https:\/\/schema.org","@graph":[{"@type":"WebPage","@id":"https:\/\/yh-audio.com\/product\/dynacord-powermate-600-3\/","url":"https:\/\/yh-audio.com\/product\/dynacord-powermate-600-3\/","name":"Dynacord PowerMate 600-3 - yh audio","isPartOf":{"@id":"https:\/\/yh-audio.com\/#website"},"primaryImageOfPage":{"@id":"https:\/\/yh-audio.com\/product\/dynacord-powermate-600-3\/#primaryimage"},"image":{"@id":"https:\/\/yh-audio.com\/product\/dynacord-powermate-600-3\/#primaryimage"},"thumbnailUrl":"https:\/\/yh-audio.com\/wp-content\/uploads\/2026\/03\/pm600-3_persp_top_01.jpg","datePublished":"2026-03-17T12:10:52+00:00","dateModified":"2026-03-27T03:03:36+00:00","breadcrumb":{"@id":"https:\/\/yh-audio.com\/product\/dynacord-powermate-600-3\/#breadcrumb"},"inLanguage":"it-IT","potentialAction":[{"@type":"ReadAction","target":["https:\/\/yh-audio.com\/product\/dynacord-powermate-600-3\/"]}]},{"@type":"ImageObject","inLanguage":"it-IT","@id":"https:\/\/yh-audio.com\/product\/dynacord-powermate-600-3\/#primaryimage","url":"https:\/\/yh-audio.com\/wp-content\/uploads\/2026\/03\/pm600-3_persp_top_01.jpg","contentUrl":"https:\/\/yh-audio.com\/wp-content\/uploads\/2026\/03\/pm600-3_persp_top_01.jpg","width":1000,"height":1000},{"@type":"BreadcrumbList","@id":"https:\/\/yh-audio.com\/product\/dynacord-powermate-600-3\/#breadcrumb","itemListElement":[{"@type":"ListItem","position":1,"name":"Home","item":"https:\/\/yh-audio.com\/"},{"@type":"ListItem","position":2,"name":"Shop","item":"https:\/\/yh-audio.com\/pt\/shop\/"},{"@type":"ListItem","position":3,"name":"Dynacord PowerMate 600-3"}]},{"@type":"WebSite","@id":"https:\/\/yh-audio.com\/#website","url":"https:\/\/yh-audio.com\/","name":"yh audio","description":"","publisher":{"@id":"https:\/\/yh-audio.com\/#organization"},"potentialAction":[{"@type":"SearchAction","target":{"@type":"EntryPoint","urlTemplate":"https:\/\/yh-audio.com\/?s={search_term_string}"},"query-input":{"@type":"PropertyValueSpecification","valueRequired":true,"valueName":"search_term_string"}}],"inLanguage":"it-IT"},{"@type":"Organization","@id":"https:\/\/yh-audio.com\/#organization","name":"YH Audio","alternateName":"YH Audio","url":"https:\/\/yh-audio.com\/","logo":{"@type":"ImageObject","inLanguage":"it-IT","@id":"https:\/\/yh-audio.com\/#\/schema\/logo\/image\/","url":"https:\/\/yh-audio.com\/wp-content\/uploads\/2024\/06\/700-700-LOGO.jpg","contentUrl":"https:\/\/yh-audio.com\/wp-content\/uploads\/2024\/06\/700-700-LOGO.jpg","width":700,"height":700,"caption":"YH Audio"},"image":{"@id":"https:\/\/yh-audio.com\/#\/schema\/logo\/image\/"},"sameAs":["https:\/\/www.facebook.com\/YH.Audio\/","https:\/\/x.com\/YH_Audio","https:\/\/mastodon.social\/@YH_Audio","https:\/\/www.instagram.com\/yh.audio\/","https:\/\/www.youtube.com\/@YH_Audio","https:\/\/www.tiktok.com\/@yh_audio_sound","https:\/\/t.me\/YH_Audio","https:\/\/vk.com\/YH.Audio"]}]},"product_brand":"Dynacord","product_price_currency":"USD","og_availability":"instock","product_availability":"instock","product_condition":"new"},"_links":{"self":[{"href":"https:\/\/yh-audio.com\/it\/wp-json\/wp\/v2\/product\/3704","targetHints":{"allow":["GET"]}}],"collection":[{"href":"https:\/\/yh-audio.com\/it\/wp-json\/wp\/v2\/product"}],"about":[{"href":"https:\/\/yh-audio.com\/it\/wp-json\/wp\/v2\/types\/product"}],"version-history":[{"count":1,"href":"https:\/\/yh-audio.com\/it\/wp-json\/wp\/v2\/product\/3704\/revisions"}],"predecessor-version":[{"id":3711,"href":"https:\/\/yh-audio.com\/it\/wp-json\/wp\/v2\/product\/3704\/revisions\/3711"}],"wp:featuredmedia":[{"embeddable":true,"href":"https:\/\/yh-audio.com\/it\/wp-json\/wp\/v2\/media\/3930"}],"wp:attachment":[{"href":"https:\/\/yh-audio.com\/it\/wp-json\/wp\/v2\/media?parent=3704"}],"wp:term":[{"taxonomy":"product_brand","embeddable":true,"href":"https:\/\/yh-audio.com\/it\/wp-json\/wp\/v2\/product_brand?post=3704"},{"taxonomy":"product_cat","embeddable":true,"href":"https:\/\/yh-audio.com\/it\/wp-json\/wp\/v2\/product_cat?post=3704"},{"taxonomy":"product_tag","embeddable":true,"href":"https:\/\/yh-audio.com\/it\/wp-json\/wp\/v2\/product_tag?post=3704"}],"curies":[{"name":"wp","href":"https:\/\/api.w.org\/{rel}","templated":true}]}}