{"id":4375,"date":"2026-03-27T03:12:23","date_gmt":"2026-03-27T03:12:23","guid":{"rendered":"https:\/\/yh-audio.com\/?post_type=product&#038;p=4375"},"modified":"2026-04-01T08:24:31","modified_gmt":"2026-04-01T08:24:31","slug":"yh-mdx22","status":"publish","type":"product","link":"https:\/\/yh-audio.com\/it\/product\/yh-mdx22\/","title":{"rendered":"YH-MDX22"},"content":{"rendered":"<div class=\"kmb-widget-row\">\n<div class=\"kmb-widget-col md_w-2-3-1\">\n<div class=\"kmb-product-title-head\">\n<h4 class=\"kmb-widget-rich-text kmb-product-name kmb-widget-title-h4\" data-max-chars=\"120\"><span class=\"kmb-live-tag-label kmb-rich-text-paragraph\"><span class=\"kmb-color-tag-label\">Mixer digitale MDX22<\/span><\/span><\/h4>\n<\/div>\n<\/div>\n<\/div>\n<div class=\"kmb-product-details-row\">\n<div class=\"kmb-product-details w-full\">\n<div class=\"kmb-description-block kmb-widget-el-group hidden md_block\">\n<div class=\"kmb-widget-rich-text kmb-product-description kmb-widget-text-body2 kmb-site-font-14\" data-max-chars=\"120\">\n<p class=\"kmb-live-tag-label kmb-rich-text-paragraph\"><span class=\"kmb-color-tag-label\">Display principale: 6,1\u2033x3,5\u2033 (156 mm x 90 mm), schermo LCD TFT a colori ad alta definizione da 7\u2033, touchscreen capacitivo. Schermate guida canale: schermi LCD TFT a colori da 1,44\u2033, 13 pezzi. Illuminazione: LED integrato, incorporato, a colori reali con 9 colori selezionabili, luminosit\u00e0 regolabile. Fader: controllo intelligente motorizzato da 100 mm, precisione = 1024 livelli, fader completamente motorizzati da +10 dB a -60 dB\/-\u221e. Ingressi audio: 22 canali: 16 Mic\/Line (ingressi bilanciati combo XLR\/TRS), 2 ingressi Line IN stereo (ingressi bilanciati TRS da \u00bc\u201d), 1 riproduzione stereo da unit\u00e0 flash USB o Bluetooth. Uscite audio: 18 canali: 8 uscite bus MIX (uscite bilanciate XLR) 4 uscite bus MTRX (uscite bilanciate TRS da 1\/4\u201d) 1 uscita Main-Out L\/R stereo (uscite bilanciate XLR) 1 registrazione stereo da unit\u00e0 flash USB 1 uscita monitor stereo (jack stereo TRS da 1\/4\u201d, cuffie con impedenza minima di 16\u03a9) Elaborazione canale di ingresso: regolazione del guadagno analogico controllata digitalmente, regolazione della polarit\u00e0, selezione sorgente pre-fader\/post-fader a 4 posizioni, equalizzatore parametrico a 4 bande (PEQ), filtro passa-alto, filtro passa-basso, noise gate, compressore\/limitatore. Elaborazione canale di uscita: equalizzatore grafico a 15 bande (GEQ), filtri passa-alto e passa-basso, equalizzatore parametrico a 4 bande (PEQ), Compressore\/limitatore, ritardo (massimo 500 ms). Funzione di registrazione: registrazione stereo a doppio canale, selezionare un set di uscite stereo da Main-L\/R e MIX1\/MIX2, MIX3\/MIX4, MIX5\/MIX6, MIX7\/MIX8 come sorgente di registrazione. Raggruppamento: 12 gruppi DCA (con mute), 8 gruppi Mute. Fader personalizzabili: 12 fader personalizzabili, con modifica grafica drag-and-drop per un'interfaccia WYSIWYG (What You See Is What You Get). Supporta l'avvio della macchina nella pagina dei fader personalizzabili. Effetti: 4 processori di effetti professionali: Chorus, Flanger, Pitch-shift, Reverb, Stereo Delay, con 60 preset di fabbrica (FX Presets) e preset personalizzati di facile utilizzo. Preset: preset del mixer: i preset di fabbrica e utente consentono di salvare internamente o caricare da un'unit\u00e0 USB sul mixer tutti i parametri del mixer. Preset di canale: preset di canale utente Pu\u00f2 essere salvato internamente o caricato da un'unit\u00e0 USB sul mixer. Modalit\u00e0 scena: 6 pulsanti scena rapidi per scene veloci \u3010Salva\u3011\/\u3010Elimina\u3011\/\u3010Richiama\u3011\/\u3010Esporta\u3011\/\u3010Importa\u3011. Controllo esterno: app di gestione audio digitale interattiva per Android o Apple iPad, che consente il controllo di quasi tutti i parametri tramite Wi-Fi per un facile funzionamento remoto. Wi-Fi: adattatore Wi-Fi USB incluso. Bluetooth: adattatore Bluetooth USB incluso. Frequenza di campionamento\/profondit\u00e0 di bit: 48 kHz\/24 bit. Latenza del segnale: inferiore a 3,3 ms da qualsiasi ingresso a qualsiasi uscita.<\/span><\/p>\n<\/div>\n<\/div>\n<\/div>\n<\/div>","protected":false},"excerpt":{"rendered":"<h4 class=\"kmb-widget-rich-text kmb-product-name kmb-widget-title-h4\" data-max-chars=\"120\"><span class=\"kmb-live-tag-label kmb-rich-text-paragraph\"><span class=\"kmb-color-tag-label\">Mixer digitale MDX22<\/span><\/span><span class=\"kmb-live-tag-label kmb-rich-text-paragraph\" dir=\"\"><span class=\"kmb-color-tag-label kmb-rich-text\" data-text-size=\"14px\" data-text-family=\"&quot;Microsoft YaHei&quot;, SimSun\"> Console<\/span><\/span><\/h4>","protected":false},"featured_media":4351,"template":"","meta":[],"product_brand":[308],"product_cat":[304,40],"product_tag":[307],"class_list":{"0":"post-4375","1":"product","2":"type-product","3":"status-publish","4":"has-post-thumbnail","6":"product_brand-oem-yh-audio","7":"product_cat-digital-mixing-console","8":"product_cat-mixer","9":"product_tag-mdx22","11":"first","12":"instock","13":"shipping-taxable","14":"product-type-simple"},"_links":{"self":[{"href":"https:\/\/yh-audio.com\/it\/wp-json\/wp\/v2\/product\/4375","targetHints":{"allow":["GET"]}}],"collection":[{"href":"https:\/\/yh-audio.com\/it\/wp-json\/wp\/v2\/product"}],"about":[{"href":"https:\/\/yh-audio.com\/it\/wp-json\/wp\/v2\/types\/product"}],"version-history":[{"count":2,"href":"https:\/\/yh-audio.com\/it\/wp-json\/wp\/v2\/product\/4375\/revisions"}],"predecessor-version":[{"id":4531,"href":"https:\/\/yh-audio.com\/it\/wp-json\/wp\/v2\/product\/4375\/revisions\/4531"}],"wp:featuredmedia":[{"embeddable":true,"href":"https:\/\/yh-audio.com\/it\/wp-json\/wp\/v2\/media\/4351"}],"wp:attachment":[{"href":"https:\/\/yh-audio.com\/it\/wp-json\/wp\/v2\/media?parent=4375"}],"wp:term":[{"taxonomy":"product_brand","embeddable":true,"href":"https:\/\/yh-audio.com\/it\/wp-json\/wp\/v2\/product_brand?post=4375"},{"taxonomy":"product_cat","embeddable":true,"href":"https:\/\/yh-audio.com\/it\/wp-json\/wp\/v2\/product_cat?post=4375"},{"taxonomy":"product_tag","embeddable":true,"href":"https:\/\/yh-audio.com\/it\/wp-json\/wp\/v2\/product_tag?post=4375"}],"curies":[{"name":"wp","href":"https:\/\/api.w.org\/{rel}","templated":true}]}}