{"id":2295,"date":"2024-06-01T11:54:08","date_gmt":"2024-06-01T11:54:08","guid":{"rendered":"https:\/\/yh-audio.com\/?post_type=product&#038;p=2295"},"modified":"2026-04-01T08:26:44","modified_gmt":"2026-04-01T08:26:44","slug":"yh-jp-series-power-amplifier","status":"publish","type":"product","link":"https:\/\/yh-audio.com\/pt\/product\/yh-jp-series-power-amplifier\/","title":{"rendered":"YH JP Series Power Amplifier"},"content":{"rendered":"<p><strong>Caracter\u00edsticas:<\/strong><\/p>\n<p>\u25a0Perfect electronic protected for, over load short circuit, self-excitation, over temperature,mute for ON\/OFF, DC output for sure can be worked in high\u4eecvoice for long time safely<\/p>\n<p>\u25a0Amplify line with balanced low distortion and high speed Hi-Fi style, set a small signal processor in amplify input, filtering low and high frequenct singnal to reduce distortion and noise Exquisite, pure and full sound scaner, with frequency Hi-Fi amplity<\/p>\n<p>\u25a0Can be displayed around the volume, temperature, coltage.<\/p>\n<div><\/div>\n<div>\n<table style=\"height: 646px;\" border=\"1\" width=\"702\" cellspacing=\"1\" cellpadding=\"1\">\n<tbody>\n<tr>\n<td>MODELO<\/td>\n<td align=\"center\" valign=\"middle\">JP-1000<\/td>\n<td align=\"center\" valign=\"middle\">JP-2000<\/td>\n<td align=\"center\" valign=\"middle\">JP-3000<\/td>\n<td align=\"center\" valign=\"middle\">JP-5000<\/td>\n<\/tr>\n<tr>\n<td>\u00a0Est\u00e9reo pot\u00eancia de sa\u00edda 8\u03a9<\/td>\n<td align=\"center\" valign=\"middle\">2X300W<\/td>\n<td align=\"center\" valign=\"middle\">2X400W<\/td>\n<td align=\"center\" valign=\"middle\">2X400W<\/td>\n<td align=\"center\" valign=\"middle\">2X700W<\/td>\n<\/tr>\n<tr>\n<td>\u00a0Est\u00e9reo pot\u00eancia de sa\u00edda 4OHMS<\/td>\n<td align=\"center\" valign=\"middle\">2X450W<\/td>\n<td align=\"center\" valign=\"middle\">2X650W<\/td>\n<td align=\"center\" valign=\"middle\">2X850W<\/td>\n<td align=\"center\" valign=\"middle\">2X1000W<\/td>\n<\/tr>\n<tr>\n<td>\u00a0Est\u00e9reo pot\u00eancia de sa\u00edda 2\u03a9<\/td>\n<td align=\"center\" valign=\"middle\">2X650W<\/td>\n<td align=\"center\" valign=\"middle\">2X850W<\/td>\n<td align=\"center\" valign=\"middle\">2X1000W<\/td>\n<td align=\"center\" valign=\"middle\">2X1200W<\/td>\n<\/tr>\n<tr>\n<td>De opera\u00e7\u00e3o em ponte mono sa\u00edda de 8\u03a9<\/td>\n<td align=\"center\" valign=\"middle\">700W<\/td>\n<td align=\"center\" valign=\"middle\">1050W<\/td>\n<td align=\"center\" valign=\"middle\">1200W<\/td>\n<td align=\"center\" valign=\"middle\">1500W<\/td>\n<\/tr>\n<tr>\n<td>\u00a0Resposta De Freq\u00fc\u00eancia<\/td>\n<td colspan=\"4\" align=\"center\" valign=\"middle\">20Hz-20KHz\u00b1.0.3 dB<\/td>\n<\/tr>\n<tr>\n<td>Distor\u00e7\u00e3o Harm\u00f4nica Total +N<\/td>\n<td colspan=\"4\" align=\"center\" valign=\"middle\">&gt;0,8% a 1kHz<\/td>\n<\/tr>\n<tr>\n<td>\u00a0Rela\u00e7\u00e3o De S\/N<\/td>\n<td colspan=\"4\" align=\"center\" valign=\"middle\">&gt;100dB<\/td>\n<\/tr>\n<tr>\n<td>\u00a0Velocidade De Giro<\/td>\n<td colspan=\"4\" align=\"center\" valign=\"middle\">Igual ou superior a 30V\/ \u03bc S<\/td>\n<\/tr>\n<tr>\n<td>\u00a0Fator De Amortecimento<\/td>\n<td align=\"center\" valign=\"middle\">\u2265300:1<\/td>\n<td align=\"center\" valign=\"middle\">\u2265300:1<\/td>\n<td align=\"center\" valign=\"middle\">\u2265300:1<\/td>\n<td align=\"center\" valign=\"middle\">\u2265500:1<\/td>\n<\/tr>\n<tr>\n<td>\u00a0Conversa cruzada<\/td>\n<td colspan=\"4\" align=\"center\" valign=\"middle\">&gt;90 db@1KHz<\/td>\n<\/tr>\n<tr>\n<td>\u00a0Imped\u00e2ncia De Entrada<\/td>\n<td colspan=\"4\" align=\"center\" valign=\"middle\">30K\u03a9 (Equilibrado, Est\u00e9reo) \/ 15K\u03a9 (Blanced, Paralled)<\/td>\n<\/tr>\n<tr>\n<td>\u00a0Sensibilidade De Entrada<\/td>\n<td colspan=\"4\" align=\"center\" valign=\"middle\">0755V\/V 1.0\/1 .4V<\/td>\n<\/tr>\n<tr>\n<td>\u00a0Proteger<\/td>\n<td colspan=\"4\" align=\"center\" valign=\"middle\">Superaquecimento curto-circuitos, DC, limite de e-softssrt,<br \/>\nRel\u00e9 de sa\u00edda-Zero Curremt Mudar, lntellctual Clip limiter.<\/td>\n<\/tr>\n<tr>\n<td>\u00a0Altura<\/td>\n<td align=\"center\" valign=\"middle\">2U<\/td>\n<td align=\"center\" valign=\"middle\">2U<\/td>\n<td align=\"center\" valign=\"middle\">2U<\/td>\n<td align=\"center\" valign=\"middle\">2U<\/td>\n<\/tr>\n<tr>\n<td>\u00a0Griss Peso<\/td>\n<td align=\"center\" valign=\"middle\">16kg<\/td>\n<td align=\"center\" valign=\"middle\">18kg<\/td>\n<td align=\"center\" valign=\"middle\">20kg<\/td>\n<td align=\"center\" valign=\"middle\">22kg<\/td>\n<\/tr>\n<tr>\n<td>03 \u0418\u044e\u043b\u044c - 08 \u0418\u044e\u043b\u044c<\/td>\n<td colspan=\"4\" align=\"center\" valign=\"middle\">483 x 89 x 407mm<\/td>\n<\/tr>\n<\/tbody>\n<\/table>\n<\/div>","protected":false},"excerpt":{"rendered":"<p>Features: \u25a0Perfect electronic protected for, over load short circuit, self-excitation,<\/p>","protected":false},"featured_media":873,"template":"","meta":[],"product_brand":[308],"product_cat":[39],"product_tag":[142,36],"class_list":{"0":"post-2295","1":"product","2":"type-product","3":"status-publish","4":"has-post-thumbnail","6":"product_brand-yh-audio","7":"product_cat-amplifier","8":"product_tag-jp","9":"product_tag-power-amplifier","11":"first","12":"instock","13":"shipping-taxable","14":"product-type-simple"},"_links":{"self":[{"href":"https:\/\/yh-audio.com\/pt\/wp-json\/wp\/v2\/product\/2295","targetHints":{"allow":["GET"]}}],"collection":[{"href":"https:\/\/yh-audio.com\/pt\/wp-json\/wp\/v2\/product"}],"about":[{"href":"https:\/\/yh-audio.com\/pt\/wp-json\/wp\/v2\/types\/product"}],"version-history":[{"count":4,"href":"https:\/\/yh-audio.com\/pt\/wp-json\/wp\/v2\/product\/2295\/revisions"}],"predecessor-version":[{"id":4535,"href":"https:\/\/yh-audio.com\/pt\/wp-json\/wp\/v2\/product\/2295\/revisions\/4535"}],"wp:featuredmedia":[{"embeddable":true,"href":"https:\/\/yh-audio.com\/pt\/wp-json\/wp\/v2\/media\/873"}],"wp:attachment":[{"href":"https:\/\/yh-audio.com\/pt\/wp-json\/wp\/v2\/media?parent=2295"}],"wp:term":[{"taxonomy":"product_brand","embeddable":true,"href":"https:\/\/yh-audio.com\/pt\/wp-json\/wp\/v2\/product_brand?post=2295"},{"taxonomy":"product_cat","embeddable":true,"href":"https:\/\/yh-audio.com\/pt\/wp-json\/wp\/v2\/product_cat?post=2295"},{"taxonomy":"product_tag","embeddable":true,"href":"https:\/\/yh-audio.com\/pt\/wp-json\/wp\/v2\/product_tag?post=2295"}],"curies":[{"name":"wp","href":"https:\/\/api.w.org\/{rel}","templated":true}]}}