{"id":2297,"date":"2024-06-01T11:56:34","date_gmt":"2024-06-01T11:56:34","guid":{"rendered":"https:\/\/yh-audio.com\/?post_type=product&#038;p=2297"},"modified":"2026-04-01T08:26:37","modified_gmt":"2026-04-01T08:26:37","slug":"yh-ca20-series-power-amplifier","status":"publish","type":"product","link":"https:\/\/yh-audio.com\/pt\/product\/yh-ca20-series-power-amplifier\/","title":{"rendered":"YH CA20+ Series Power Amplifier"},"content":{"rendered":"<p><strong>Caracter\u00edsticas:<\/strong><\/p>\n<p>\u25a0Todas as s\u00e9ries tem modo de opera\u00e7\u00e3o padr\u00e3o e a sensibilidade de entrada sele\u00e7\u00e3o<\/p>\n<p>\u25a0Com uma gama completa de circuito eletr\u00f4nico de alta velocidade de prote\u00e7\u00e3o<\/p>\n<p>\u25a0Usando AI, SMT, de soldadura por onda de TIC e de automa\u00e7\u00e3o de processo<\/p>\n<p>\u25a0Recomendado no high-end obras de entretenimento e m\u00eddia eng1neenng refor\u00e7o aplica\u00e7\u00e3o<\/p>\n<div><\/div>\n<div>\n<table style=\"height: 743px;\" border=\"1\" width=\"669\" cellspacing=\"1\" cellpadding=\"1\">\n<tbody>\n<tr>\n<td>MODELO<\/td>\n<td align=\"center\" valign=\"middle\">CA20+<\/td>\n<td align=\"center\" valign=\"middle\">CA40+<\/td>\n<td align=\"center\" valign=\"middle\">CA60+<\/td>\n<td align=\"center\" valign=\"middle\">CA80+<\/td>\n<\/tr>\n<tr>\n<td>\u00a0Est\u00e9reo pot\u00eancia de sa\u00edda 8\u03a9<\/td>\n<td align=\"center\" valign=\"middle\">2X800W<\/td>\n<td align=\"center\" valign=\"middle\">2X1000W<\/td>\n<td align=\"center\" valign=\"middle\">2X1100W<\/td>\n<td align=\"center\" valign=\"middle\">2X1350W<\/td>\n<\/tr>\n<tr>\n<td>\u00a0Est\u00e9reo pot\u00eancia de sa\u00edda 4OHMS<\/td>\n<td align=\"center\" valign=\"middle\">2X1200W<\/td>\n<td align=\"center\" valign=\"middle\">2X1500W<\/td>\n<td align=\"center\" valign=\"middle\">2X1650W<\/td>\n<td align=\"center\" valign=\"middle\">2X2000W<\/td>\n<\/tr>\n<tr>\n<td>\u00a0Est\u00e9reo pot\u00eancia de sa\u00edda 2\u03a9<\/td>\n<td align=\"center\" valign=\"middle\">2X1650W<\/td>\n<td align=\"center\" valign=\"middle\">2X1850W<\/td>\n<td align=\"center\" valign=\"middle\">2X2000W<\/td>\n<td align=\"center\" valign=\"middle\">2X2400W<\/td>\n<\/tr>\n<tr>\n<td>De opera\u00e7\u00e3o em ponte mono sa\u00edda de 8 \u03a9<\/td>\n<td align=\"center\" valign=\"middle\">1800W<\/td>\n<td align=\"center\" valign=\"middle\">2000W<\/td>\n<td align=\"center\" valign=\"middle\">2200W<\/td>\n<td align=\"center\" valign=\"middle\">2600W<\/td>\n<\/tr>\n<tr>\n<td>Resposta De Freq\u00fc\u00eancia<\/td>\n<td colspan=\"4\" align=\"center\" valign=\"middle\">20Hz-20KHz\u00b1.0.3 dB<\/td>\n<\/tr>\n<tr>\n<td>Distor\u00e7\u00e3o Harm\u00f4nica Total +N<\/td>\n<td colspan=\"4\" align=\"center\" valign=\"middle\">&gt;0,8% a 1kHz<\/td>\n<\/tr>\n<tr>\n<td>\u00a0Rela\u00e7\u00e3o De S\/N<\/td>\n<td colspan=\"4\" align=\"center\" valign=\"middle\">&gt;100dB<\/td>\n<\/tr>\n<tr>\n<td>\u00a0Velocidade De Giro<\/td>\n<td colspan=\"4\" align=\"center\" valign=\"middle\">Igual ou superior a 30V\/ \u03bc S<\/td>\n<\/tr>\n<tr>\n<td>\u00a0Fator De Amortecimento<\/td>\n<td align=\"center\" valign=\"middle\">\u2265300:1<\/td>\n<td align=\"center\" valign=\"middle\">\u2265300:1<\/td>\n<td align=\"center\" valign=\"middle\">\u2265300:1<\/td>\n<td align=\"center\" valign=\"middle\">\u2265500:1<\/td>\n<\/tr>\n<tr>\n<td>\u00a0Conversa cruzada<\/td>\n<td colspan=\"4\" align=\"center\" valign=\"middle\">&gt;90 db@1KHz<\/td>\n<\/tr>\n<tr>\n<td>\u00a0Imped\u00e2ncia De Entrada<\/td>\n<td colspan=\"4\" align=\"center\" valign=\"middle\">30K\u03a9 (Equilibrado, Est\u00e9reo) \/ 15K\u03a9 (Blanced, Paralled)<\/td>\n<\/tr>\n<tr>\n<td>\u00a0Sensibilidade De Entrada<\/td>\n<td colspan=\"4\" align=\"center\" valign=\"middle\">0755V\/V 1.0\/1 .4V<\/td>\n<\/tr>\n<tr>\n<td>\u00a0Proteger<\/td>\n<td colspan=\"4\" align=\"center\" valign=\"middle\">Superaquecimento curto-circuitos, DC, limite de e-softssrt,<br \/>\nRel\u00e9 de sa\u00edda-Zero Curremt Mudar, lntellctual Clip limiter.<\/td>\n<\/tr>\n<tr>\n<td>Altura<\/td>\n<td align=\"center\" valign=\"middle\">3U<\/td>\n<td align=\"center\" valign=\"middle\">3U<\/td>\n<td align=\"center\" valign=\"middle\">3U<\/td>\n<td align=\"center\" valign=\"middle\">3U<\/td>\n<\/tr>\n<tr>\n<td>\u00a0Griss Peso<\/td>\n<td align=\"center\" valign=\"middle\">32kg<\/td>\n<td align=\"center\" valign=\"middle\">35kg<\/td>\n<td align=\"center\" valign=\"middle\">38kg<\/td>\n<td align=\"center\" valign=\"middle\">42kg<\/td>\n<\/tr>\n<tr>\n<td>\u00a003 \u0418\u044e\u043b\u044c - 08 \u0418\u044e\u043b\u044c<\/td>\n<td colspan=\"4\" align=\"center\" valign=\"middle\">483 x132x 440mm<\/td>\n<\/tr>\n<\/tbody>\n<\/table>\n<\/div>","protected":false},"excerpt":{"rendered":"<p>Features: \u25a0All series has standard operating mode and input sensitivity<\/p>","protected":false},"featured_media":868,"template":"","meta":[],"product_brand":[308],"product_cat":[39],"product_tag":[143,36],"class_list":{"0":"post-2297","1":"product","2":"type-product","3":"status-publish","4":"has-post-thumbnail","6":"product_brand-yh-audio","7":"product_cat-amplifier","8":"product_tag-ca20","9":"product_tag-power-amplifier","11":"first","12":"instock","13":"shipping-taxable","14":"product-type-simple"},"_links":{"self":[{"href":"https:\/\/yh-audio.com\/pt\/wp-json\/wp\/v2\/product\/2297","targetHints":{"allow":["GET"]}}],"collection":[{"href":"https:\/\/yh-audio.com\/pt\/wp-json\/wp\/v2\/product"}],"about":[{"href":"https:\/\/yh-audio.com\/pt\/wp-json\/wp\/v2\/types\/product"}],"version-history":[{"count":4,"href":"https:\/\/yh-audio.com\/pt\/wp-json\/wp\/v2\/product\/2297\/revisions"}],"predecessor-version":[{"id":4534,"href":"https:\/\/yh-audio.com\/pt\/wp-json\/wp\/v2\/product\/2297\/revisions\/4534"}],"wp:featuredmedia":[{"embeddable":true,"href":"https:\/\/yh-audio.com\/pt\/wp-json\/wp\/v2\/media\/868"}],"wp:attachment":[{"href":"https:\/\/yh-audio.com\/pt\/wp-json\/wp\/v2\/media?parent=2297"}],"wp:term":[{"taxonomy":"product_brand","embeddable":true,"href":"https:\/\/yh-audio.com\/pt\/wp-json\/wp\/v2\/product_brand?post=2297"},{"taxonomy":"product_cat","embeddable":true,"href":"https:\/\/yh-audio.com\/pt\/wp-json\/wp\/v2\/product_cat?post=2297"},{"taxonomy":"product_tag","embeddable":true,"href":"https:\/\/yh-audio.com\/pt\/wp-json\/wp\/v2\/product_tag?post=2297"}],"curies":[{"name":"wp","href":"https:\/\/api.w.org\/{rel}","templated":true}]}}