{"id":3693,"date":"2026-03-17T11:38:44","date_gmt":"2026-03-17T11:38:44","guid":{"rendered":"https:\/\/yh-audio.com\/?post_type=product&#038;p=3693"},"modified":"2026-03-27T03:05:20","modified_gmt":"2026-03-27T03:05:20","slug":"allen-heath-gl2400-series","status":"publish","type":"product","link":"https:\/\/yh-audio.com\/pt\/product\/allen-heath-gl2400-series\/","title":{"rendered":"S\u00e9rie Allen &amp; Heath GL2400"},"content":{"rendered":"<p>S\u00e9rie Allen &amp; Heath GL2400<\/p>\n<p data-imt-p=\"1\" data-imt_insert_failed_reason=\"same_text\">GL2400-416 GL2400 -424 GL2400 -432<\/p>\n<p data-imt-p=\"1\" data-imt_insert_failed_reason=\"same_text\"><strong>RECURSO<\/strong><\/p>\n<p>\u2013 Quadros de 16, 24 e 32 canais<br \/>\n\u2013Sa\u00eddas principais de LR e M<br \/>\n\u20134 grupos de \u00e1udio com controle de panor\u00e2mica<br \/>\n\u20136 envios auxiliares com comuta\u00e7\u00e3o pr\u00e9\/p\u00f3s-fader por canal<br \/>\n\u20132 canais est\u00e9reo, cada um com entrada para microfone e duas entradas de linha est\u00e9reo.<br \/>\nMatriz 7\u00d74<br \/>\n\u2013Funcionalidade dupla adequada para mixagem de som ao vivo (FoH) e\/ou monitor.<br \/>\n\u2013M pode ser configurado como soma LR, cunha, subwoofer alimentado por auxiliar ou master C.<br \/>\n\u2013Capacidade de grava\u00e7\u00e3o com sa\u00eddas diretas de canal<br \/>\n\u2013Entradas externas matriciais com ajustes de n\u00edvel e capacidade de entrada comum<br \/>\n\u2013As entradas de linha do canal est\u00e9reo podem ser roteadas independentemente para LR<br \/>\n\u2013Pontos de interrup\u00e7\u00e3o de entrada de microfone do canal est\u00e9reo para interconex\u00e3o na matriz<br \/>\n\u2013Equalizador responsivo de 4 bandas e 2 varreduras<br \/>\nFiltros passa-alta de canal de -100Hz<br \/>\n\u2013 Alimenta\u00e7\u00e3o fantasma individual e invers\u00e3o de polaridade<br \/>\n\u2013Medidores dedicados para canal, master e monitor est\u00e9reo<br \/>\n\u2013Conectores internos para entradas auxiliares pr\u00e9\/p\u00f3s-equaliza\u00e7\u00e3o, sa\u00edda direta e outras op\u00e7\u00f5es.<br \/>\n\u2013Silenciadores, medidores e AFL em todos os faders master<br \/>\n\u2013Retorno de \u00e1udio atribu\u00edvel<br \/>\nOscilador de -1kHz e gerador de ru\u00eddo rosa<br \/>\n\u2013Monitoramento e reprodu\u00e7\u00e3o de 2 faixas para LR<br \/>\n\u2013Sa\u00eddas para fones de ouvido e monitores locais<br \/>\n\u2013Sa\u00eddas XLR balanceadas eletronicamente com capacidade de acionamento de +26dBu<br \/>\n\u2013 Pr\u00e9-amplificador com alcance de 74dB e capacidade de entrada de +34dBu para microfone ou linha.<br \/>\n\u2013Design de amplificador de cabe\u00e7ote de mixagem de baix\u00edssimo ru\u00eddo<br \/>\n\u2013Fonte de alimenta\u00e7\u00e3o interna com tomada para fonte de alimenta\u00e7\u00e3o de reserva MPS12 (modelos de 16 a 32 canais)<br \/>\n\u2013Fonte de alimenta\u00e7\u00e3o externa RPS11 e tomada para alimenta\u00e7\u00e3o de reserva (apenas no modelo de 40 canais)<br \/>\nFaders de 100 mm com prote\u00e7\u00e3o contra poeira<br \/>\n\u2013Conectores met\u00e1licos, conectores XLR banhados a ouro, potenci\u00f4metros e interruptores selados<br \/>\n\u2013Conjunto de placa de circuito individual com potenci\u00f4metros fixados por porcas<br \/>\n\u2013Op\u00e7\u00e3o de liga\u00e7\u00e3o de entrada\/sa\u00edda do console Sys-Link V2<br \/>\n\u2013 Soquetes XLR de 4 pinos para l\u00e2mpadas. L\u00e2mpada LED Allen &amp; Heath dispon\u00edvel.<\/p>","protected":false},"excerpt":{"rendered":"<ul>\n<li>Allen &amp; Heath<\/li>\n<li>S\u00e9rie GL2400\n<p data-imt-p=\"1\" data-imt_insert_failed_reason=\"same_text\">\n<\/li>\n<li>\n<p data-imt-p=\"1\" data-imt_insert_failed_reason=\"same_text\">GL2400-416<\/p>\n<\/li>\n<li>\n<p data-imt-p=\"1\" data-imt_insert_failed_reason=\"same_text\">GL2400 -424<\/p>\n<\/li>\n<li>\n<p data-imt-p=\"1\" data-imt_insert_failed_reason=\"same_text\">GL2400 -432<\/p>\n<\/li>\n<\/ul>","protected":false},"featured_media":3689,"template":"","meta":[],"product_brand":[259],"product_cat":[40,306],"product_tag":[279,280,278],"class_list":{"0":"post-3693","1":"product","2":"type-product","3":"status-publish","4":"has-post-thumbnail","6":"product_brand-allen-heath","7":"product_cat-mixer","8":"product_cat-pro-mixing-console","9":"product_tag-gl2400-424","10":"product_tag-gl2400-432","11":"product_tag-gl2400-416","13":"first","14":"instock","15":"shipping-taxable","16":"product-type-simple"},"yoast_head":"<!-- This site is optimized with the Yoast SEO Premium plugin v27.4 (Yoast SEO v27.4) - https:\/\/yoast.com\/product\/yoast-seo-premium-wordpress\/ -->\n<title>Allen &amp; Heath GL2400 Series - yh audio<\/title>\n<meta name=\"robots\" content=\"index, follow, max-snippet:-1, max-image-preview:large, max-video-preview:-1\" \/>\n<link rel=\"canonical\" href=\"https:\/\/yh-audio.com\/pt\/produto\/allen-heath-gl2400-series\/\" \/>\n<meta property=\"og:locale\" content=\"pt_PT\" \/>\n<meta property=\"og:type\" content=\"article\" \/>\n<meta property=\"og:title\" content=\"Allen &amp; Heath GL2400 Series\" \/>\n<meta property=\"og:description\" content=\"Allen &amp; Heath  GL2400 Series     GL2400-416    GL2400 -424    GL2400 -432\" \/>\n<meta property=\"og:url\" content=\"https:\/\/yh-audio.com\/pt\/produto\/allen-heath-gl2400-series\/\" \/>\n<meta property=\"og:site_name\" content=\"yh audio\" \/>\n<meta property=\"article:publisher\" content=\"https:\/\/www.facebook.com\/YH.Audio\/\" \/>\n<meta property=\"article:modified_time\" content=\"2026-03-27T03:05:20+00:00\" \/>\n<meta property=\"og:image\" content=\"https:\/\/yh-audio.com\/wp-content\/uploads\/2026\/03\/allen-Heath-GL2400-16-02.jpg\" \/>\n\t<meta property=\"og:image:width\" content=\"1000\" \/>\n\t<meta property=\"og:image:height\" content=\"1000\" \/>\n\t<meta property=\"og:image:type\" content=\"image\/jpeg\" \/>\n<meta name=\"twitter:card\" content=\"summary_large_image\" \/>\n<meta name=\"twitter:site\" content=\"@YH_Audio\" \/>\n<meta name=\"twitter:label1\" content=\"pre\u00e7o\" \/>\n\t<meta name=\"twitter:data1\" content=\"\" \/>\n\t<meta name=\"twitter:label2\" content=\"Disponibilidade\" \/>\n\t<meta name=\"twitter:data2\" content=\"Em stock\" \/>\n<script type=\"application\/ld+json\" class=\"yoast-schema-graph\">{\"@context\":\"https:\\\/\\\/schema.org\",\"@graph\":[{\"@type\":\"WebPage\",\"@id\":\"https:\\\/\\\/yh-audio.com\\\/product\\\/allen-heath-gl2400-series\\\/\",\"url\":\"https:\\\/\\\/yh-audio.com\\\/product\\\/allen-heath-gl2400-series\\\/\",\"name\":\"Allen & Heath GL2400 Series - yh audio\",\"isPartOf\":{\"@id\":\"https:\\\/\\\/yh-audio.com\\\/#website\"},\"primaryImageOfPage\":{\"@id\":\"https:\\\/\\\/yh-audio.com\\\/product\\\/allen-heath-gl2400-series\\\/#primaryimage\"},\"image\":{\"@id\":\"https:\\\/\\\/yh-audio.com\\\/product\\\/allen-heath-gl2400-series\\\/#primaryimage\"},\"thumbnailUrl\":\"https:\\\/\\\/yh-audio.com\\\/wp-content\\\/uploads\\\/2026\\\/03\\\/allen-Heath-GL2400-16-02.jpg\",\"datePublished\":\"2026-03-17T11:38:44+00:00\",\"dateModified\":\"2026-03-27T03:05:20+00:00\",\"breadcrumb\":{\"@id\":\"https:\\\/\\\/yh-audio.com\\\/product\\\/allen-heath-gl2400-series\\\/#breadcrumb\"},\"inLanguage\":\"pt-PT\",\"potentialAction\":[{\"@type\":\"ReadAction\",\"target\":[\"https:\\\/\\\/yh-audio.com\\\/product\\\/allen-heath-gl2400-series\\\/\"]}]},{\"@type\":\"ImageObject\",\"inLanguage\":\"pt-PT\",\"@id\":\"https:\\\/\\\/yh-audio.com\\\/product\\\/allen-heath-gl2400-series\\\/#primaryimage\",\"url\":\"https:\\\/\\\/yh-audio.com\\\/wp-content\\\/uploads\\\/2026\\\/03\\\/allen-Heath-GL2400-16-02.jpg\",\"contentUrl\":\"https:\\\/\\\/yh-audio.com\\\/wp-content\\\/uploads\\\/2026\\\/03\\\/allen-Heath-GL2400-16-02.jpg\",\"width\":1000,\"height\":1000},{\"@type\":\"BreadcrumbList\",\"@id\":\"https:\\\/\\\/yh-audio.com\\\/product\\\/allen-heath-gl2400-series\\\/#breadcrumb\",\"itemListElement\":[{\"@type\":\"ListItem\",\"position\":1,\"name\":\"Home\",\"item\":\"https:\\\/\\\/yh-audio.com\\\/\"},{\"@type\":\"ListItem\",\"position\":2,\"name\":\"Shop\",\"item\":\"https:\\\/\\\/yh-audio.com\\\/pt\\\/shop\\\/\"},{\"@type\":\"ListItem\",\"position\":3,\"name\":\"Allen &#038; Heath GL2400 Series\"}]},{\"@type\":\"WebSite\",\"@id\":\"https:\\\/\\\/yh-audio.com\\\/#website\",\"url\":\"https:\\\/\\\/yh-audio.com\\\/\",\"name\":\"yh audio\",\"description\":\"\",\"publisher\":{\"@id\":\"https:\\\/\\\/yh-audio.com\\\/#organization\"},\"potentialAction\":[{\"@type\":\"SearchAction\",\"target\":{\"@type\":\"EntryPoint\",\"urlTemplate\":\"https:\\\/\\\/yh-audio.com\\\/?s={search_term_string}\"},\"query-input\":{\"@type\":\"PropertyValueSpecification\",\"valueRequired\":true,\"valueName\":\"search_term_string\"}}],\"inLanguage\":\"pt-PT\"},{\"@type\":\"Organization\",\"@id\":\"https:\\\/\\\/yh-audio.com\\\/#organization\",\"name\":\"YH Audio\",\"alternateName\":\"YH Audio\",\"url\":\"https:\\\/\\\/yh-audio.com\\\/\",\"logo\":{\"@type\":\"ImageObject\",\"inLanguage\":\"pt-PT\",\"@id\":\"https:\\\/\\\/yh-audio.com\\\/#\\\/schema\\\/logo\\\/image\\\/\",\"url\":\"https:\\\/\\\/yh-audio.com\\\/wp-content\\\/uploads\\\/2024\\\/06\\\/700-700-LOGO.jpg\",\"contentUrl\":\"https:\\\/\\\/yh-audio.com\\\/wp-content\\\/uploads\\\/2024\\\/06\\\/700-700-LOGO.jpg\",\"width\":700,\"height\":700,\"caption\":\"YH Audio\"},\"image\":{\"@id\":\"https:\\\/\\\/yh-audio.com\\\/#\\\/schema\\\/logo\\\/image\\\/\"},\"sameAs\":[\"https:\\\/\\\/www.facebook.com\\\/YH.Audio\\\/\",\"https:\\\/\\\/x.com\\\/YH_Audio\",\"https:\\\/\\\/mastodon.social\\\/@YH_Audio\",\"https:\\\/\\\/www.instagram.com\\\/yh.audio\\\/\",\"https:\\\/\\\/www.youtube.com\\\/@YH_Audio\",\"https:\\\/\\\/www.tiktok.com\\\/@yh_audio_sound\",\"https:\\\/\\\/t.me\\\/YH_Audio\",\"https:\\\/\\\/vk.com\\\/YH.Audio\"]}]}<\/script>\n<meta property=\"product:brand\" content=\"Allen &amp; Heath\" \/>\n<meta property=\"product:price:currency\" content=\"USD\" \/>\n<meta property=\"og:availability\" content=\"instock\" \/>\n<meta property=\"product:availability\" content=\"instock\" \/>\n<meta property=\"product:condition\" content=\"new\" \/>\n<!-- \/ Yoast SEO Premium plugin. -->","yoast_head_json":{"title":"Allen & Heath GL2400 Series - yh audio","robots":{"index":"index","follow":"follow","max-snippet":"max-snippet:-1","max-image-preview":"max-image-preview:large","max-video-preview":"max-video-preview:-1"},"canonical":"https:\/\/yh-audio.com\/pt\/produto\/allen-heath-gl2400-series\/","og_locale":"pt_PT","og_type":"article","og_title":"Allen & Heath GL2400 Series","og_description":"Allen &amp; Heath  GL2400 Series     GL2400-416    GL2400 -424    GL2400 -432","og_url":"https:\/\/yh-audio.com\/pt\/produto\/allen-heath-gl2400-series\/","og_site_name":"yh audio","article_publisher":"https:\/\/www.facebook.com\/YH.Audio\/","article_modified_time":"2026-03-27T03:05:20+00:00","og_image":[{"width":1000,"height":1000,"url":"https:\/\/yh-audio.com\/wp-content\/uploads\/2026\/03\/allen-Heath-GL2400-16-02.jpg","type":"image\/jpeg"}],"twitter_card":"summary_large_image","twitter_site":"@YH_Audio","twitter_misc":{"pre\u00e7o":"","Disponibilidade":"Em stock"},"schema":{"@context":"https:\/\/schema.org","@graph":[{"@type":"WebPage","@id":"https:\/\/yh-audio.com\/product\/allen-heath-gl2400-series\/","url":"https:\/\/yh-audio.com\/product\/allen-heath-gl2400-series\/","name":"Allen & Heath GL2400 Series - yh audio","isPartOf":{"@id":"https:\/\/yh-audio.com\/#website"},"primaryImageOfPage":{"@id":"https:\/\/yh-audio.com\/product\/allen-heath-gl2400-series\/#primaryimage"},"image":{"@id":"https:\/\/yh-audio.com\/product\/allen-heath-gl2400-series\/#primaryimage"},"thumbnailUrl":"https:\/\/yh-audio.com\/wp-content\/uploads\/2026\/03\/allen-Heath-GL2400-16-02.jpg","datePublished":"2026-03-17T11:38:44+00:00","dateModified":"2026-03-27T03:05:20+00:00","breadcrumb":{"@id":"https:\/\/yh-audio.com\/product\/allen-heath-gl2400-series\/#breadcrumb"},"inLanguage":"pt-PT","potentialAction":[{"@type":"ReadAction","target":["https:\/\/yh-audio.com\/product\/allen-heath-gl2400-series\/"]}]},{"@type":"ImageObject","inLanguage":"pt-PT","@id":"https:\/\/yh-audio.com\/product\/allen-heath-gl2400-series\/#primaryimage","url":"https:\/\/yh-audio.com\/wp-content\/uploads\/2026\/03\/allen-Heath-GL2400-16-02.jpg","contentUrl":"https:\/\/yh-audio.com\/wp-content\/uploads\/2026\/03\/allen-Heath-GL2400-16-02.jpg","width":1000,"height":1000},{"@type":"BreadcrumbList","@id":"https:\/\/yh-audio.com\/product\/allen-heath-gl2400-series\/#breadcrumb","itemListElement":[{"@type":"ListItem","position":1,"name":"Home","item":"https:\/\/yh-audio.com\/"},{"@type":"ListItem","position":2,"name":"Shop","item":"https:\/\/yh-audio.com\/pt\/shop\/"},{"@type":"ListItem","position":3,"name":"Allen &#038; Heath GL2400 Series"}]},{"@type":"WebSite","@id":"https:\/\/yh-audio.com\/#website","url":"https:\/\/yh-audio.com\/","name":"\u00e1udio yh","description":"","publisher":{"@id":"https:\/\/yh-audio.com\/#organization"},"potentialAction":[{"@type":"SearchAction","target":{"@type":"EntryPoint","urlTemplate":"https:\/\/yh-audio.com\/?s={search_term_string}"},"query-input":{"@type":"PropertyValueSpecification","valueRequired":true,"valueName":"search_term_string"}}],"inLanguage":"pt-PT"},{"@type":"Organization","@id":"https:\/\/yh-audio.com\/#organization","name":"YH de \u00c1udio","alternateName":"YH Audio","url":"https:\/\/yh-audio.com\/","logo":{"@type":"ImageObject","inLanguage":"pt-PT","@id":"https:\/\/yh-audio.com\/#\/schema\/logo\/image\/","url":"https:\/\/yh-audio.com\/wp-content\/uploads\/2024\/06\/700-700-LOGO.jpg","contentUrl":"https:\/\/yh-audio.com\/wp-content\/uploads\/2024\/06\/700-700-LOGO.jpg","width":700,"height":700,"caption":"YH Audio"},"image":{"@id":"https:\/\/yh-audio.com\/#\/schema\/logo\/image\/"},"sameAs":["https:\/\/www.facebook.com\/YH.Audio\/","https:\/\/x.com\/YH_Audio","https:\/\/mastodon.social\/@YH_Audio","https:\/\/www.instagram.com\/yh.audio\/","https:\/\/www.youtube.com\/@YH_Audio","https:\/\/www.tiktok.com\/@yh_audio_sound","https:\/\/t.me\/YH_Audio","https:\/\/vk.com\/YH.Audio"]}]},"product_brand":"Allen &amp; Heath","product_price_currency":"USD","og_availability":"instock","product_availability":"instock","product_condition":"new"},"_links":{"self":[{"href":"https:\/\/yh-audio.com\/pt\/wp-json\/wp\/v2\/product\/3693","targetHints":{"allow":["GET"]}}],"collection":[{"href":"https:\/\/yh-audio.com\/pt\/wp-json\/wp\/v2\/product"}],"about":[{"href":"https:\/\/yh-audio.com\/pt\/wp-json\/wp\/v2\/types\/product"}],"version-history":[{"count":1,"href":"https:\/\/yh-audio.com\/pt\/wp-json\/wp\/v2\/product\/3693\/revisions"}],"predecessor-version":[{"id":3694,"href":"https:\/\/yh-audio.com\/pt\/wp-json\/wp\/v2\/product\/3693\/revisions\/3694"}],"wp:featuredmedia":[{"embeddable":true,"href":"https:\/\/yh-audio.com\/pt\/wp-json\/wp\/v2\/media\/3689"}],"wp:attachment":[{"href":"https:\/\/yh-audio.com\/pt\/wp-json\/wp\/v2\/media?parent=3693"}],"wp:term":[{"taxonomy":"product_brand","embeddable":true,"href":"https:\/\/yh-audio.com\/pt\/wp-json\/wp\/v2\/product_brand?post=3693"},{"taxonomy":"product_cat","embeddable":true,"href":"https:\/\/yh-audio.com\/pt\/wp-json\/wp\/v2\/product_cat?post=3693"},{"taxonomy":"product_tag","embeddable":true,"href":"https:\/\/yh-audio.com\/pt\/wp-json\/wp\/v2\/product_tag?post=3693"}],"curies":[{"name":"wp","href":"https:\/\/api.w.org\/{rel}","templated":true}]}}