{"id":3697,"date":"2026-03-17T12:00:39","date_gmt":"2026-03-17T12:00:39","guid":{"rendered":"https:\/\/yh-audio.com\/?post_type=product&#038;p=3697"},"modified":"2026-03-27T03:05:13","modified_gmt":"2026-03-27T03:05:13","slug":"yamaha-mg24-14fx","status":"publish","type":"product","link":"https:\/\/yh-audio.com\/pt\/product\/yamaha-mg24-14fx\/","title":{"rendered":"Yamaha MG24\/14FX \/ MG32\/14FX"},"content":{"rendered":"<h3 id=\"product-title\" class=\"product-title new-pplan-msg-title\" data-imt-p=\"1\">Mesa de mistura Yamaha MG24\/14FX com efeitos duplos<span class=\"notranslate immersive-translate-target-wrapper\" lang=\"zh-CN\" style=\"\"><br \/>\n<\/span><\/h3>\n<ul>\n<li id=\"product-title\" class=\"product-title new-pplan-msg-title\" data-imt-p=\"1\">Mixer de efeitos duplos MG24\/14FX<span class=\"notranslate immersive-translate-target-wrapper\" lang=\"zh-CN\"><span class=\"notranslate\" data-immersive-translate-translation-element-mark=\"1\"> \u00a0<\/span><\/span><\/li>\n<li data-imt-p=\"1\">\n<p id=\"product-title\" class=\"product-title new-pplan-msg-title\" data-imt-p=\"1\">Mixer de efeitos duplos MG32\/14FX<\/p>\n<\/li>\n<\/ul>\n<p>Distor\u00e7\u00e3o Harm\u00f4nica Total: Menos de 0,1% (THD+N) \/ 20 Hz \u2013 20 kHz a +14 dB 600 (ST OUT)<br \/>\nResposta de frequ\u00eancia: 0 +1, -3 dB \/ 20 Hz \u2013 20 kHz @ +4 dB 600 (ST OUT)<br \/>\nRu\u00eddo e zumbido de entrada*1: -128dB \/ 20 Hz \u2013 20 kHz, Rs=150, Ganho de entrada=M\u00e1ximo, Atenua\u00e7\u00e3o de entrada =Desligada, Sensibilidade de entrada=-60 dB<br \/>\nDiafonia: -70dB a 1kHz<br \/>\nEntrada CH<br \/>\nMicrofone: 16+1 (Entrada A 1 \u2013 16, Talk Back: XLR)<br \/>\nLinha: 16 (Entrada B 1 \u2013 16: TRS)<br \/>\nEst\u00e9reo: 2 (Canais 17, 18, 19 e 20: TRS) * Canais 17 e 19: L (MONO) 2 (Canais 21, 22, 23 e 24: TRS\/RCA)<br \/>\nInserir E\/S: 16 (Canais 1 a 16: TRS T: Sa\u00edda, R: Entrada, S: Terra)<br \/>\nPARA<br \/>\nEnviar: 6 (1 \u2013 2\/P\u00f3s-Pr\u00e9 selecion\u00e1vel, 3 \u2013 4\/P\u00f3s-Pr\u00e9 selecion\u00e1vel, 5 \u2013 6\/P\u00f3s: TRS)<br \/>\nRetorno: 2 entradas est\u00e9reo para subwoofer (L\/MONO, R: TRS)<br \/>\nEFEITO: Enviar 2 (1, 2: TRS) \/ 2TR: Entrada 1 Est\u00e9reo (L, R: RCA)<br \/>\nEST\u00c9REO: Insert 1 Est\u00e9reo (L, R: TRS) \/ GRUPO: Insert 4 (1 \u2013 4: TRS)<br \/>\nREC: Sa\u00edda 1 Est\u00e9reo (L, R: RCA) \/ ST: Sa\u00edda 1 Est\u00e9reo (L, R: XLR)<br \/>\nMONO: Sa\u00edda 1 (XLR) \/ ST SUB: Sa\u00edda 1 Est\u00e9reo (L, R: TRS)<br \/>\nGRUPO: Sa\u00edda 4 (1 \u2013 4: TRS) \/ Fones de ouvido: 1 (TRS Est\u00e9reo)<br \/>\nAlimenta\u00e7\u00e3o fantasma: + 48 V<br \/>\nControle de ganho de entrada CH e ST: 44 dB dispon\u00edvel<br \/>\nFiltro passa-alta CH &amp; ST: 80 Hz 12 dB\/oitava<br \/>\nCH EQ (MONO)*2 -15 dB (M\u00e1x.) \/ Agudos: 10 kHz (Shelving)<br \/>\nM\u00e9dios: 0,25-5 kHz (Pico) \/ Graves: 100 Hz (Atenua\u00e7\u00e3o)<br \/>\nCH EQ (EST\u00c9REO)*2 -15 dB (M\u00e1x.)<br \/>\nAgudos: 10 kHz (Shelving) \/ M\u00e9dios-agudos: 3 kHz (Peaking)<br \/>\nM\u00e9dios-graves: 800 Hz (pico) \/ Graves: 100 Hz (refor\u00e7o de prateleira)<br \/>\nFiltro passa-baixa MONO de sa\u00edda: 80 \u2013 120 Hz 12dB\/oitava<br \/>\nEfeito digital interno: SPX x 2 (Efeito 1: 16 programas, Efeito 2: 16 programas: Controle de par\u00e2metros)<br \/>\nDimens\u00f5es<br \/>\nLargura: 33,54\u2033 \/ Profundidade: 21,25\u2033 \/ Altura: 5,90\u2033 \/ Peso: 46,29 lbs.<br \/>\nRequisitos de energia: UL\/CSA: 60 W 120 V\/60 Hz<\/p>","protected":false},"excerpt":{"rendered":"<ul>\n<li id=\"product-title\" class=\"product-title new-pplan-msg-title\" data-imt-p=\"1\">Mixer de efeitos duplos MG24\/14FX<span class=\"notranslate immersive-translate-target-wrapper\" lang=\"zh-CN\" style=\"\"><span class=\"notranslate\" style=\"\" data-immersive-translate-translation-element-mark=\"1\"> \u00a0<\/span><\/span><\/li>\n<li data-imt-p=\"1\">\n<p id=\"product-title\" class=\"product-title new-pplan-msg-title\" data-imt-p=\"1\">Mixer de efeitos duplos MG32\/14FX<\/p>\n<\/li>\n<\/ul>","protected":false},"featured_media":3701,"template":"","meta":[],"product_brand":[247],"product_cat":[40,306],"product_tag":[283,284],"class_list":{"0":"post-3697","1":"product","2":"type-product","3":"status-publish","4":"has-post-thumbnail","6":"product_brand-yamaha","7":"product_cat-mixer","8":"product_cat-pro-mixing-console","9":"product_tag-mg24-14fx","10":"product_tag-mg32-14fx","12":"first","13":"instock","14":"shipping-taxable","15":"product-type-simple"},"yoast_head":"<!-- This site is optimized with the Yoast SEO Premium plugin v27.4 (Yoast SEO v27.4) - https:\/\/yoast.com\/product\/yoast-seo-premium-wordpress\/ -->\n<title>Yamaha MG24\/14FX \/ MG32\/14FX - yh audio<\/title>\n<meta name=\"robots\" content=\"index, follow, max-snippet:-1, max-image-preview:large, max-video-preview:-1\" \/>\n<link rel=\"canonical\" href=\"https:\/\/yh-audio.com\/pt\/produto\/yamaha-mg24-14fx\/\" \/>\n<meta property=\"og:locale\" content=\"pt_PT\" \/>\n<meta property=\"og:type\" content=\"article\" \/>\n<meta property=\"og:title\" content=\"Yamaha MG24\/14FX \/ MG32\/14FX\" \/>\n<meta property=\"og:description\" content=\"MG24\/14FX Dual EFX Mixer \u00a0   MG32\/14FX Dual EFX Mixer\" \/>\n<meta property=\"og:url\" content=\"https:\/\/yh-audio.com\/pt\/produto\/yamaha-mg24-14fx\/\" \/>\n<meta property=\"og:site_name\" content=\"yh audio\" \/>\n<meta property=\"article:publisher\" content=\"https:\/\/www.facebook.com\/YH.Audio\/\" \/>\n<meta property=\"article:modified_time\" content=\"2026-03-27T03:05:13+00:00\" \/>\n<meta property=\"og:image\" content=\"https:\/\/yh-audio.com\/wp-content\/uploads\/2026\/03\/Yamaha-MG2414FX-01.jpg\" \/>\n\t<meta property=\"og:image:width\" content=\"1000\" \/>\n\t<meta property=\"og:image:height\" content=\"1000\" \/>\n\t<meta property=\"og:image:type\" content=\"image\/jpeg\" \/>\n<meta name=\"twitter:card\" content=\"summary_large_image\" \/>\n<meta name=\"twitter:site\" content=\"@YH_Audio\" \/>\n<meta name=\"twitter:label1\" content=\"pre\u00e7o\" \/>\n\t<meta name=\"twitter:data1\" content=\"\" \/>\n\t<meta name=\"twitter:label2\" content=\"Disponibilidade\" \/>\n\t<meta name=\"twitter:data2\" content=\"Em stock\" \/>\n<script type=\"application\/ld+json\" class=\"yoast-schema-graph\">{\"@context\":\"https:\\\/\\\/schema.org\",\"@graph\":[{\"@type\":\"WebPage\",\"@id\":\"https:\\\/\\\/yh-audio.com\\\/product\\\/yamaha-mg24-14fx\\\/\",\"url\":\"https:\\\/\\\/yh-audio.com\\\/product\\\/yamaha-mg24-14fx\\\/\",\"name\":\"Yamaha MG24\\\/14FX \\\/ MG32\\\/14FX - yh audio\",\"isPartOf\":{\"@id\":\"https:\\\/\\\/yh-audio.com\\\/#website\"},\"primaryImageOfPage\":{\"@id\":\"https:\\\/\\\/yh-audio.com\\\/product\\\/yamaha-mg24-14fx\\\/#primaryimage\"},\"image\":{\"@id\":\"https:\\\/\\\/yh-audio.com\\\/product\\\/yamaha-mg24-14fx\\\/#primaryimage\"},\"thumbnailUrl\":\"https:\\\/\\\/yh-audio.com\\\/wp-content\\\/uploads\\\/2026\\\/03\\\/Yamaha-MG2414FX-01.jpg\",\"datePublished\":\"2026-03-17T12:00:39+00:00\",\"dateModified\":\"2026-03-27T03:05:13+00:00\",\"breadcrumb\":{\"@id\":\"https:\\\/\\\/yh-audio.com\\\/product\\\/yamaha-mg24-14fx\\\/#breadcrumb\"},\"inLanguage\":\"pt-PT\",\"potentialAction\":[{\"@type\":\"ReadAction\",\"target\":[\"https:\\\/\\\/yh-audio.com\\\/product\\\/yamaha-mg24-14fx\\\/\"]}]},{\"@type\":\"ImageObject\",\"inLanguage\":\"pt-PT\",\"@id\":\"https:\\\/\\\/yh-audio.com\\\/product\\\/yamaha-mg24-14fx\\\/#primaryimage\",\"url\":\"https:\\\/\\\/yh-audio.com\\\/wp-content\\\/uploads\\\/2026\\\/03\\\/Yamaha-MG2414FX-01.jpg\",\"contentUrl\":\"https:\\\/\\\/yh-audio.com\\\/wp-content\\\/uploads\\\/2026\\\/03\\\/Yamaha-MG2414FX-01.jpg\",\"width\":1000,\"height\":1000},{\"@type\":\"BreadcrumbList\",\"@id\":\"https:\\\/\\\/yh-audio.com\\\/product\\\/yamaha-mg24-14fx\\\/#breadcrumb\",\"itemListElement\":[{\"@type\":\"ListItem\",\"position\":1,\"name\":\"Home\",\"item\":\"https:\\\/\\\/yh-audio.com\\\/\"},{\"@type\":\"ListItem\",\"position\":2,\"name\":\"Shop\",\"item\":\"https:\\\/\\\/yh-audio.com\\\/pt\\\/shop\\\/\"},{\"@type\":\"ListItem\",\"position\":3,\"name\":\"Yamaha MG24\\\/14FX \\\/ MG32\\\/14FX\"}]},{\"@type\":\"WebSite\",\"@id\":\"https:\\\/\\\/yh-audio.com\\\/#website\",\"url\":\"https:\\\/\\\/yh-audio.com\\\/\",\"name\":\"yh audio\",\"description\":\"\",\"publisher\":{\"@id\":\"https:\\\/\\\/yh-audio.com\\\/#organization\"},\"potentialAction\":[{\"@type\":\"SearchAction\",\"target\":{\"@type\":\"EntryPoint\",\"urlTemplate\":\"https:\\\/\\\/yh-audio.com\\\/?s={search_term_string}\"},\"query-input\":{\"@type\":\"PropertyValueSpecification\",\"valueRequired\":true,\"valueName\":\"search_term_string\"}}],\"inLanguage\":\"pt-PT\"},{\"@type\":\"Organization\",\"@id\":\"https:\\\/\\\/yh-audio.com\\\/#organization\",\"name\":\"YH Audio\",\"alternateName\":\"YH Audio\",\"url\":\"https:\\\/\\\/yh-audio.com\\\/\",\"logo\":{\"@type\":\"ImageObject\",\"inLanguage\":\"pt-PT\",\"@id\":\"https:\\\/\\\/yh-audio.com\\\/#\\\/schema\\\/logo\\\/image\\\/\",\"url\":\"https:\\\/\\\/yh-audio.com\\\/wp-content\\\/uploads\\\/2024\\\/06\\\/700-700-LOGO.jpg\",\"contentUrl\":\"https:\\\/\\\/yh-audio.com\\\/wp-content\\\/uploads\\\/2024\\\/06\\\/700-700-LOGO.jpg\",\"width\":700,\"height\":700,\"caption\":\"YH Audio\"},\"image\":{\"@id\":\"https:\\\/\\\/yh-audio.com\\\/#\\\/schema\\\/logo\\\/image\\\/\"},\"sameAs\":[\"https:\\\/\\\/www.facebook.com\\\/YH.Audio\\\/\",\"https:\\\/\\\/x.com\\\/YH_Audio\",\"https:\\\/\\\/mastodon.social\\\/@YH_Audio\",\"https:\\\/\\\/www.instagram.com\\\/yh.audio\\\/\",\"https:\\\/\\\/www.youtube.com\\\/@YH_Audio\",\"https:\\\/\\\/www.tiktok.com\\\/@yh_audio_sound\",\"https:\\\/\\\/t.me\\\/YH_Audio\",\"https:\\\/\\\/vk.com\\\/YH.Audio\"]}]}<\/script>\n<meta property=\"product:brand\" content=\"Yamaha\" \/>\n<meta property=\"product:price:currency\" content=\"USD\" \/>\n<meta property=\"og:availability\" content=\"instock\" \/>\n<meta property=\"product:availability\" content=\"instock\" \/>\n<meta property=\"product:condition\" content=\"new\" \/>\n<!-- \/ Yoast SEO Premium plugin. -->","yoast_head_json":{"title":"Yamaha MG24\/14FX \/ MG32\/14FX - yh audio","robots":{"index":"index","follow":"follow","max-snippet":"max-snippet:-1","max-image-preview":"max-image-preview:large","max-video-preview":"max-video-preview:-1"},"canonical":"https:\/\/yh-audio.com\/pt\/produto\/yamaha-mg24-14fx\/","og_locale":"pt_PT","og_type":"article","og_title":"Yamaha MG24\/14FX \/ MG32\/14FX","og_description":"MG24\/14FX Dual EFX Mixer \u00a0   MG32\/14FX Dual EFX Mixer","og_url":"https:\/\/yh-audio.com\/pt\/produto\/yamaha-mg24-14fx\/","og_site_name":"yh audio","article_publisher":"https:\/\/www.facebook.com\/YH.Audio\/","article_modified_time":"2026-03-27T03:05:13+00:00","og_image":[{"width":1000,"height":1000,"url":"https:\/\/yh-audio.com\/wp-content\/uploads\/2026\/03\/Yamaha-MG2414FX-01.jpg","type":"image\/jpeg"}],"twitter_card":"summary_large_image","twitter_site":"@YH_Audio","twitter_misc":{"pre\u00e7o":"","Disponibilidade":"Em stock"},"schema":{"@context":"https:\/\/schema.org","@graph":[{"@type":"WebPage","@id":"https:\/\/yh-audio.com\/product\/yamaha-mg24-14fx\/","url":"https:\/\/yh-audio.com\/product\/yamaha-mg24-14fx\/","name":"Yamaha MG24\/14FX \/ MG32\/14FX - yh audio","isPartOf":{"@id":"https:\/\/yh-audio.com\/#website"},"primaryImageOfPage":{"@id":"https:\/\/yh-audio.com\/product\/yamaha-mg24-14fx\/#primaryimage"},"image":{"@id":"https:\/\/yh-audio.com\/product\/yamaha-mg24-14fx\/#primaryimage"},"thumbnailUrl":"https:\/\/yh-audio.com\/wp-content\/uploads\/2026\/03\/Yamaha-MG2414FX-01.jpg","datePublished":"2026-03-17T12:00:39+00:00","dateModified":"2026-03-27T03:05:13+00:00","breadcrumb":{"@id":"https:\/\/yh-audio.com\/product\/yamaha-mg24-14fx\/#breadcrumb"},"inLanguage":"pt-PT","potentialAction":[{"@type":"ReadAction","target":["https:\/\/yh-audio.com\/product\/yamaha-mg24-14fx\/"]}]},{"@type":"ImageObject","inLanguage":"pt-PT","@id":"https:\/\/yh-audio.com\/product\/yamaha-mg24-14fx\/#primaryimage","url":"https:\/\/yh-audio.com\/wp-content\/uploads\/2026\/03\/Yamaha-MG2414FX-01.jpg","contentUrl":"https:\/\/yh-audio.com\/wp-content\/uploads\/2026\/03\/Yamaha-MG2414FX-01.jpg","width":1000,"height":1000},{"@type":"BreadcrumbList","@id":"https:\/\/yh-audio.com\/product\/yamaha-mg24-14fx\/#breadcrumb","itemListElement":[{"@type":"ListItem","position":1,"name":"Home","item":"https:\/\/yh-audio.com\/"},{"@type":"ListItem","position":2,"name":"Shop","item":"https:\/\/yh-audio.com\/pt\/shop\/"},{"@type":"ListItem","position":3,"name":"Yamaha MG24\/14FX \/ MG32\/14FX"}]},{"@type":"WebSite","@id":"https:\/\/yh-audio.com\/#website","url":"https:\/\/yh-audio.com\/","name":"\u00e1udio yh","description":"","publisher":{"@id":"https:\/\/yh-audio.com\/#organization"},"potentialAction":[{"@type":"SearchAction","target":{"@type":"EntryPoint","urlTemplate":"https:\/\/yh-audio.com\/?s={search_term_string}"},"query-input":{"@type":"PropertyValueSpecification","valueRequired":true,"valueName":"search_term_string"}}],"inLanguage":"pt-PT"},{"@type":"Organization","@id":"https:\/\/yh-audio.com\/#organization","name":"YH de \u00c1udio","alternateName":"YH Audio","url":"https:\/\/yh-audio.com\/","logo":{"@type":"ImageObject","inLanguage":"pt-PT","@id":"https:\/\/yh-audio.com\/#\/schema\/logo\/image\/","url":"https:\/\/yh-audio.com\/wp-content\/uploads\/2024\/06\/700-700-LOGO.jpg","contentUrl":"https:\/\/yh-audio.com\/wp-content\/uploads\/2024\/06\/700-700-LOGO.jpg","width":700,"height":700,"caption":"YH Audio"},"image":{"@id":"https:\/\/yh-audio.com\/#\/schema\/logo\/image\/"},"sameAs":["https:\/\/www.facebook.com\/YH.Audio\/","https:\/\/x.com\/YH_Audio","https:\/\/mastodon.social\/@YH_Audio","https:\/\/www.instagram.com\/yh.audio\/","https:\/\/www.youtube.com\/@YH_Audio","https:\/\/www.tiktok.com\/@yh_audio_sound","https:\/\/t.me\/YH_Audio","https:\/\/vk.com\/YH.Audio"]}]},"product_brand":"Yamaha","product_price_currency":"USD","og_availability":"instock","product_availability":"instock","product_condition":"new"},"_links":{"self":[{"href":"https:\/\/yh-audio.com\/pt\/wp-json\/wp\/v2\/product\/3697","targetHints":{"allow":["GET"]}}],"collection":[{"href":"https:\/\/yh-audio.com\/pt\/wp-json\/wp\/v2\/product"}],"about":[{"href":"https:\/\/yh-audio.com\/pt\/wp-json\/wp\/v2\/types\/product"}],"version-history":[{"count":1,"href":"https:\/\/yh-audio.com\/pt\/wp-json\/wp\/v2\/product\/3697\/revisions"}],"predecessor-version":[{"id":3703,"href":"https:\/\/yh-audio.com\/pt\/wp-json\/wp\/v2\/product\/3697\/revisions\/3703"}],"wp:featuredmedia":[{"embeddable":true,"href":"https:\/\/yh-audio.com\/pt\/wp-json\/wp\/v2\/media\/3701"}],"wp:attachment":[{"href":"https:\/\/yh-audio.com\/pt\/wp-json\/wp\/v2\/media?parent=3697"}],"wp:term":[{"taxonomy":"product_brand","embeddable":true,"href":"https:\/\/yh-audio.com\/pt\/wp-json\/wp\/v2\/product_brand?post=3697"},{"taxonomy":"product_cat","embeddable":true,"href":"https:\/\/yh-audio.com\/pt\/wp-json\/wp\/v2\/product_cat?post=3697"},{"taxonomy":"product_tag","embeddable":true,"href":"https:\/\/yh-audio.com\/pt\/wp-json\/wp\/v2\/product_tag?post=3697"}],"curies":[{"name":"wp","href":"https:\/\/api.w.org\/{rel}","templated":true}]}}