{"id":4381,"date":"2026-03-27T03:22:52","date_gmt":"2026-03-27T03:22:52","guid":{"rendered":"https:\/\/yh-audio.com\/?post_type=product&#038;p=4381"},"modified":"2026-04-01T08:24:08","modified_gmt":"2026-04-01T08:24:08","slug":"yh-md16","status":"publish","type":"product","link":"https:\/\/yh-audio.com\/pt\/product\/yh-md16\/","title":{"rendered":"YH-MD16"},"content":{"rendered":"<h4 class=\"kmb-widget-rich-text kmb-product-name kmb-widget-title-h4\" data-max-chars=\"120\"><span class=\"kmb-live-tag-label kmb-rich-text-paragraph\" dir=\"\"><span class=\"kmb-color-tag-label kmb-rich-text\" data-text-size=\"14px\" data-text-family=\"&quot;Microsoft YaHei&quot;, SimSun\" data-imt-p=\"1\">MD16 Mixagem digital profissional de 16 canais <\/span><\/span><span class=\"kmb-live-tag-label kmb-rich-text-paragraph\" dir=\"\"><span class=\"kmb-color-tag-label kmb-rich-text\" data-text-size=\"14px\" data-text-family=\"&quot;Microsoft YaHei&quot;, SimSun\">console<\/span><\/span><\/h4>\n<p>\u2022 16 (20) canais de entrada incluem: 12 (16) entradas de microfone, 2 entradas est\u00e9reo e 2 entradas est\u00e9reo digitais (reprodu\u00e7\u00e3o USB, placa de som USB\/entrada de fibra \u00f3ptica). \u2022 6 canais de sa\u00edda AUX: 1 sa\u00edda principal est\u00e9reo, 1 sa\u00edda de monitor est\u00e9reo, 2 sa\u00eddas digitais est\u00e9reo (placa de som USB, grava\u00e7\u00e3o USB). \u2022 Todos os canais de entrada possuem processamento independente de passa-alta, passa-baixa, equalizador param\u00e9trico (PEQ), compressor, noise gate e fase. \u2022 Todos os canais de entrada de microfone possuem controle de ganho digital program\u00e1vel de alta qualidade e controle independente de alimenta\u00e7\u00e3o fantasma. \u2022 Todos os canais de sa\u00edda AUX possuem divisor de frequ\u00eancia independente, PEQ, compressor, processamento de delay, fun\u00e7\u00e3o de deslocamento de frequ\u00eancia anti-microfonia de 3 est\u00e1gios e sele\u00e7\u00e3o frontal e traseira do fader de sa\u00edda. \u2022 O canal de sa\u00edda principal est\u00e9reo possui divisor de frequ\u00eancia independente, PEQ, compressor, processamento de delay e fun\u00e7\u00e3o de deslocamento de frequ\u00eancia anti-microfonia de n\u00edvel 3. \u2022 Os nomes predefinidos de todos os canais podem ser personalizados e reescritos. \u2022 Todos os canais de entrada e sa\u00edda suportam qualquer replica\u00e7\u00e3o personalizada. \u2022 Todos os par\u00e2metros de configura\u00e7\u00e3o desta m\u00e1quina podem ser alterados. Pode ser armazenado e as fun\u00e7\u00f5es podem ser chamadas. Possui dois efeitos est\u00e9reo profissionais independentes integrados, com barramento de transmiss\u00e3o independente, e uma variedade de tipos de efeitos opcionais. Ao mesmo tempo, suporta 16 modos de efeitos personalizados edit\u00e1veis \u200b\u200bpelos usu\u00e1rios. \u2022 Leitor de disco U integrado, suporta fun\u00e7\u00f5es de grava\u00e7\u00e3o e reprodu\u00e7\u00e3o est\u00e9reo em tempo real. Placa de som USB integrada, suporta fun\u00e7\u00f5es de grava\u00e7\u00e3o e reprodu\u00e7\u00e3o em tempo real conectada ao PC. \u2022 Suporta fun\u00e7\u00f5es de armazenamento e invoca\u00e7\u00e3o de cenas do usu\u00e1rio. \u2022 Possui uma senha de administrador independente e uma fun\u00e7\u00e3o de prote\u00e7\u00e3o por senha de usu\u00e1rio personaliz\u00e1vel. A prote\u00e7\u00e3o por senha de administrador \u00e9 v\u00e1lida para opera\u00e7\u00f5es locais e acesso por terminal m\u00f3vel simultaneamente.<\/p>","protected":false},"excerpt":{"rendered":"<h4 class=\"kmb-widget-rich-text kmb-product-name kmb-widget-title-h4\" data-max-chars=\"120\"><span class=\"kmb-live-tag-label kmb-rich-text-paragraph\" dir=\"\"><span class=\"kmb-color-tag-label kmb-rich-text\" data-text-size=\"14px\" data-text-family=\"&quot;Microsoft YaHei&quot;, SimSun\">MD16 - Mesa de mistura digital profissional de 16 canais<\/span><\/span><\/h4>","protected":false},"featured_media":4364,"template":"","meta":[],"product_brand":[308],"product_cat":[304,40],"product_tag":[],"class_list":{"0":"post-4381","1":"product","2":"type-product","3":"status-publish","4":"has-post-thumbnail","6":"product_brand-oem-yh-audio","7":"product_cat-digital-mixing-console","8":"product_cat-mixer","10":"first","11":"instock","12":"shipping-taxable","13":"product-type-simple"},"_links":{"self":[{"href":"https:\/\/yh-audio.com\/pt\/wp-json\/wp\/v2\/product\/4381","targetHints":{"allow":["GET"]}}],"collection":[{"href":"https:\/\/yh-audio.com\/pt\/wp-json\/wp\/v2\/product"}],"about":[{"href":"https:\/\/yh-audio.com\/pt\/wp-json\/wp\/v2\/types\/product"}],"version-history":[{"count":2,"href":"https:\/\/yh-audio.com\/pt\/wp-json\/wp\/v2\/product\/4381\/revisions"}],"predecessor-version":[{"id":4528,"href":"https:\/\/yh-audio.com\/pt\/wp-json\/wp\/v2\/product\/4381\/revisions\/4528"}],"wp:featuredmedia":[{"embeddable":true,"href":"https:\/\/yh-audio.com\/pt\/wp-json\/wp\/v2\/media\/4364"}],"wp:attachment":[{"href":"https:\/\/yh-audio.com\/pt\/wp-json\/wp\/v2\/media?parent=4381"}],"wp:term":[{"taxonomy":"product_brand","embeddable":true,"href":"https:\/\/yh-audio.com\/pt\/wp-json\/wp\/v2\/product_brand?post=4381"},{"taxonomy":"product_cat","embeddable":true,"href":"https:\/\/yh-audio.com\/pt\/wp-json\/wp\/v2\/product_cat?post=4381"},{"taxonomy":"product_tag","embeddable":true,"href":"https:\/\/yh-audio.com\/pt\/wp-json\/wp\/v2\/product_tag?post=4381"}],"curies":[{"name":"wp","href":"https:\/\/api.w.org\/{rel}","templated":true}]}}