{"id":4455,"date":"2026-04-01T03:14:59","date_gmt":"2026-04-01T03:14:59","guid":{"rendered":"https:\/\/yh-audio.com\/?post_type=product&#038;p=4455"},"modified":"2026-04-01T08:22:41","modified_gmt":"2026-04-01T08:22:41","slug":"yh-td01-wireless-microphone-1-channel","status":"publish","type":"product","link":"https:\/\/yh-audio.com\/pt\/product\/yh-td01-wireless-microphone-1-channel\/","title":{"rendered":"YH-TD01 Wireless Microphone 1 Channel"},"content":{"rendered":"<p data-imt-p=\"1\">Microfone sem fio de 1 canal<\/p>\n<p data-imt-p=\"1\" data-imt_insert_failed_reason=\"unknown\">Especifica\u00e7\u00f5es t\u00e9cnicas do transmissor:<br \/>\n1. Faixa de frequ\u00eancia: Canal A: 610,50~639,50MHz; Canal B: 640,5\u2013669,5MHz.<span class=\"notranslate immersive-translate-target-wrapper\" lang=\"zh-CN\" style=\"\"><span class=\"notranslate immersive-translate-target-translation-theme-none immersive-translate-target-translation-block-wrapper-theme-none immersive-translate-target-translation-block-wrapper\" style=\"\" data-immersive-translate-translation-element-mark=\"1\"><span class=\"notranslate immersive-translate-target-inner immersive-translate-target-translation-theme-none-inner\" style=\"\" data-immersive-translate-translation-element-mark=\"1\">\u3002<\/span><\/span><\/span><br \/>\n2. N\u00famero de canais: Canais AB: 30 (estimativa conservadora). O c\u00f3digo de identifica\u00e7\u00e3o muda aleatoriamente durante cada emparelhamento dentro da faixa de frequ\u00eancia definida pelo fabricante.<br \/>\n3. M\u00e9todo de oscila\u00e7\u00e3o: Bloqueio de frequ\u00eancia do chip DSP.<br \/>\n4. Estabilidade de frequ\u00eancia: \u00b110ppm.<br \/>\n5. Pot\u00eancia de RF: 10dBm.<span class=\"notranslate immersive-translate-target-wrapper\" lang=\"zh-CN\" style=\"\"><span class=\"notranslate\" style=\"\" data-immersive-translate-translation-element-mark=\"1\">\u00a0<\/span><\/span><br \/>\n6. Resposta de frequ\u00eancia de \u00e1udio: 40~18000Hz.<br \/>\n7. N\u00edvel de distor\u00e7\u00e3o: \u22640,5%.<br \/>\n8. Especifica\u00e7\u00f5es da bateria: bateria de l\u00edtio 18650 de 1200 mAh.<br \/>\n9. Autonomia da bateria: 6 a 10 horas (varia dependendo do tipo e da capacidade da bateria).<br \/>\n10. Dist\u00e2ncia de lan\u00e7amento: 60 metros em recinto fechado, 100 metros em recinto aberto.<span class=\"notranslate immersive-translate-target-wrapper\" lang=\"zh-CN\"><br \/>\n<\/span><\/p>\n<p>Especifica\u00e7\u00f5es t\u00e9cnicas do receptor:<br \/>\n1. Faixa de frequ\u00eancia: Canal A: 610,90~635,40MHz; Canal B: 640,5\u2013669,5MHz.<br \/>\n2. N\u00famero de canais: Canais AB: 30 (estimativa conservadora). O c\u00f3digo de identifica\u00e7\u00e3o muda aleatoriamente durante cada emparelhamento dentro da faixa de frequ\u00eancia definida pelo fabricante.<br \/>\n3. M\u00e9todo de oscila\u00e7\u00e3o: Bloqueio de frequ\u00eancia do chip DSP.<br \/>\n4. Estabilidade de frequ\u00eancia: \u00b110ppm.<br \/>\n5. Sensibilidade de recep\u00e7\u00e3o: -95~-71dBm.<br \/>\n6. Resposta de frequ\u00eancia de \u00e1udio: 40~18000Hz.<br \/>\n7. N\u00edvel de distor\u00e7\u00e3o: \u22640,5%.<br \/>\n8. Rela\u00e7\u00e3o sinal-ru\u00eddo: \u226590dB.<br \/>\n9. Sa\u00edda de \u00e1udio: 350mv (m\u00e1ximo).<br \/>\n10. Especifica\u00e7\u00f5es da bateria: bateria de l\u00edtio 18650.<br \/>\n11. Especifica\u00e7\u00f5es da bateria da caixa receptora: bateria de l\u00edtio 14500. 12. Autonomia da bateria: 6 a 10 horas (varia dependendo do tipo e da capacidade da bateria).<\/p>","protected":false},"excerpt":{"rendered":"<p><strong> 1 Channel <\/strong><\/p>","protected":false},"featured_media":4449,"template":"","meta":[],"product_brand":[308],"product_cat":[309,120],"product_tag":[],"class_list":{"0":"post-4455","1":"product","2":"type-product","3":"status-publish","4":"has-post-thumbnail","6":"product_brand-oem-yh-audio","7":"product_cat-1-channel","8":"product_cat-microphone","10":"first","11":"instock","12":"shipping-taxable","13":"product-type-simple"},"_links":{"self":[{"href":"https:\/\/yh-audio.com\/pt\/wp-json\/wp\/v2\/product\/4455","targetHints":{"allow":["GET"]}}],"collection":[{"href":"https:\/\/yh-audio.com\/pt\/wp-json\/wp\/v2\/product"}],"about":[{"href":"https:\/\/yh-audio.com\/pt\/wp-json\/wp\/v2\/types\/product"}],"version-history":[{"count":2,"href":"https:\/\/yh-audio.com\/pt\/wp-json\/wp\/v2\/product\/4455\/revisions"}],"predecessor-version":[{"id":4519,"href":"https:\/\/yh-audio.com\/pt\/wp-json\/wp\/v2\/product\/4455\/revisions\/4519"}],"wp:featuredmedia":[{"embeddable":true,"href":"https:\/\/yh-audio.com\/pt\/wp-json\/wp\/v2\/media\/4449"}],"wp:attachment":[{"href":"https:\/\/yh-audio.com\/pt\/wp-json\/wp\/v2\/media?parent=4455"}],"wp:term":[{"taxonomy":"product_brand","embeddable":true,"href":"https:\/\/yh-audio.com\/pt\/wp-json\/wp\/v2\/product_brand?post=4455"},{"taxonomy":"product_cat","embeddable":true,"href":"https:\/\/yh-audio.com\/pt\/wp-json\/wp\/v2\/product_cat?post=4455"},{"taxonomy":"product_tag","embeddable":true,"href":"https:\/\/yh-audio.com\/pt\/wp-json\/wp\/v2\/product_tag?post=4455"}],"curies":[{"name":"wp","href":"https:\/\/api.w.org\/{rel}","templated":true}]}}