{"id":4546,"date":"2026-04-01T08:36:21","date_gmt":"2026-04-01T08:36:21","guid":{"rendered":"https:\/\/yh-audio.com\/?post_type=product&#038;p=4546"},"modified":"2026-04-01T08:36:21","modified_gmt":"2026-04-01T08:36:21","slug":"yh-468-wireless-microphone-4-channels","status":"publish","type":"product","link":"https:\/\/yh-audio.com\/pt\/product\/yh-468-wireless-microphone-4-channels\/","title":{"rendered":"Microfone sem fio YH-468 de 4 canais"},"content":{"rendered":"<p><strong>Microfone sem fio YH-468 de 4 canais<\/strong><\/p>\n<p class=\"kmb-live-tag-label kmb-rich-text-paragraph text-selected\">Sistema<\/p>\n<p class=\"kmb-live-tag-label kmb-rich-text-paragraph text-selected\">Modo de oscila\u00e7\u00e3o: sintetizado por PLL<\/p>\n<p class=\"kmb-live-tag-label kmb-rich-text-paragraph text-selected\">Faixa de frequ\u00eancia: 530-950MHz<\/p>\n<p class=\"kmb-live-tag-label kmb-rich-text-paragraph text-selected\">Modulation: FM<\/p>\n<p class=\"kmb-live-tag-label kmb-rich-text-paragraph text-selected\">Desvio m\u00e1ximo: \u00b148 kHz<\/p>\n<p class=\"kmb-live-tag-label kmb-rich-text-paragraph text-selected\">Frequ\u00eancia de \u00e1udio: 50Hz-15KHz<\/p>\n<p class=\"kmb-live-tag-label kmb-rich-text-paragraph text-selected\">THD: \u22641%<\/p>\n<p class=\"kmb-live-tag-label kmb-rich-text-paragraph text-selected\">Temperatura de opera\u00e7\u00e3o: 0\u00b0C a +40\u00b0C<\/p>\n<p class=\"kmb-live-tag-label kmb-rich-text-paragraph text-selected\">\n<p class=\"kmb-live-tag-label kmb-rich-text-paragraph text-selected\">Receiver<\/p>\n<p class=\"kmb-live-tag-label kmb-rich-text-paragraph text-selected\">Sensibilidade: 7dBuV (&gt;78dB)<\/p>\n<p class=\"kmb-live-tag-label kmb-rich-text-paragraph text-selected\">Faixa de sensibilidade: 30 dBuV<\/p>\n<p class=\"kmb-live-tag-label kmb-rich-text-paragraph text-selected\">Supressor de RF?\u226575dB<\/p>\n<p class=\"kmb-live-tag-label kmb-rich-text-paragraph text-selected\">N\u00edvel de sa\u00edda de \u00e1udio? Sa\u00edda balanceada: -20dBV\/100\u03a9; Sa\u00edda de microfone: -12dBV\/5K\u03a9<\/p>\n<p class=\"kmb-live-tag-label kmb-rich-text-paragraph text-selected\">Alimenta\u00e7\u00e3o: DC12<\/p>\n<p class=\"kmb-live-tag-label kmb-rich-text-paragraph text-selected\">Pot\u00eancia de trabalho: 1000mA<\/p>\n<p class=\"kmb-live-tag-label kmb-rich-text-paragraph text-selected\">\n<p class=\"kmb-live-tag-label kmb-rich-text-paragraph text-selected\">Transmissor<\/p>\n<p class=\"kmb-live-tag-label kmb-rich-text-paragraph text-selected\">Pot\u00eancia de sa\u00edda de RF: 10mW<\/p>\n<p class=\"kmb-live-tag-label kmb-rich-text-paragraph text-selected\">Supressor de RF: -55dB<\/p>\n<p class=\"kmb-live-tag-label kmb-rich-text-paragraph text-selected\">Bateria: 1,5V x 2 (comprar)<\/p>\n<p class=\"kmb-live-tag-label kmb-rich-text-paragraph text-selected\">Padr\u00e3o de capta\u00e7\u00e3o: Din\u00e2mico<\/p>","protected":false},"excerpt":{"rendered":"<h2><strong>4 Channels<\/strong><\/h2>","protected":false},"featured_media":4427,"template":"","meta":[],"product_brand":[308],"product_cat":[310,120],"product_tag":[],"class_list":{"0":"post-4546","1":"product","2":"type-product","3":"status-publish","4":"has-post-thumbnail","6":"product_brand-oem-yh-audio","7":"product_cat-4-channels","8":"product_cat-microphone","10":"first","11":"instock","12":"shipping-taxable","13":"product-type-simple"},"_links":{"self":[{"href":"https:\/\/yh-audio.com\/pt\/wp-json\/wp\/v2\/product\/4546","targetHints":{"allow":["GET"]}}],"collection":[{"href":"https:\/\/yh-audio.com\/pt\/wp-json\/wp\/v2\/product"}],"about":[{"href":"https:\/\/yh-audio.com\/pt\/wp-json\/wp\/v2\/types\/product"}],"version-history":[{"count":1,"href":"https:\/\/yh-audio.com\/pt\/wp-json\/wp\/v2\/product\/4546\/revisions"}],"predecessor-version":[{"id":4552,"href":"https:\/\/yh-audio.com\/pt\/wp-json\/wp\/v2\/product\/4546\/revisions\/4552"}],"wp:featuredmedia":[{"embeddable":true,"href":"https:\/\/yh-audio.com\/pt\/wp-json\/wp\/v2\/media\/4427"}],"wp:attachment":[{"href":"https:\/\/yh-audio.com\/pt\/wp-json\/wp\/v2\/media?parent=4546"}],"wp:term":[{"taxonomy":"product_brand","embeddable":true,"href":"https:\/\/yh-audio.com\/pt\/wp-json\/wp\/v2\/product_brand?post=4546"},{"taxonomy":"product_cat","embeddable":true,"href":"https:\/\/yh-audio.com\/pt\/wp-json\/wp\/v2\/product_cat?post=4546"},{"taxonomy":"product_tag","embeddable":true,"href":"https:\/\/yh-audio.com\/pt\/wp-json\/wp\/v2\/product_tag?post=4546"}],"curies":[{"name":"wp","href":"https:\/\/api.w.org\/{rel}","templated":true}]}}